{"id":753460,"date":"2025-08-28T05:44:14","date_gmt":"2025-08-28T02:44:14","guid":{"rendered":"https:\/\/roveyayinevi.com.tr\/index.php\/urun\/asurlular-2\/"},"modified":"2026-04-16T03:06:48","modified_gmt":"2026-04-16T00:06:48","slug":"asurlular-2","status":"publish","type":"product","link":"https:\/\/roveyayinevi.com.tr\/index.php\/urun\/asurlular-2\/","title":{"rendered":"Asurlular"},"content":{"rendered":"<p>MEZOPOTAMYA\u2019NIN H\u00c2K\u0130M\u0130 ANT\u0130K \u00c7A\u011e\u2019IN S\u00dcPER G\u00dcC\u00dc\u2026   Asurlular, Antik \u00c7a\u011f\u2019\u0131n bilinen ilk evrensel imparatorlu\u011funu kurdular. Asur \u0130mparatorlu\u011fu g\u00fcc\u00fcn\u00fcn zirvesindeyken topraklar\u0131 Bat\u0131 \u0130ran\u2019dan Akdeniz\u2019e, Anadolu\u2019dan Suriye-Arap \u00e7\u00f6llerine de\u011fin uzan\u0131yordu. Hatta bir d\u00f6nem M\u0131s\u0131r\u2019\u0131 dahi topraklar\u0131na katmay\u0131 ba\u015farm\u0131\u015flard\u0131.   Mezopotamya\u2019n\u0131n bu b\u00fcy\u00fck imparatorlu\u011fu yaln\u0131zca asker\u00ee bir devlet olmam\u0131\u015f, ayn\u0131 zamanda b\u00fcy\u00fck k\u00fct\u00fcphaneleri, botanik ve hayvanat bah\u00e7elerini ilk kez kurmu\u015f, sosyal ve dini reformlar ger\u00e7ekle\u015ftirmi\u015flerdi. Asurlular\u0131n bu k\u00fclt\u00fcrel at\u0131l\u0131mlar\u0131, asker\u00ee ba\u015far\u0131lar\u0131n\u0131 ta\u00e7land\u0131rm\u0131\u015f ve h\u00fck\u00fcmdarlar\u0131n\u0131n g\u00f6rkemli bir \u015fekilde y\u00fczlerce y\u0131l h\u00fck\u00fcm s\u00fcrmesine olanak sa\u011flam\u0131\u015ft\u0131.   Tarih\u00e7i Josette Elayi, Antik \u00c7a\u011f\u2019\u0131n unutulan b\u00fcy\u00fck imparatorlu\u011funu tekrar hat\u0131rlat\u0131yor ve insanl\u0131\u011fa etkilerini geni\u015f \u00e7apta inceliyor. Son arkeolojik ke\u015fiflerle zenginle\u015ftirdi\u011fi \u00e7al\u0131\u015fmas\u0131yla Asurlular\u0131 tarihin tozlu raflar\u0131ndan \u00e7\u0131karan Elayi, \u0130srail Krall\u0131\u011f\u0131\u2019n\u0131n y\u0131k\u0131l\u0131\u015f\u0131, Asurlular\u0131n en b\u00fcy\u00fck rakibi Babillilerle olan m\u00fccadeleleri, Anadolu\u2019ya yay\u0131l\u0131\u015flar\u0131 ve M\u0131s\u0131r\u2019\u0131 boyunduruk alt\u0131na almalar\u0131 gibi tarihe damga vuran \u00f6nemli hadiseleri ustal\u0131kla irdeliyor.   Elayi, krallar\u0131n ve fatihlerin h\u00fck\u00fcm s\u00fcrd\u00fc\u011f\u00fc, tarihi dokusunun asker\u00ee h\u00fcner ve k\u00fclt\u00fcrel deha \u00f6yk\u00fcleriyle \u00f6r\u00fcld\u00fc\u011f\u00fc bu b\u00fcy\u00fck imparatorlu\u011fu ad\u0131m ad\u0131m takip etmenizi sa\u011fl\u0131yor. Ak\u0131c\u0131 anlat\u0131m\u0131yla Asur\u2019un m\u00fctevaz\u0131 ba\u015flang\u0131c\u0131n\u0131, egemenli\u011fini geni\u015f co\u011frafyalara yay\u0131\u015f\u0131n\u0131, g\u00fcc\u00fcn\u00fcn doruklar\u0131na \u00e7\u0131karak ad\u0131n\u0131 tarihe silinmez \u015fekilde kaz\u0131y\u0131\u015f\u0131n\u0131 maharetle anlat\u0131yor. Asurlular: Antik \u00c7a\u011f\u2019\u0131n \u0130lk \u0130mparatorlu\u011fu, klasik bir tarih anlat\u0131s\u0131ndan ziyade entrika ve yeniliklerle dolu ge\u00e7mi\u015fe a\u00e7\u0131lan bir kap\u0131. Josette Elayi, Antik \u00c7a\u011f\u2019\u0131n gizemini ke\u015ffetmek isteyen herkesi tarihin koridorlar\u0131nda s\u00fcr\u00fckleyici bir gezintiye \u00e7\u0131kararak Asur \u0130mparatorlu\u011fu\u2019nun hayranl\u0131k verici hik\u00e2yesini g\u00f6zler \u00f6n\u00fcne seriyor.<\/p>\n","protected":false},"excerpt":{"rendered":"<p>MEZOPOTAMYA\u2019NIN H\u00c2K\u0130M\u0130 ANT\u0130K \u00c7A\u011e\u2019IN S\u00dcPER G\u00dcC\u00dc\u2026 Asurlular, Antik \u00c7a\u011f\u2019\u0131n bilinen ilk evrensel imparatorlu\u011funu kurdular. Asur \u0130mparatorlu\u011fu g\u00fcc\u00fcn\u00fcn zirvesindeyken topraklar\u0131 Bat\u0131 \u0130ran\u2019dan Akdeniz\u2019e, Anadolu\u2019dan Suriye-Arap \u00e7\u00f6llerine de\u011fin<span class=\"excerpt-hellip\"> [\u2026]<\/span><\/p>\n","protected":false},"featured_media":0,"template":"","meta":{"_monsterinsights_skip_tracking":false,"_monsterinsights_sitenote_active":false,"_monsterinsights_sitenote_note":"","_monsterinsights_sitenote_category":0},"product_brand":[],"product_cat":[12304],"product_tag":[],"class_list":{"0":"post-753460","1":"product","2":"type-product","3":"status-publish","5":"product_cat-tarih","6":"pa_cilt-ciltsiz","7":"pa_tur-kitap","8":"pa_yayinevi-kronik-kitap","9":"pa_yazar-josette-elayi","11":"first","12":"instock","13":"sale","14":"shipping-taxable","15":"purchasable","16":"product-type-simple"},"_links":{"self":[{"href":"https:\/\/roveyayinevi.com.tr\/index.php\/wp-json\/wp\/v2\/product\/753460","targetHints":{"allow":["GET"]}}],"collection":[{"href":"https:\/\/roveyayinevi.com.tr\/index.php\/wp-json\/wp\/v2\/product"}],"about":[{"href":"https:\/\/roveyayinevi.com.tr\/index.php\/wp-json\/wp\/v2\/types\/product"}],"wp:attachment":[{"href":"https:\/\/roveyayinevi.com.tr\/index.php\/wp-json\/wp\/v2\/media?parent=753460"}],"wp:term":[{"taxonomy":"product_brand","embeddable":true,"href":"https:\/\/roveyayinevi.com.tr\/index.php\/wp-json\/wp\/v2\/product_brand?post=753460"},{"taxonomy":"product_cat","embeddable":true,"href":"https:\/\/roveyayinevi.com.tr\/index.php\/wp-json\/wp\/v2\/product_cat?post=753460"},{"taxonomy":"product_tag","embeddable":true,"href":"https:\/\/roveyayinevi.com.tr\/index.php\/wp-json\/wp\/v2\/product_tag?post=753460"}],"curies":[{"name":"wp","href":"https:\/\/api.w.org\/{rel}","templated":true}]}}