{"id":753459,"date":"2025-08-28T05:44:13","date_gmt":"2025-08-28T02:44:13","guid":{"rendered":"https:\/\/roveyayinevi.com.tr\/index.php\/urun\/enver-pasanin-esi-naciye-sultanin-hatiralari\/"},"modified":"2026-04-16T03:06:48","modified_gmt":"2026-04-16T00:06:48","slug":"enver-pasanin-esi-naciye-sultanin-hatiralari","status":"publish","type":"product","link":"https:\/\/roveyayinevi.com.tr\/index.php\/urun\/enver-pasanin-esi-naciye-sultanin-hatiralari\/","title":{"rendered":"Enver Pa\u015fa\u2019n\u0131n E\u015fi Naciye Sultan\u2019\u0131n Hat\u0131ralar\u0131"},"content":{"rendered":"<p>Enver Pa\u015fa\u2019n\u0131n E\u015fi Naciye Sultan\u2019\u0131n Hat\u0131ralar\u0131\u201cEnver Pa\u015fa kendisi i\u00e7in de\u011fil, evvel\u00e2 memleket sonra da benim i\u00e7in ya\u015fad\u0131. Bunu s\u00f6ylemekle kendime bir p\u00e2ye vermek istemiyorum. Bu adam kiminle evlenmi\u015f olsayd\u0131, muhakkak surette sevdi\u011fi ve beraber ya\u015fad\u0131\u011f\u0131 kad\u0131n\u0131 bahtiyar ederdi. D\u00fcnyada Enver Pa\u015fa kadar memlekete ve ailesine ba\u011fl\u0131 az erkek vard\u0131r. En meyus (\u00fczg\u00fcn) zamanlar\u0131nda bile eve geldi\u011fi vakit d\u0131\u015far\u0131daki da\u011fda\u011fal\u0131 ve \u00fcz\u00fcnt\u00fcl\u00fc havay\u0131 beraberinde getirmezdi. Herkes taraf\u0131ndan ma\u011frur ve ha\u015fin olarak tan\u0131nan kocam, d\u00fcnyan\u0131n en munis ve m\u00fctevaz\u0131 insan\u0131yd\u0131. Azametten \u00e7ok uzakt\u0131. Belki bilmeyerek ve istemeyerek, memleket hesab\u0131na birtak\u0131m politika hatalar\u0131 yapm\u0131\u015f olabilir, fakat vatan\u0131na \u00e2\u015f\u0131kt\u0131, kendine g\u00f6re kurdu\u011fu ve do\u011fru buldu\u011fu bir ideal i\u00e7in sonuna kadar \u00e7al\u0131\u015fm\u0131\u015ft\u0131r.\u201d NAC\u0130YE SULTANOsmanl\u0131 \u0130mparatorlu\u011fu\u2019nun t\u00fcm g\u00fcc\u00fcyle ayakta kalmaya \u00e7al\u0131\u015ft\u0131\u011f\u0131 o son d\u00f6nemde Enver Pa\u015fa ismi daima \u00f6n plandad\u0131r. O, \u0130ttihat ve Terakki Cemiyeti\u2019ndeki liderli\u011fiyle, I. D\u00fcnya Sava\u015f\u0131&#8217;ndaki etkinli\u011fiyle, Harbiye Naz\u0131r\u0131 ve Ba\u015fkumandan Vekili olarak \u00fcstlendi\u011fi vazifelerle imparatorlu\u011fun tarih sahnesinden \u00e7ekilmeden \u00f6nceki son b\u00fcy\u00fck komutanlar\u0131ndan biridir. \u00d6te yandan, 1914&#8217;te Naciye Sultan&#8217;la evlenerek Osmanl\u0131 Hanedan\u0131&#8217;na damat da olmu\u015ftur.Mektuplar\u0131n ve hat\u0131ralar\u0131n izi s\u00fcr\u00fcld\u00fc\u011f\u00fcnde, Enver Pa\u015fa ile Naciye Sultan\u2019\u0131n aras\u0131ndaki b\u00fcy\u00fck a\u015fk\u0131n i\u00e7inde memleket sevdas\u0131, hasret, asalet, sadakat, zarafet gibi b\u00fcy\u00fck erdemleri g\u00f6rmek m\u00fcmk\u00fcnd\u00fcr. Naciye Sultan; Enver Pa\u015fa\u2019n\u0131n hem yolda\u015f\u0131 hem de s\u0131rda\u015f\u0131d\u0131r. O, Sultan Abd\u00fclmecid\u2019in torunu ve \u015eehzade S\u00fcleyman Efendi\u2019nin k\u0131z\u0131 olmas\u0131 sebebiyle bir sarayl\u0131d\u0131r. Dolay\u0131s\u0131yla 3 Mart 1924\u2019te hilafetin ilga edilmesinin ard\u0131ndan yurt d\u0131\u015f\u0131na s\u00fcrg\u00fcne g\u00f6nderilen hanedan \u00fcyelerinden de biridir. Naciye Sultan\u2019\u0131n elinizdeki hat\u0131rat\u0131; saray hayat\u0131, evlilikler, Enver Pa\u015fa\u2019n\u0131n \u015fahsi hayat\u0131, s\u00fcrg\u00fcn y\u0131llar\u0131, de\u011fi\u015fen \u0130stanbul ve insanlar \u00fczerine \u00f6nemli bilgiler i\u00e7ermesinin yan\u0131 s\u0131ra, zahmetli hayat\u0131na ra\u011fmen \u00e7ocuklar\u0131n\u0131n m\u00fckemmel bi\u00e7imde yeti\u015fmeleri, y\u00fcksek tahsilli ve meslek sahibi, k\u00fclt\u00fcrl\u00fc ki\u015filer olmalar\u0131 i\u00e7in bir sarayl\u0131n\u0131n g\u00f6sterdi\u011fi gayretlere dair de bulunmaz bir kaynakt\u0131r. <\/p>\n","protected":false},"excerpt":{"rendered":"<p>Enver Pa\u015fa\u2019n\u0131n E\u015fi Naciye Sultan\u2019\u0131n Hat\u0131ralar\u0131\u201cEnver Pa\u015fa kendisi i\u00e7in de\u011fil, evvel\u00e2 memleket sonra da benim i\u00e7in ya\u015fad\u0131. Bunu s\u00f6ylemekle kendime bir p\u00e2ye vermek istemiyorum. Bu adam<span class=\"excerpt-hellip\"> [\u2026]<\/span><\/p>\n","protected":false},"featured_media":0,"template":"","meta":{"_monsterinsights_skip_tracking":false,"_monsterinsights_sitenote_active":false,"_monsterinsights_sitenote_note":"","_monsterinsights_sitenote_category":0},"product_brand":[],"product_cat":[12304],"product_tag":[],"class_list":{"0":"post-753459","1":"product","2":"type-product","3":"status-publish","5":"product_cat-tarih","6":"pa_cilt-ciltsiz","7":"pa_tur-kitap","8":"pa_yayinevi-kronik-kitap","9":"pa_yazar-naciye-sultan","11":"first","12":"instock","13":"sale","14":"shipping-taxable","15":"purchasable","16":"product-type-simple"},"_links":{"self":[{"href":"https:\/\/roveyayinevi.com.tr\/index.php\/wp-json\/wp\/v2\/product\/753459","targetHints":{"allow":["GET"]}}],"collection":[{"href":"https:\/\/roveyayinevi.com.tr\/index.php\/wp-json\/wp\/v2\/product"}],"about":[{"href":"https:\/\/roveyayinevi.com.tr\/index.php\/wp-json\/wp\/v2\/types\/product"}],"wp:attachment":[{"href":"https:\/\/roveyayinevi.com.tr\/index.php\/wp-json\/wp\/v2\/media?parent=753459"}],"wp:term":[{"taxonomy":"product_brand","embeddable":true,"href":"https:\/\/roveyayinevi.com.tr\/index.php\/wp-json\/wp\/v2\/product_brand?post=753459"},{"taxonomy":"product_cat","embeddable":true,"href":"https:\/\/roveyayinevi.com.tr\/index.php\/wp-json\/wp\/v2\/product_cat?post=753459"},{"taxonomy":"product_tag","embeddable":true,"href":"https:\/\/roveyayinevi.com.tr\/index.php\/wp-json\/wp\/v2\/product_tag?post=753459"}],"curies":[{"name":"wp","href":"https:\/\/api.w.org\/{rel}","templated":true}]}}