{"id":753457,"date":"2025-08-28T05:44:11","date_gmt":"2025-08-28T02:44:11","guid":{"rendered":"https:\/\/roveyayinevi.com.tr\/index.php\/urun\/antik-roma-infografik\/"},"modified":"2026-04-16T03:06:48","modified_gmt":"2026-04-16T00:06:48","slug":"antik-roma-infografik","status":"publish","type":"product","link":"https:\/\/roveyayinevi.com.tr\/index.php\/urun\/antik-roma-infografik\/","title":{"rendered":"Antik Roma: \u0130nfografik"},"content":{"rendered":"<p>ANT\u0130K ROMA DAHA \u00d6NCE H\u0130\u00c7 B\u00d6YLE ANLATILMADI.   ZEK\u0130CE TASARLANAN GRAF\u0130KLER, D\u0130YAGRAMLAR VE TABLOLARLA ALI\u015eILDIK ANLATIM KALIPLARINI YIKAN ANT\u0130K ROMA: \u0130NFOGRAF\u0130K, OKUYUCUYA VER\u0130LERE DAYALI G\u00d6RSEL B\u0130R \u015e\u00d6LEN SUNUYOR. \u2022 Y\u00dcZLERCE \u00c7\u0130Z\u0130M \u2022 \u00c7OK SAYIDA GRAF\u0130K \u2022 TAKT\u0130K HAR\u0130TALAR \u2022 B\u0130NLERCE \u0130STAT\u0130ST\u0130K \u2022 G\u00dc\u00c7 DENGELER\u0130N\u0130 ANLATAN TABLOLAR \u2022 S\u0130YAS\u00ce, ASKER\u00ce VE EKONOM\u0130K \u0130L\u0130\u015eK\u0130LERE DA\u0130R D\u0130YAGRAMLAR   Antik Roma\u2019ya dair elimizdeki veriler, yeni bilimsel bulu\u015flarla birlikte artmaya devam ediyor. Fakat bu verilerin \u00e7e\u015fitli kaynaklarda da\u011f\u0131n\u0131k halde bulunmas\u0131, Roma\u2019y\u0131 ve Roma\u2019n\u0131n d\u00fcnyay\u0131 ne denli etkiledi\u011fini anlamam\u0131z\u0131 zorla\u015ft\u0131r\u0131yor. ANT\u0130K ROMA: \u0130NFOGRAF\u0130K ise okurlar\u0131n bu zorluklar\u0131 ya\u015famas\u0131n\u0131n \u00f6n\u00fcne ge\u00e7meyi ve derli toplu genel bir perspektif sunmay\u0131 ama\u00e7l\u0131yor. Roma\u2019y\u0131 al\u0131\u015f\u0131lageldik \u015fekilde bir imparatorluk olarak anlatmaktan \u00e7ok daha fazlas\u0131n\u0131 sunan, Roma\u2019n\u0131n bir \u015fehir olarak ilk ortaya \u00e7\u0131k\u0131\u015f\u0131, cumhuriyete ge\u00e7i\u015fi, mimarisi, sosyal hayat\u0131, ekonomisi, asker\u00ee sistemi, lejyonlar\u0131 gibi konularla bu antik devi ba\u015ftan a\u015fa\u011f\u0131ya anlatan ANT\u0130K ROMA: \u0130NFOGRAF\u0130K, tarihseverlerin g\u00f6z\u00fcnde renkli bir Roma canlanmas\u0131n\u0131 sa\u011fl\u0131yor. \u201cBu infografik yakla\u015f\u0131m, edebiyat, resim ve filmlerde oldu\u011fu gibi Roma\u2019y\u0131 anlamak ad\u0131na yap\u0131lan g\u00f6rsel sanatlar\u0131n bir tamamlay\u0131c\u0131s\u0131 olarak g\u00f6r\u00fclmeli. Roma\u2019n\u0131n ihti\u015fam\u0131, k\u00fclt\u00fcr\u00fc, zenginli\u011fi ve g\u00fcc\u00fcn\u00fcn yan\u0131 s\u0131ra, uygulanan titiz bilgi tasar\u0131m\u0131 imparatorlu\u011fun b\u00fcy\u00fck lojisti\u011fini de anlamam\u0131za yard\u0131mc\u0131 oluyor. Kullan\u0131lan grafikler ve in\u015fa edilen ak\u0131\u015f, ge\u00e7irdi\u011fi merhaleleri de g\u00f6zler \u00f6n\u00fcne sererken Roma\u2019y\u0131 do\u011fan, geli\u015fen ve b\u00fcy\u00fcyen bir varl\u0131k olarak g\u00f6rmemizi sa\u011fl\u0131yor. Tah\u0131l tedariki, b\u00fct\u00e7e sistemi, asker\u00ee yap\u0131 gibi konularla birlikte erkeklerin, kad\u0131nlar\u0131n, askerlerin ve k\u00f6lelerin haklar\u0131 ve rollerine dair bilgiler edinmemizi sa\u011fl\u0131yor.\u201d \u2013 Hyperallergic <\/p>\n","protected":false},"excerpt":{"rendered":"<p>ANT\u0130K ROMA DAHA \u00d6NCE H\u0130\u00c7 B\u00d6YLE ANLATILMADI. ZEK\u0130CE TASARLANAN GRAF\u0130KLER, D\u0130YAGRAMLAR VE TABLOLARLA ALI\u015eILDIK ANLATIM KALIPLARINI YIKAN ANT\u0130K ROMA: \u0130NFOGRAF\u0130K, OKUYUCUYA VER\u0130LERE DAYALI G\u00d6RSEL B\u0130R \u015e\u00d6LEN<span class=\"excerpt-hellip\"> [\u2026]<\/span><\/p>\n","protected":false},"featured_media":0,"template":"","meta":{"_monsterinsights_skip_tracking":false,"_monsterinsights_sitenote_active":false,"_monsterinsights_sitenote_note":"","_monsterinsights_sitenote_category":0},"product_brand":[],"product_cat":[12304],"product_tag":[],"class_list":{"0":"post-753457","1":"product","2":"type-product","3":"status-publish","5":"product_cat-tarih","6":"pa_cilt-ciltsiz","7":"pa_tur-kitap","8":"pa_yayinevi-kronik-kitap","9":"pa_yazar-nicolas-guillerat-john-scheid-milan-melocco","11":"first","12":"instock","13":"sale","14":"shipping-taxable","15":"purchasable","16":"product-type-simple"},"_links":{"self":[{"href":"https:\/\/roveyayinevi.com.tr\/index.php\/wp-json\/wp\/v2\/product\/753457","targetHints":{"allow":["GET"]}}],"collection":[{"href":"https:\/\/roveyayinevi.com.tr\/index.php\/wp-json\/wp\/v2\/product"}],"about":[{"href":"https:\/\/roveyayinevi.com.tr\/index.php\/wp-json\/wp\/v2\/types\/product"}],"wp:attachment":[{"href":"https:\/\/roveyayinevi.com.tr\/index.php\/wp-json\/wp\/v2\/media?parent=753457"}],"wp:term":[{"taxonomy":"product_brand","embeddable":true,"href":"https:\/\/roveyayinevi.com.tr\/index.php\/wp-json\/wp\/v2\/product_brand?post=753457"},{"taxonomy":"product_cat","embeddable":true,"href":"https:\/\/roveyayinevi.com.tr\/index.php\/wp-json\/wp\/v2\/product_cat?post=753457"},{"taxonomy":"product_tag","embeddable":true,"href":"https:\/\/roveyayinevi.com.tr\/index.php\/wp-json\/wp\/v2\/product_tag?post=753457"}],"curies":[{"name":"wp","href":"https:\/\/api.w.org\/{rel}","templated":true}]}}