{"id":753452,"date":"2025-08-28T05:44:05","date_gmt":"2025-08-28T02:44:05","guid":{"rendered":"https:\/\/roveyayinevi.com.tr\/index.php\/urun\/muhaberatin-yetimleri\/"},"modified":"2026-04-16T03:06:48","modified_gmt":"2026-04-16T00:06:48","slug":"muhaberatin-yetimleri","status":"publish","type":"product","link":"https:\/\/roveyayinevi.com.tr\/index.php\/urun\/muhaberatin-yetimleri\/","title":{"rendered":"Muhaberat\u0131n Yetimleri"},"content":{"rendered":"<p>\u0130lahi maksad\u0131m sensin ve amac\u0131m senin r\u0131zan\u0131 kazanmak. Sadece diliyle de\u011fil kalben de bu yemini etmi\u015f ve ne pahas\u0131na olursa olsun tutmu\u015flar\u0131n hayat\u0131ndan ve baz\u0131 bilinmezleri kurgulamaktan ibaret olacak bir kitap yazmak istedim. Hadsizli\u011fim ve yetersizli\u011fimin afv edilmesini okuyanlardan arz ederim. Yazd\u0131klar\u0131mda do\u011fru ve g\u00fczel ne varsa Allah\u2019\u0131n inayeti ve Sadat-\u0131 Kiram\u2019\u0131n himmetindendir. Yanl\u0131\u015f ve hatalar nefsimizdendir.   Y\u00e2re Yakt\u0131n beni bir kor gibi k\u0131zg\u0131n k\u00fcle d\u00f6nd\u00fcm, Candan da \u015firin sevgilinin bir nazar\u0131nda. Tuttum elini bir kere ben \u00f6lmeden \u00f6ld\u00fcm, G\u00f6rd\u00fcm nice hikmetleri \u015fahlar hisar\u0131nda.   Bir menzile vard\u0131m ki o menzilden \u00f6teydi, \u0130zah edemem akl\u0131ma ben bendeki meyli. Varl\u0131kt\u0131 ne yokluktu bu bir demden ibaret, \u015eol s\u00fcrmeli g\u00f6zlerdi ki hi\u00e7 bitmeyen hasret.   A\u015fk\u0131nla s\u0131\u011f\u0131nsam sana her c\u00fcrm\u00fcm\u00fc alsan, Candan da \u015firin sevgili her yanda sen olsan. Haller belirirken yine ruhum \u00e7\u0131k\u0131p ar\u015fa, Matlubunu \u0131smarlasa ukbadaki ha\u015fra. Ahmedi <\/p>\n","protected":false},"excerpt":{"rendered":"<p>\u0130lahi maksad\u0131m sensin ve amac\u0131m senin r\u0131zan\u0131 kazanmak. Sadece diliyle de\u011fil kalben de bu yemini etmi\u015f ve ne pahas\u0131na olursa olsun tutmu\u015flar\u0131n hayat\u0131ndan ve baz\u0131 bilinmezleri<span class=\"excerpt-hellip\"> [\u2026]<\/span><\/p>\n","protected":false},"featured_media":0,"template":"","meta":{"_monsterinsights_skip_tracking":false,"_monsterinsights_sitenote_active":false,"_monsterinsights_sitenote_note":"","_monsterinsights_sitenote_category":0},"product_brand":[],"product_cat":[12291,12711],"product_tag":[],"class_list":{"0":"post-753452","1":"product","2":"type-product","3":"status-publish","5":"product_cat-edebiyat","6":"product_cat-roman-oyku","7":"pa_cilt-ciltsiz","8":"pa_tur-kitap","9":"pa_yayinevi-zet-yayinlari","10":"pa_yazar-ahmedi-mahmut-alkan","12":"first","13":"instock","14":"sale","15":"shipping-taxable","16":"purchasable","17":"product-type-simple"},"_links":{"self":[{"href":"https:\/\/roveyayinevi.com.tr\/index.php\/wp-json\/wp\/v2\/product\/753452","targetHints":{"allow":["GET"]}}],"collection":[{"href":"https:\/\/roveyayinevi.com.tr\/index.php\/wp-json\/wp\/v2\/product"}],"about":[{"href":"https:\/\/roveyayinevi.com.tr\/index.php\/wp-json\/wp\/v2\/types\/product"}],"wp:attachment":[{"href":"https:\/\/roveyayinevi.com.tr\/index.php\/wp-json\/wp\/v2\/media?parent=753452"}],"wp:term":[{"taxonomy":"product_brand","embeddable":true,"href":"https:\/\/roveyayinevi.com.tr\/index.php\/wp-json\/wp\/v2\/product_brand?post=753452"},{"taxonomy":"product_cat","embeddable":true,"href":"https:\/\/roveyayinevi.com.tr\/index.php\/wp-json\/wp\/v2\/product_cat?post=753452"},{"taxonomy":"product_tag","embeddable":true,"href":"https:\/\/roveyayinevi.com.tr\/index.php\/wp-json\/wp\/v2\/product_tag?post=753452"}],"curies":[{"name":"wp","href":"https:\/\/api.w.org\/{rel}","templated":true}]}}