{"id":753447,"date":"2025-08-28T05:43:57","date_gmt":"2025-08-28T02:43:57","guid":{"rendered":"https:\/\/roveyayinevi.com.tr\/index.php\/urun\/modern-dunya-ilmihali\/"},"modified":"2026-04-16T03:06:47","modified_gmt":"2026-04-16T00:06:47","slug":"modern-dunya-ilmihali","status":"publish","type":"product","link":"https:\/\/roveyayinevi.com.tr\/index.php\/urun\/modern-dunya-ilmihali\/","title":{"rendered":"Modern D\u00fcnya \u0130lmihali"},"content":{"rendered":"<p>Dokuz y\u0131ll\u0131k bir tefekk\u00fcr ve tahrir s\u00fcrecinin h\u00fclasas\u0131 olan bu eser, g\u00fcn\u00fcm\u00fcz\u00fcn gen\u00e7 M\u00fcsl\u00fcman zihinlerini me\u015fgul eden bir dizi \u00f6nemli meseleden yola \u00e7\u0131k\u0131yor. Ultra modern bir \u00e7a\u011fda iman\u0131n bizden talep ettiklerinden \u00e7a\u011fda\u015f ve kurumsal e\u011fitim sisteminin bireylerde yol a\u00e7t\u0131\u011f\u0131 \u00e7\u0131kmazlara kadar, bug\u00fcn M\u00fcsl\u00fcman fertlerin g\u00fcnl\u00fck hayatta s\u0131k\u00e7a muhatap olduklar\u0131 soru ve krizler ile girdikleri aray\u0131\u015flar kar\u015f\u0131s\u0131nda istifade edebilecekleri \u00e7\u0131k\u0131\u015f yollar\u0131 \u00fczerinde duruyor. Dahas\u0131, s\u00f6z konusu meseleler caizdir\/ de\u011fildir indirgemecili\u011finden ya da ilgili tart\u0131\u015fmalar\u0131n al\u0131\u015f\u0131lagelmi\u015f kolayc\u0131l\u0131\u011f\u0131ndan uzak, d\u00fcnyadaki geli\u015fmeleri yak\u0131ndan takip eden bir bak\u0131\u015f\u0131n oda\u011f\u0131nda ele al\u0131n\u0131yor.   Bu anlamda, kitab\u0131n ilk b\u00f6l\u00fcm\u00fcnde, inan\u00e7 d\u00fcnyam\u0131z\u0131 olu\u015fturan birtak\u0131m k\u00f6kl\u00fc kavramlar yeniden a\u00e7\u0131klan\u0131yor. Ard\u0131ndan, dinin temelini olu\u015fturan pratiklerin hikmet ve mana itibar\u0131yla haiz oldu\u011fu incelikler nazar\u0131dikkate al\u0131n\u0131yor. Nihayetinde ise, modern d\u00fcnya taraf\u0131ndan dayat\u0131lan ve sorgusuz sualsiz benimsenen baz\u0131 pop\u00fcler de\u011fer ve mefhumlar\u0131n ele\u015ftirisine yer verilirken M\u00fcsl\u00fcman ferdin ve toplumun in\u015fas\u0131 i\u00e7in icap eden \u015fahsiyet, d\u00fc\u015f\u00fcnce, tav\u0131r ve davran\u0131\u015f modellerine i\u015faret ediliyor. Gelenek ve modernitenin bir muhasebesi niteli\u011findeki Modern D\u00fcnya \u0130lmihali, \u00f6zellikle gen\u00e7 neslin M\u00fcsl\u00fcman fertlerinin modern d\u00fcnya i\u00e7indeki g\u00fcnl\u00fck yolculuklar\u0131nda ku\u015fanabilecekleri temel \u015fuur ve donan\u0131m i\u00e7in gereken ilmi m\u00fcktesebat\u0131 kapsaml\u0131 bir \u00e7er\u00e7evede i\u00e7tenlikle payla\u015f\u0131yor.<\/p>\n","protected":false},"excerpt":{"rendered":"<p>Dokuz y\u0131ll\u0131k bir tefekk\u00fcr ve tahrir s\u00fcrecinin h\u00fclasas\u0131 olan bu eser, g\u00fcn\u00fcm\u00fcz\u00fcn gen\u00e7 M\u00fcsl\u00fcman zihinlerini me\u015fgul eden bir dizi \u00f6nemli meseleden yola \u00e7\u0131k\u0131yor. Ultra modern bir<span class=\"excerpt-hellip\"> [\u2026]<\/span><\/p>\n","protected":false},"featured_media":0,"template":"","meta":{"_monsterinsights_skip_tracking":false,"_monsterinsights_sitenote_active":false,"_monsterinsights_sitenote_note":"","_monsterinsights_sitenote_category":0},"product_brand":[],"product_cat":[12718,12719],"product_tag":[],"class_list":{"0":"post-753447","1":"product","2":"type-product","3":"status-publish","5":"product_cat-din","6":"product_cat-islam","7":"pa_cilt-ciltsiz","8":"pa_tur-kitap","9":"pa_yayinevi-ketebe-yayinlari","10":"pa_yazar-muhammed-yazici","12":"first","13":"instock","14":"sale","15":"shipping-taxable","16":"purchasable","17":"product-type-simple"},"_links":{"self":[{"href":"https:\/\/roveyayinevi.com.tr\/index.php\/wp-json\/wp\/v2\/product\/753447","targetHints":{"allow":["GET"]}}],"collection":[{"href":"https:\/\/roveyayinevi.com.tr\/index.php\/wp-json\/wp\/v2\/product"}],"about":[{"href":"https:\/\/roveyayinevi.com.tr\/index.php\/wp-json\/wp\/v2\/types\/product"}],"wp:attachment":[{"href":"https:\/\/roveyayinevi.com.tr\/index.php\/wp-json\/wp\/v2\/media?parent=753447"}],"wp:term":[{"taxonomy":"product_brand","embeddable":true,"href":"https:\/\/roveyayinevi.com.tr\/index.php\/wp-json\/wp\/v2\/product_brand?post=753447"},{"taxonomy":"product_cat","embeddable":true,"href":"https:\/\/roveyayinevi.com.tr\/index.php\/wp-json\/wp\/v2\/product_cat?post=753447"},{"taxonomy":"product_tag","embeddable":true,"href":"https:\/\/roveyayinevi.com.tr\/index.php\/wp-json\/wp\/v2\/product_tag?post=753447"}],"curies":[{"name":"wp","href":"https:\/\/api.w.org\/{rel}","templated":true}]}}