{"id":753445,"date":"2025-08-28T05:43:54","date_gmt":"2025-08-28T02:43:54","guid":{"rendered":"https:\/\/roveyayinevi.com.tr\/index.php\/urun\/turkiyede-cingene-muzigi-bati-grubu-romanlarinda-muzik-kulturu\/"},"modified":"2026-04-16T03:06:47","modified_gmt":"2026-04-16T00:06:47","slug":"turkiyede-cingene-muzigi-bati-grubu-romanlarinda-muzik-kulturu","status":"publish","type":"product","link":"https:\/\/roveyayinevi.com.tr\/index.php\/urun\/turkiyede-cingene-muzigi-bati-grubu-romanlarinda-muzik-kulturu\/","title":{"rendered":"T\u00fcrkiye&#8217;de \u00c7ingene M\u00fczi\u011fi \/Bat\u0131 Grubu Romanlar\u0131&#8217;nda M\u00fczik K\u00fclt\u00fcr\u00fc"},"content":{"rendered":"<p>\u00c7ingeneler\u2019in tarihini yazmak, ar\u015fivlerdeki evraklarda onlar\u0131n soylar\u0131, meslekleri, y\u00f6netici erkle olan ili\u015fkileri, g\u00f6\u00e7leri, isk\u00e2nlar\u0131, i\u015fledikleri su\u00e7lar\u0131 yanyana getirerek toparlanm\u0131\u015f bilgiyi sunmak \u015feklinde alg\u0131lanm\u0131\u015ft\u0131r y\u0131llarca. Onlarla ilgili kararn\u00e2meleri, fermanlar\u0131, mahkeme sicillerini taramak ku\u015fkusuz tamamen k\u0131ymetsiz de\u011fildir. Fakat \u00c7ingene kimli\u011fini, \u00c7ingene\u2019nin ya\u015famla olan ili\u015fkisini, do\u011faya kar\u015f\u0131 duru\u015funu, ruhunu tek ve k\u0131sa bir ifadeyle \u201c\u00c7ingene k\u00fclt\u00fcr\u00fcn\u00fc anlamak\u201d bu toplulu\u011fun ya\u015famlar\u0131na n\u00fcf\u00fbz ederek onlar\u0131 anlamaktan ge\u00e7er. \u00c7ingene, Hindistan i\u00e7lerinden d\u00fcnyan\u0131n d\u00f6rt bir yan\u0131na da\u011f\u0131lan ve farkl\u0131 adlarla an\u0131lan bir toplulu\u011fun T\u00fcrkiye\u2019deki genel ad\u0131d\u0131r. \u00c7ingeneler\u2019in b\u00f6lgelere g\u00f6re de\u011fi\u015fen isimleri vard\u0131r; bunlar\u0131n en yo\u011fun n\u00fcfusa sahip olan\u0131 daha \u00e7ok T\u00fcrkiye\u2019nin bat\u0131 kesimlerinde ya\u015fayan ve Roman ad\u0131yla bilinen gruptur. T\u00fcrkiye \u00c7ingeneleri aras\u0131nda Romanlar m\u00fczik ve dans k\u00fclt\u00fcrleriyle di\u011fer akrabalar\u0131na g\u00f6re daha tan\u0131nm\u0131\u015f ve karakteristik bir yap\u0131dad\u0131rlar. T\u00fcrkiye\u2019de yay\u0131mlanan ilk \u00c7ingene m\u00fczi\u011fi monografisi olma \u00f6zelli\u011fini ta\u015f\u0131yan bu \u00e7al\u0131\u015fmada, Romanlar\u2019\u0131n m\u00fczik ve dans k\u00fclt\u00fcrlerine paralel di\u011fer \u00c7ingene topluluklar\u0131 ile olan ili\u015fkileri de ele al\u0131nm\u0131\u015ft\u0131r. <\/p>\n","protected":false},"excerpt":{"rendered":"<p>\u00c7ingeneler\u2019in tarihini yazmak, ar\u015fivlerdeki evraklarda onlar\u0131n soylar\u0131, meslekleri, y\u00f6netici erkle olan ili\u015fkileri, g\u00f6\u00e7leri, isk\u00e2nlar\u0131, i\u015fledikleri su\u00e7lar\u0131 yanyana getirerek toparlanm\u0131\u015f bilgiyi sunmak \u015feklinde alg\u0131lanm\u0131\u015ft\u0131r y\u0131llarca. Onlarla ilgili<span class=\"excerpt-hellip\"> [\u2026]<\/span><\/p>\n","protected":false},"featured_media":0,"template":"","meta":{"_monsterinsights_skip_tracking":false,"_monsterinsights_sitenote_active":false,"_monsterinsights_sitenote_note":"","_monsterinsights_sitenote_category":0},"product_brand":[],"product_cat":[12325,12324],"product_tag":[],"class_list":{"0":"post-753445","1":"product","2":"type-product","3":"status-publish","5":"product_cat-diger-sosyoloji","6":"product_cat-sosyoloji","7":"pa_cilt-ciltsiz","8":"pa_tur-kitap","9":"pa_yayinevi-yapi-kredi-yayinlari-sanat","10":"pa_yazar-melih-duygulu","12":"first","13":"instock","14":"sale","15":"shipping-taxable","16":"purchasable","17":"product-type-simple"},"_links":{"self":[{"href":"https:\/\/roveyayinevi.com.tr\/index.php\/wp-json\/wp\/v2\/product\/753445","targetHints":{"allow":["GET"]}}],"collection":[{"href":"https:\/\/roveyayinevi.com.tr\/index.php\/wp-json\/wp\/v2\/product"}],"about":[{"href":"https:\/\/roveyayinevi.com.tr\/index.php\/wp-json\/wp\/v2\/types\/product"}],"wp:attachment":[{"href":"https:\/\/roveyayinevi.com.tr\/index.php\/wp-json\/wp\/v2\/media?parent=753445"}],"wp:term":[{"taxonomy":"product_brand","embeddable":true,"href":"https:\/\/roveyayinevi.com.tr\/index.php\/wp-json\/wp\/v2\/product_brand?post=753445"},{"taxonomy":"product_cat","embeddable":true,"href":"https:\/\/roveyayinevi.com.tr\/index.php\/wp-json\/wp\/v2\/product_cat?post=753445"},{"taxonomy":"product_tag","embeddable":true,"href":"https:\/\/roveyayinevi.com.tr\/index.php\/wp-json\/wp\/v2\/product_tag?post=753445"}],"curies":[{"name":"wp","href":"https:\/\/api.w.org\/{rel}","templated":true}]}}