{"id":753444,"date":"2025-08-28T05:43:52","date_gmt":"2025-08-28T02:43:52","guid":{"rendered":"https:\/\/roveyayinevi.com.tr\/index.php\/urun\/cumhuriyetin-kurulus-savaslari-150likler-takrir-i-sukun-ve-izmir-suikasti\/"},"modified":"2026-04-16T03:06:47","modified_gmt":"2026-04-16T00:06:47","slug":"cumhuriyetin-kurulus-savaslari-150likler-takrir-i-sukun-ve-izmir-suikasti","status":"publish","type":"product","link":"https:\/\/roveyayinevi.com.tr\/index.php\/urun\/cumhuriyetin-kurulus-savaslari-150likler-takrir-i-sukun-ve-izmir-suikasti\/","title":{"rendered":"Cumhuriyet\u2019in Kurulu\u015f Sava\u015flar\u0131 \/ 150\u2019likler, Takrir-i Sukun ve \u0130zmir Suikast\u0131"},"content":{"rendered":"<p>Kurtulu\u015f Sava\u015f\u0131\u2019na \u00f6nderlik etmi\u015f \u015fahsiyetler, \u00f6ncelikle eski rejimin kal\u0131nt\u0131lar\u0131ndan kurtulman\u0131n hayati \u00f6neme haiz oldu\u011funa karar verdi. Fakat sonra, ortaya \u00e7\u0131kan otorite bo\u015flu\u011funu doldurmak ve yeni rejime y\u00f6n vermek i\u00e7in kendi aralar\u0131nda ka\u00e7\u0131n\u0131lmaz bir g\u00fc\u00e7 kavgas\u0131na giri\u015ftiler. Bu ara\u015ft\u0131rma, \u015fimdiye kadar pek bilinmeyen kaynaklar \u00fczerinden, bu g\u00fc\u00e7 kavgas\u0131n\u0131n ayr\u0131nt\u0131lar\u0131n\u0131 ortaya koymaktad\u0131r. Hakan \u00d6zo\u011flu   \u201cDr. \u00d6zo\u011flu 1920\u2019lerin ba\u015f\u0131nda T\u00fcrkiye\u2019de tek parti diktas\u0131na ge\u00e7i\u015fin \u00e7ok ilgin\u00e7 bir anlat\u0131m\u0131n\u0131 sunuyor. Bu d\u00f6nemin ge\u00e7mi\u015f tarihyaz\u0131m\u0131 asla ele\u015ftirmeyen bir \u00f6vg\u00fcyle malul oldu\u011fundan yazar\u0131n titiz yakla\u015f\u0131m\u0131 takdire de\u011fer.\u201d Prof. Dr. Mete Tun\u00e7ay   \u201cHakan \u00d6zo\u011flu orijinal belgeleri, tan\u0131kl\u0131klar\u0131 ve an\u0131lar\u0131 dikkatle inceleyerek Kemalist Cumhuriyet\u2019in kurulu\u015f y\u0131llar\u0131n\u0131 yeni ve ele\u015ftirel bir bak\u0131\u015f a\u00e7\u0131s\u0131yla sunuyor. Bu parlak \u00e7al\u0131\u015fma, hen\u00fcz k\u0131r\u0131lgan Kemalist rejim ile muhalefet gruplar\u0131 aras\u0131nda 1926\u2019da doru\u011funa \u00e7\u0131kan iktidar m\u00fccadelesinin ger\u00e7ek bir iktidar in\u015fa s\u00fcreciyle el ele ilerledi\u011fini g\u00f6stermektedir. Modern T\u00fcrkiye ara\u015ft\u0131rmalar\u0131na bu \u00e7ok \u00f6nemli katk\u0131 20. y\u00fczy\u0131l otoriter rejimlerinin dinamikleriyle ilgilenen bir\u00e7ok bilim insan\u0131n\u0131n ku\u015fkusuz ilgisini \u00e7ekecektir.\u201d Prof. Dr. Hamit Bozarslan <\/p>\n","protected":false},"excerpt":{"rendered":"<p>Kurtulu\u015f Sava\u015f\u0131\u2019na \u00f6nderlik etmi\u015f \u015fahsiyetler, \u00f6ncelikle eski rejimin kal\u0131nt\u0131lar\u0131ndan kurtulman\u0131n hayati \u00f6neme haiz oldu\u011funa karar verdi. Fakat sonra, ortaya \u00e7\u0131kan otorite bo\u015flu\u011funu doldurmak ve yeni rejime<span class=\"excerpt-hellip\"> [\u2026]<\/span><\/p>\n","protected":false},"featured_media":0,"template":"","meta":{"_monsterinsights_skip_tracking":false,"_monsterinsights_sitenote_active":false,"_monsterinsights_sitenote_note":"","_monsterinsights_sitenote_category":0},"product_brand":[],"product_cat":[12304,13493],"product_tag":[],"class_list":{"0":"post-753444","1":"product","2":"type-product","3":"status-publish","5":"product_cat-tarih","6":"product_cat-turkiye-ve-cumhuriyet-tarihi","7":"pa_cilt-ciltsiz","8":"pa_tur-kitap","9":"pa_yayinevi-yapi-kredi-yayinlari","10":"pa_yazar-hakan-ozoglu","12":"first","13":"instock","14":"sale","15":"shipping-taxable","16":"purchasable","17":"product-type-simple"},"_links":{"self":[{"href":"https:\/\/roveyayinevi.com.tr\/index.php\/wp-json\/wp\/v2\/product\/753444","targetHints":{"allow":["GET"]}}],"collection":[{"href":"https:\/\/roveyayinevi.com.tr\/index.php\/wp-json\/wp\/v2\/product"}],"about":[{"href":"https:\/\/roveyayinevi.com.tr\/index.php\/wp-json\/wp\/v2\/types\/product"}],"wp:attachment":[{"href":"https:\/\/roveyayinevi.com.tr\/index.php\/wp-json\/wp\/v2\/media?parent=753444"}],"wp:term":[{"taxonomy":"product_brand","embeddable":true,"href":"https:\/\/roveyayinevi.com.tr\/index.php\/wp-json\/wp\/v2\/product_brand?post=753444"},{"taxonomy":"product_cat","embeddable":true,"href":"https:\/\/roveyayinevi.com.tr\/index.php\/wp-json\/wp\/v2\/product_cat?post=753444"},{"taxonomy":"product_tag","embeddable":true,"href":"https:\/\/roveyayinevi.com.tr\/index.php\/wp-json\/wp\/v2\/product_tag?post=753444"}],"curies":[{"name":"wp","href":"https:\/\/api.w.org\/{rel}","templated":true}]}}