{"id":753443,"date":"2025-08-28T05:43:51","date_gmt":"2025-08-28T02:43:51","guid":{"rendered":"https:\/\/roveyayinevi.com.tr\/index.php\/urun\/murathan-munganin-duzyazilarinda-poetik-gorusler\/"},"modified":"2026-04-16T03:06:47","modified_gmt":"2026-04-16T00:06:47","slug":"murathan-munganin-duzyazilarinda-poetik-gorusler","status":"publish","type":"product","link":"https:\/\/roveyayinevi.com.tr\/index.php\/urun\/murathan-munganin-duzyazilarinda-poetik-gorusler\/","title":{"rendered":"Murathan Mungan&#8217;\u0131n D\u00fczyaz\u0131lar\u0131nda Poetik G\u00f6r\u00fc\u015fler"},"content":{"rendered":"<p>Murathan Mungan yakla\u015f\u0131k 50 y\u0131ld\u0131r edebiyat\u0131n \u00e7ok farkl\u0131 t\u00fcrlerinde yaz\u0131 yazan bir sanat\u00e7\u0131d\u0131r. Yazar insan do\u011fas\u0131na, hayata, dile ve edeb\u00ee t\u00fcrlerin niteliklerine her zaman \u00e7ok b\u00fcy\u00fck bir arzuyla \u00e7al\u0131\u015fmaktad\u0131r. Roman, hik\u00e2ye, deneme, oyun, senaryo, antoloji, an\u0131, g\u00fcnl\u00fck kitaplar\u0131yla ve \u015fark\u0131 s\u00f6zleriyle de tan\u0131nm\u0131\u015f olan Murathan Mungan ayn\u0131 zamanda g\u00fcn\u00fcm\u00fcz T\u00fcrk edebiyat\u0131n\u0131n \u00e7ok \u00f6nemli bir \u015fairidir. \u015eair Mungan\u2019\u0131n \u015fiir sanat\u0131 \u00fczerine olu\u015fturdu\u011fu poetik d\u00fc\u015f\u00fcnceler yazar\u0131n d\u00fczyaz\u0131lar\u0131nda g\u00f6r\u00fclmektedir. Bu kitab\u0131n konusu Murathan Mungan\u2019\u0131n d\u00fczyaz\u0131lar\u0131ndaki poetik g\u00f6r\u00fc\u015fleridir. Kitab\u0131m\u0131z\u0131n amac\u0131 yazar\u0131n d\u00fczyaz\u0131lar\u0131ndaki poetik d\u00fc\u015f\u00fcncelerini ara\u015ft\u0131r\u0131p tespit etmektir. \u00c7al\u0131\u015fmam\u0131zda t\u00fcmdengelim y\u00f6ntemi kullan\u0131lm\u0131\u015ft\u0131r. Bu minvalde yazar\u0131n romanlar\u0131, hik\u00e2yeleri ve denemelerinden olu\u015fan yirmi iki kitab\u0131 poetik d\u00fc\u015f\u00fcnceleri ortaya \u00e7\u0131karabilmek i\u00e7in okunmu\u015f, incelenmi\u015f, yorumlanm\u0131\u015f ve de\u011ferlendirilmi\u015ftir. <\/p>\n","protected":false},"excerpt":{"rendered":"<p>Murathan Mungan yakla\u015f\u0131k 50 y\u0131ld\u0131r edebiyat\u0131n \u00e7ok farkl\u0131 t\u00fcrlerinde yaz\u0131 yazan bir sanat\u00e7\u0131d\u0131r. Yazar insan do\u011fas\u0131na, hayata, dile ve edeb\u00ee t\u00fcrlerin niteliklerine her zaman \u00e7ok b\u00fcy\u00fck<span class=\"excerpt-hellip\"> [\u2026]<\/span><\/p>\n","protected":false},"featured_media":0,"template":"","meta":{"_monsterinsights_skip_tracking":false,"_monsterinsights_sitenote_active":false,"_monsterinsights_sitenote_note":"","_monsterinsights_sitenote_category":0},"product_brand":[],"product_cat":[12291,12509],"product_tag":[],"class_list":{"0":"post-753443","1":"product","2":"type-product","3":"status-publish","5":"product_cat-edebiyat","6":"product_cat-siir","7":"pa_cilt-ciltsiz","8":"pa_tur-kitap","9":"pa_yayinevi-soncag-akademik-kitaplar","10":"pa_yazar-yilmaz-evat","12":"first","13":"instock","14":"sale","15":"shipping-taxable","16":"purchasable","17":"product-type-simple"},"_links":{"self":[{"href":"https:\/\/roveyayinevi.com.tr\/index.php\/wp-json\/wp\/v2\/product\/753443","targetHints":{"allow":["GET"]}}],"collection":[{"href":"https:\/\/roveyayinevi.com.tr\/index.php\/wp-json\/wp\/v2\/product"}],"about":[{"href":"https:\/\/roveyayinevi.com.tr\/index.php\/wp-json\/wp\/v2\/types\/product"}],"wp:attachment":[{"href":"https:\/\/roveyayinevi.com.tr\/index.php\/wp-json\/wp\/v2\/media?parent=753443"}],"wp:term":[{"taxonomy":"product_brand","embeddable":true,"href":"https:\/\/roveyayinevi.com.tr\/index.php\/wp-json\/wp\/v2\/product_brand?post=753443"},{"taxonomy":"product_cat","embeddable":true,"href":"https:\/\/roveyayinevi.com.tr\/index.php\/wp-json\/wp\/v2\/product_cat?post=753443"},{"taxonomy":"product_tag","embeddable":true,"href":"https:\/\/roveyayinevi.com.tr\/index.php\/wp-json\/wp\/v2\/product_tag?post=753443"}],"curies":[{"name":"wp","href":"https:\/\/api.w.org\/{rel}","templated":true}]}}