{"id":753441,"date":"2025-08-28T05:43:48","date_gmt":"2025-08-28T02:43:48","guid":{"rendered":"https:\/\/roveyayinevi.com.tr\/index.php\/urun\/egitim-kulesinin-usta-oyuncusu-2\/"},"modified":"2026-04-16T03:06:47","modified_gmt":"2026-04-16T00:06:47","slug":"egitim-kulesinin-usta-oyuncusu-2","status":"publish","type":"product","link":"https:\/\/roveyayinevi.com.tr\/index.php\/urun\/egitim-kulesinin-usta-oyuncusu-2\/","title":{"rendered":"E\u011fitim Kulesi\u2019nin Usta Oyuncusu 2"},"content":{"rendered":"<p>E\u011e\u0130T\u0130M KULES\u0130\u2019N\u0130N 12 YILLIK MAHK\u00dbMU HYEON-WOO, ZORLU \u0130LK \u00dc\u00c7 G\u00d6REV\u0130 BA\u015eARIYLA TAMAMLADI. \u00dcSTEL\u0130K BUNU AYA\u011eINDAK\u0130 TERL\u0130KLER\u0130 B\u0130LE \u00c7IKARMADAN VE ARES DERNE\u011e\u0130\u2019N\u0130 KI\u015eKIRTARAK YAPTI. FAKAT HYEON-WOO\u2019YU ZOR B\u0130R G\u00d6REV BEKL\u0130YOR. CEHENNEM YARATIKLARININ YERY\u00dcZ\u00dcNE \u00c7IKIP DEH\u015eET SA\u00c7TI\u011eI YARI\u011eA \u0130NMEL\u0130 VE BOSS CANAVARINI YENMEL\u0130! AMA ONUN SINAVI BUNUNLA DA KALMIYOR. HYEON-WOO, KADER\u0130YLE \u0130LG\u0130L\u0130 YEN\u0130 B\u0130LG\u0130LER \u00d6\u011eREND\u0130K\u00c7E YEN\u0130 SORULARLA DA Y\u00dcZLE\u015eMEK ZORUNDA&#8230; <\/p>\n","protected":false},"excerpt":{"rendered":"<p>E\u011e\u0130T\u0130M KULES\u0130\u2019N\u0130N 12 YILLIK MAHK\u00dbMU HYEON-WOO, ZORLU \u0130LK \u00dc\u00c7 G\u00d6REV\u0130 BA\u015eARIYLA TAMAMLADI. \u00dcSTEL\u0130K BUNU AYA\u011eINDAK\u0130 TERL\u0130KLER\u0130 B\u0130LE \u00c7IKARMADAN VE ARES DERNE\u011e\u0130\u2019N\u0130 KI\u015eKIRTARAK YAPTI. FAKAT HYEON-WOO\u2019YU ZOR<span class=\"excerpt-hellip\"> [\u2026]<\/span><\/p>\n","protected":false},"featured_media":0,"template":"","meta":{"_monsterinsights_skip_tracking":false,"_monsterinsights_sitenote_active":false,"_monsterinsights_sitenote_note":"","_monsterinsights_sitenote_category":0},"product_brand":[],"product_cat":[12416,12291],"product_tag":[],"class_list":{"0":"post-753441","1":"product","2":"type-product","3":"status-publish","5":"product_cat-cizgi-roman","6":"product_cat-edebiyat","7":"pa_cilt-ciltsiz","8":"pa_tur-kitap","9":"pa_yayinevi-athica-yayinlari","10":"pa_yazar-indoor-kim","12":"first","13":"instock","14":"sale","15":"shipping-taxable","16":"purchasable","17":"product-type-simple"},"_links":{"self":[{"href":"https:\/\/roveyayinevi.com.tr\/index.php\/wp-json\/wp\/v2\/product\/753441","targetHints":{"allow":["GET"]}}],"collection":[{"href":"https:\/\/roveyayinevi.com.tr\/index.php\/wp-json\/wp\/v2\/product"}],"about":[{"href":"https:\/\/roveyayinevi.com.tr\/index.php\/wp-json\/wp\/v2\/types\/product"}],"wp:attachment":[{"href":"https:\/\/roveyayinevi.com.tr\/index.php\/wp-json\/wp\/v2\/media?parent=753441"}],"wp:term":[{"taxonomy":"product_brand","embeddable":true,"href":"https:\/\/roveyayinevi.com.tr\/index.php\/wp-json\/wp\/v2\/product_brand?post=753441"},{"taxonomy":"product_cat","embeddable":true,"href":"https:\/\/roveyayinevi.com.tr\/index.php\/wp-json\/wp\/v2\/product_cat?post=753441"},{"taxonomy":"product_tag","embeddable":true,"href":"https:\/\/roveyayinevi.com.tr\/index.php\/wp-json\/wp\/v2\/product_tag?post=753441"}],"curies":[{"name":"wp","href":"https:\/\/api.w.org\/{rel}","templated":true}]}}