{"id":753427,"date":"2025-08-28T05:43:18","date_gmt":"2025-08-28T02:43:18","guid":{"rendered":"https:\/\/roveyayinevi.com.tr\/index.php\/urun\/asya-gunlukleri\/"},"modified":"2026-04-16T03:06:47","modified_gmt":"2026-04-16T00:06:47","slug":"asya-gunlukleri","status":"publish","type":"product","link":"https:\/\/roveyayinevi.com.tr\/index.php\/urun\/asya-gunlukleri\/","title":{"rendered":"Asya G\u00fcnl\u00fckleri"},"content":{"rendered":"<p>Y\u00fcz\u00fcn\u00fc Asya k\u0131tas\u0131na d\u00f6nen bir seyahat g\u00fcnl\u00fc\u011f\u00fc&#8230; \u0130srafil Kuralay, ba\u015fta Mo\u011folistan olmak \u00fczere gezdi\u011fi 14 Asya \u00fclkesinin birbirinden farkl\u0131 atmosferini, yerlilerini ve k\u00fclt\u00fcr\u00fcn\u00fc anlat\u0131yor. G\u00fcnl\u00fck yaz\u0131lar \u015feklinde ve son derece ak\u0131c\u0131 bir \u00fcslupla kaleme al\u0131nan kitapta, Kuralay&#8217;\u0131n deneyimleri bu co\u011frafyaya dair a\u015final\u0131k kazand\u0131r\u0131yor.   Asya G\u00fcnl\u00fckleri: Bozk\u0131r\u0131n \u00c7ocuklar\u0131; sizleri Altay S\u0131rada\u011flar\u0131&#8217;n\u0131n eteklerinden Sentosa Adas\u0131&#8217;na, \u00c7in Seddi&#8217;nden Bollywood&#8217;a, K\u0131z\u0131l Meydan&#8217;dan Halong K\u00f6rfezi&#8217;ne e\u015fsiz bir yolculu\u011fa \u00e7\u0131karacak&#8230; <\/p>\n","protected":false},"excerpt":{"rendered":"<p>Y\u00fcz\u00fcn\u00fc Asya k\u0131tas\u0131na d\u00f6nen bir seyahat g\u00fcnl\u00fc\u011f\u00fc&#8230; \u0130srafil Kuralay, ba\u015fta Mo\u011folistan olmak \u00fczere gezdi\u011fi 14 Asya \u00fclkesinin birbirinden farkl\u0131 atmosferini, yerlilerini ve k\u00fclt\u00fcr\u00fcn\u00fc anlat\u0131yor. G\u00fcnl\u00fck yaz\u0131lar<span class=\"excerpt-hellip\"> [\u2026]<\/span><\/p>\n","protected":false},"featured_media":0,"template":"","meta":{"_monsterinsights_skip_tracking":false,"_monsterinsights_sitenote_active":false,"_monsterinsights_sitenote_note":"","_monsterinsights_sitenote_category":0},"product_brand":[],"product_cat":[13701,12291],"product_tag":[],"class_list":{"0":"post-753427","1":"product","2":"type-product","3":"status-publish","5":"product_cat-ani-mektup-gunluk","6":"product_cat-edebiyat","7":"pa_cilt-ciltsiz","8":"pa_tur-kitap","9":"pa_yayinevi-profil-kitap","10":"pa_yazar-israfil-kuralay","12":"first","13":"instock","14":"sale","15":"shipping-taxable","16":"purchasable","17":"product-type-simple"},"_links":{"self":[{"href":"https:\/\/roveyayinevi.com.tr\/index.php\/wp-json\/wp\/v2\/product\/753427","targetHints":{"allow":["GET"]}}],"collection":[{"href":"https:\/\/roveyayinevi.com.tr\/index.php\/wp-json\/wp\/v2\/product"}],"about":[{"href":"https:\/\/roveyayinevi.com.tr\/index.php\/wp-json\/wp\/v2\/types\/product"}],"wp:attachment":[{"href":"https:\/\/roveyayinevi.com.tr\/index.php\/wp-json\/wp\/v2\/media?parent=753427"}],"wp:term":[{"taxonomy":"product_brand","embeddable":true,"href":"https:\/\/roveyayinevi.com.tr\/index.php\/wp-json\/wp\/v2\/product_brand?post=753427"},{"taxonomy":"product_cat","embeddable":true,"href":"https:\/\/roveyayinevi.com.tr\/index.php\/wp-json\/wp\/v2\/product_cat?post=753427"},{"taxonomy":"product_tag","embeddable":true,"href":"https:\/\/roveyayinevi.com.tr\/index.php\/wp-json\/wp\/v2\/product_tag?post=753427"}],"curies":[{"name":"wp","href":"https:\/\/api.w.org\/{rel}","templated":true}]}}