{"id":753426,"date":"2025-08-28T05:43:17","date_gmt":"2025-08-28T02:43:17","guid":{"rendered":"https:\/\/roveyayinevi.com.tr\/index.php\/urun\/futbolun-devrimci-antrenorleri\/"},"modified":"2026-04-16T03:06:47","modified_gmt":"2026-04-16T00:06:47","slug":"futbolun-devrimci-antrenorleri","status":"publish","type":"product","link":"https:\/\/roveyayinevi.com.tr\/index.php\/urun\/futbolun-devrimci-antrenorleri\/","title":{"rendered":"Futbolun Devrimci Antren\u00f6rleri"},"content":{"rendered":"<p>Futbol tarihine damgas\u0131n\u0131 vuran \u00fcnl\u00fc antren\u00f6rler Guszt\u00e1v Sebes, Helenio Herrera, Rinus Michels, Valeri Lobanovski, Arrigo Sacchi, Johan Cruyff ve Pep Guardiola tak\u0131mlar\u0131n\u0131 zirveye ta\u015f\u0131d\u0131lar ve gen\u00e7 yeteneklere nesiller boyu \u00f6rnek oldular. Devrim niteli\u011findeki y\u00f6ntemleri sayesinde futbol oyununun teknik ve taktik yap\u0131s\u0131n\u0131 de\u011fi\u015ftirdiler.    Elinizdeki kitap, i\u015fte b\u00f6ylesi evrim yaratan uygulamalar\u0131 ve yenilikleri \u00fczerinden futbolu bamba\u015fka mertebelere ta\u015f\u0131yan antren\u00f6rleri anlat\u0131yor. Bir ba\u011flam ve silsile i\u00e7erisinde neyin \u201cdevrim\u201d oldu\u011funu da \u201cdevrimlerin nelere k\u00e2dir oldu\u011fu\u201d sorusu kadar tart\u0131\u015f\u0131yor. Tarihsel yolculu\u011fu g\u00fcncel mukayeseler ve \u00f6rneklerle birle\u015ftirip literat\u00fcre e\u015fsiz bir katk\u0131da bulunuyor.   Futbolun tarihindeki bu parlak beyinlerin y\u00f6ntemlerini \u00e7\u00f6z\u00fcmleyerek spor d\u00fcnyas\u0131nda nas\u0131l bir iz b\u0131rakt\u0131klar\u0131n\u0131 ba\u015fka hi\u00e7bir yerde bulamayaca\u011f\u0131n\u0131z hik\u00e2ye ve anekdotlarla a\u00e7\u0131klayan Futbolun Devrimci Antren\u00f6rleri, futbolun sadece bir oyun de\u011fil, ayn\u0131 zamanda bir strateji ve yenilik arenas\u0131 oldu\u011funu da kan\u0131tl\u0131yor. <\/p>\n","protected":false},"excerpt":{"rendered":"<p>Futbol tarihine damgas\u0131n\u0131 vuran \u00fcnl\u00fc antren\u00f6rler Guszt\u00e1v Sebes, Helenio Herrera, Rinus Michels, Valeri Lobanovski, Arrigo Sacchi, Johan Cruyff ve Pep Guardiola tak\u0131mlar\u0131n\u0131 zirveye ta\u015f\u0131d\u0131lar ve gen\u00e7<span class=\"excerpt-hellip\"> [\u2026]<\/span><\/p>\n","protected":false},"featured_media":0,"template":"","meta":{"_monsterinsights_skip_tracking":false,"_monsterinsights_sitenote_active":false,"_monsterinsights_sitenote_note":"","_monsterinsights_sitenote_category":0},"product_brand":[],"product_cat":[15563,15564],"product_tag":[],"class_list":{"0":"post-753426","1":"product","2":"type-product","3":"status-publish","5":"product_cat-hobi","6":"product_cat-spor","7":"pa_cilt-ciltsiz","8":"pa_tur-kitap","9":"pa_yayinevi-profil-kitap","10":"pa_yazar-julien-momont-christophe-kuchly-raphael-cosmidis","12":"first","13":"instock","14":"sale","15":"shipping-taxable","16":"purchasable","17":"product-type-simple"},"_links":{"self":[{"href":"https:\/\/roveyayinevi.com.tr\/index.php\/wp-json\/wp\/v2\/product\/753426","targetHints":{"allow":["GET"]}}],"collection":[{"href":"https:\/\/roveyayinevi.com.tr\/index.php\/wp-json\/wp\/v2\/product"}],"about":[{"href":"https:\/\/roveyayinevi.com.tr\/index.php\/wp-json\/wp\/v2\/types\/product"}],"wp:attachment":[{"href":"https:\/\/roveyayinevi.com.tr\/index.php\/wp-json\/wp\/v2\/media?parent=753426"}],"wp:term":[{"taxonomy":"product_brand","embeddable":true,"href":"https:\/\/roveyayinevi.com.tr\/index.php\/wp-json\/wp\/v2\/product_brand?post=753426"},{"taxonomy":"product_cat","embeddable":true,"href":"https:\/\/roveyayinevi.com.tr\/index.php\/wp-json\/wp\/v2\/product_cat?post=753426"},{"taxonomy":"product_tag","embeddable":true,"href":"https:\/\/roveyayinevi.com.tr\/index.php\/wp-json\/wp\/v2\/product_tag?post=753426"}],"curies":[{"name":"wp","href":"https:\/\/api.w.org\/{rel}","templated":true}]}}