{"id":753424,"date":"2025-08-28T05:43:13","date_gmt":"2025-08-28T02:43:13","guid":{"rendered":"https:\/\/roveyayinevi.com.tr\/index.php\/urun\/arkadasim-elif-eglenceli-cizgi-calismalari\/"},"modified":"2026-04-16T03:06:47","modified_gmt":"2026-04-16T00:06:47","slug":"arkadasim-elif-eglenceli-cizgi-calismalari","status":"publish","type":"product","link":"https:\/\/roveyayinevi.com.tr\/index.php\/urun\/arkadasim-elif-eglenceli-cizgi-calismalari\/","title":{"rendered":"Arkada\u015f\u0131m Elif \u2013 E\u011flenceli \u00c7izgi \u00c7al\u0131\u015fmalar\u0131"},"content":{"rendered":"<p>Okul \u00f6ncesi \u00e7ocuklara y\u00f6nelik yazmaya haz\u0131rl\u0131k \u00e7al\u0131\u015fmalar\u0131n\u0131n yer ald\u0131\u011f\u0131 kitapta, e\u011flenceli ve renkli resimler e\u015fli\u011finde, \u00e7ocuklar\u0131n kalem tutma becerisini geli\u015ftiren d\u00fcz, e\u011fik, zikzak ve dairesel \u00e7izgiler, harf ve say\u0131lar\u0131n formundad\u0131r. *\u0130nce motor becerilerini geli\u015ftiren etkinlikler *\u00c7izgi ve boyama \u00e7al\u0131\u015fmalar\u0131 *Labirent, e\u015fle\u015ftirme, fark bulma al\u0131\u015ft\u0131rmalar\u0131    <\/p>\n","protected":false},"excerpt":{"rendered":"<p>Okul \u00f6ncesi \u00e7ocuklara y\u00f6nelik yazmaya haz\u0131rl\u0131k \u00e7al\u0131\u015fmalar\u0131n\u0131n yer ald\u0131\u011f\u0131 kitapta, e\u011flenceli ve renkli resimler e\u015fli\u011finde, \u00e7ocuklar\u0131n kalem tutma becerisini geli\u015ftiren d\u00fcz, e\u011fik, zikzak ve dairesel \u00e7izgiler,<span class=\"excerpt-hellip\"> [\u2026]<\/span><\/p>\n","protected":false},"featured_media":0,"template":"","meta":{"_monsterinsights_skip_tracking":false,"_monsterinsights_sitenote_active":false,"_monsterinsights_sitenote_note":"","_monsterinsights_sitenote_category":0},"product_brand":[],"product_cat":[12274,12518],"product_tag":[],"class_list":{"0":"post-753424","1":"product","2":"type-product","3":"status-publish","5":"product_cat-cocuk-ve-genclik-kitaplari","6":"product_cat-okul-oncesi-kitaplar","7":"pa_cilt-ciltsiz","8":"pa_tur-kitap","9":"pa_yayinevi-is-bankasi-kultur-yayinlari","10":"pa_yazar-hanna-sorensen","12":"first","13":"instock","14":"sale","15":"shipping-taxable","16":"purchasable","17":"product-type-simple"},"_links":{"self":[{"href":"https:\/\/roveyayinevi.com.tr\/index.php\/wp-json\/wp\/v2\/product\/753424","targetHints":{"allow":["GET"]}}],"collection":[{"href":"https:\/\/roveyayinevi.com.tr\/index.php\/wp-json\/wp\/v2\/product"}],"about":[{"href":"https:\/\/roveyayinevi.com.tr\/index.php\/wp-json\/wp\/v2\/types\/product"}],"wp:attachment":[{"href":"https:\/\/roveyayinevi.com.tr\/index.php\/wp-json\/wp\/v2\/media?parent=753424"}],"wp:term":[{"taxonomy":"product_brand","embeddable":true,"href":"https:\/\/roveyayinevi.com.tr\/index.php\/wp-json\/wp\/v2\/product_brand?post=753424"},{"taxonomy":"product_cat","embeddable":true,"href":"https:\/\/roveyayinevi.com.tr\/index.php\/wp-json\/wp\/v2\/product_cat?post=753424"},{"taxonomy":"product_tag","embeddable":true,"href":"https:\/\/roveyayinevi.com.tr\/index.php\/wp-json\/wp\/v2\/product_tag?post=753424"}],"curies":[{"name":"wp","href":"https:\/\/api.w.org\/{rel}","templated":true}]}}