{"id":753423,"date":"2025-08-28T05:43:11","date_gmt":"2025-08-28T02:43:11","guid":{"rendered":"https:\/\/roveyayinevi.com.tr\/index.php\/urun\/minik-fare-bugun-mizmiz\/"},"modified":"2026-04-16T03:06:47","modified_gmt":"2026-04-16T00:06:47","slug":"minik-fare-bugun-mizmiz","status":"publish","type":"product","link":"https:\/\/roveyayinevi.com.tr\/index.php\/urun\/minik-fare-bugun-mizmiz\/","title":{"rendered":"Minik Fare Bug\u00fcn M\u0131zm\u0131z"},"content":{"rendered":"<p>Minik Fare uyan\u0131r uyanmaz s\u00f6ylenmeye ba\u015flad\u0131. Babas\u0131n\u0131n haz\u0131rlad\u0131\u011f\u0131 kahvalt\u0131y\u0131 be\u011fenmedi, arkada\u015flar\u0131yla oynamak istemedi&#8230; Arkada\u015flar\u0131, keyfi yerine gelsin diye Minik Fare\u2019ye bir dilek g\u00fcn\u00fc hediye etti. Minik Fare dileklerini tek tek s\u0131ralad\u0131. T\u00fcm dilekleri ger\u00e7ekle\u015fti\u011finde mutlu oldu mu acaba? Keyifsiz minikler i\u00e7in e\u011flenceli bir \u00f6yk\u00fc&#8230; <\/p>\n","protected":false},"excerpt":{"rendered":"<p>Minik Fare uyan\u0131r uyanmaz s\u00f6ylenmeye ba\u015flad\u0131. Babas\u0131n\u0131n haz\u0131rlad\u0131\u011f\u0131 kahvalt\u0131y\u0131 be\u011fenmedi, arkada\u015flar\u0131yla oynamak istemedi&#8230; Arkada\u015flar\u0131, keyfi yerine gelsin diye Minik Fare\u2019ye bir dilek g\u00fcn\u00fc hediye etti. Minik<span class=\"excerpt-hellip\"> [\u2026]<\/span><\/p>\n","protected":false},"featured_media":0,"template":"","meta":{"_monsterinsights_skip_tracking":false,"_monsterinsights_sitenote_active":false,"_monsterinsights_sitenote_note":"","_monsterinsights_sitenote_category":0},"product_brand":[],"product_cat":[12274,12518],"product_tag":[],"class_list":{"0":"post-753423","1":"product","2":"type-product","3":"status-publish","5":"product_cat-cocuk-ve-genclik-kitaplari","6":"product_cat-okul-oncesi-kitaplar","7":"pa_cilt-ciltsiz","8":"pa_tur-kitap","9":"pa_yayinevi-is-bankasi-kultur-yayinlari","10":"pa_yazar-anke-dorrzapf","12":"first","13":"instock","14":"sale","15":"shipping-taxable","16":"purchasable","17":"product-type-simple"},"_links":{"self":[{"href":"https:\/\/roveyayinevi.com.tr\/index.php\/wp-json\/wp\/v2\/product\/753423","targetHints":{"allow":["GET"]}}],"collection":[{"href":"https:\/\/roveyayinevi.com.tr\/index.php\/wp-json\/wp\/v2\/product"}],"about":[{"href":"https:\/\/roveyayinevi.com.tr\/index.php\/wp-json\/wp\/v2\/types\/product"}],"wp:attachment":[{"href":"https:\/\/roveyayinevi.com.tr\/index.php\/wp-json\/wp\/v2\/media?parent=753423"}],"wp:term":[{"taxonomy":"product_brand","embeddable":true,"href":"https:\/\/roveyayinevi.com.tr\/index.php\/wp-json\/wp\/v2\/product_brand?post=753423"},{"taxonomy":"product_cat","embeddable":true,"href":"https:\/\/roveyayinevi.com.tr\/index.php\/wp-json\/wp\/v2\/product_cat?post=753423"},{"taxonomy":"product_tag","embeddable":true,"href":"https:\/\/roveyayinevi.com.tr\/index.php\/wp-json\/wp\/v2\/product_tag?post=753423"}],"curies":[{"name":"wp","href":"https:\/\/api.w.org\/{rel}","templated":true}]}}