{"id":753421,"date":"2025-08-28T05:43:07","date_gmt":"2025-08-28T02:43:07","guid":{"rendered":"https:\/\/roveyayinevi.com.tr\/index.php\/urun\/caglarin-tuvalet-egitimi-ilk-okuma-kitabim\/"},"modified":"2026-04-16T03:06:47","modified_gmt":"2026-04-16T00:06:47","slug":"caglarin-tuvalet-egitimi-ilk-okuma-kitabim","status":"publish","type":"product","link":"https:\/\/roveyayinevi.com.tr\/index.php\/urun\/caglarin-tuvalet-egitimi-ilk-okuma-kitabim\/","title":{"rendered":"\u00c7a\u011flar\u2019\u0131n Tuvalet E\u011fitimi \u2013 \u0130lk Okuma Kitab\u0131m"},"content":{"rendered":"<p>\u00c7a\u011flar, bebek bezini b\u0131rak\u0131p ailenin di\u011fer \u00fcyeleri gibi tuvaleti kullanmak istiyordu. Tuvalet e\u011fitimine laz\u0131ml\u0131kla ba\u015flad\u0131. \u0130lk zamanlarda tuvalete yeti\u015femedi\u011fi anlar oldu. Ancak ailesinin de deste\u011fiyle tek ba\u015f\u0131na tuvalete gitmeyi ba\u015fard\u0131! Tuvalet e\u011fitimi s\u0131ras\u0131nda \u00e7ocuklara yol g\u00f6sterebilecek e\u011flenceli bir hik\u00e2ye. <\/p>\n","protected":false},"excerpt":{"rendered":"<p>\u00c7a\u011flar, bebek bezini b\u0131rak\u0131p ailenin di\u011fer \u00fcyeleri gibi tuvaleti kullanmak istiyordu. Tuvalet e\u011fitimine laz\u0131ml\u0131kla ba\u015flad\u0131. \u0130lk zamanlarda tuvalete yeti\u015femedi\u011fi anlar oldu. Ancak ailesinin de deste\u011fiyle tek<span class=\"excerpt-hellip\"> [\u2026]<\/span><\/p>\n","protected":false},"featured_media":0,"template":"","meta":{"_monsterinsights_skip_tracking":false,"_monsterinsights_sitenote_active":false,"_monsterinsights_sitenote_note":"","_monsterinsights_sitenote_category":0},"product_brand":[],"product_cat":[12274,12518],"product_tag":[],"class_list":{"0":"post-753421","1":"product","2":"type-product","3":"status-publish","5":"product_cat-cocuk-ve-genclik-kitaplari","6":"product_cat-okul-oncesi-kitaplar","7":"pa_cilt-ciltsiz","8":"pa_tur-kitap","9":"pa_yayinevi-is-bankasi-kultur-yayinlari","10":"pa_yazar-christian-tielmann","12":"first","13":"instock","14":"sale","15":"shipping-taxable","16":"purchasable","17":"product-type-simple"},"_links":{"self":[{"href":"https:\/\/roveyayinevi.com.tr\/index.php\/wp-json\/wp\/v2\/product\/753421","targetHints":{"allow":["GET"]}}],"collection":[{"href":"https:\/\/roveyayinevi.com.tr\/index.php\/wp-json\/wp\/v2\/product"}],"about":[{"href":"https:\/\/roveyayinevi.com.tr\/index.php\/wp-json\/wp\/v2\/types\/product"}],"wp:attachment":[{"href":"https:\/\/roveyayinevi.com.tr\/index.php\/wp-json\/wp\/v2\/media?parent=753421"}],"wp:term":[{"taxonomy":"product_brand","embeddable":true,"href":"https:\/\/roveyayinevi.com.tr\/index.php\/wp-json\/wp\/v2\/product_brand?post=753421"},{"taxonomy":"product_cat","embeddable":true,"href":"https:\/\/roveyayinevi.com.tr\/index.php\/wp-json\/wp\/v2\/product_cat?post=753421"},{"taxonomy":"product_tag","embeddable":true,"href":"https:\/\/roveyayinevi.com.tr\/index.php\/wp-json\/wp\/v2\/product_tag?post=753421"}],"curies":[{"name":"wp","href":"https:\/\/api.w.org\/{rel}","templated":true}]}}