{"id":753420,"date":"2025-08-28T05:43:06","date_gmt":"2025-08-28T02:43:06","guid":{"rendered":"https:\/\/roveyayinevi.com.tr\/index.php\/urun\/iste-mert-calisma-grubu-yardim-istemek\/"},"modified":"2026-04-16T03:06:47","modified_gmt":"2026-04-16T00:06:47","slug":"iste-mert-calisma-grubu-yardim-istemek","status":"publish","type":"product","link":"https:\/\/roveyayinevi.com.tr\/index.php\/urun\/iste-mert-calisma-grubu-yardim-istemek\/","title":{"rendered":"\u0130\u015fte Mert! \u2013 \u00c7al\u0131\u015fma Grubu \u2013 Yard\u0131m \u0130stemek"},"content":{"rendered":"<p>KAZANIMLAR SER\u0130S\u0130   Mert s\u00f6zc\u00fckleri hecelemekte zorlan\u0131yor. Bunun i\u00e7in \u00f6zel bir \u00e7al\u0131\u015fma grubuna kat\u0131lmas\u0131 gerekiyor. Ama ya di\u011fer \u00e7ocuklar onunla alay ederse? Zorland\u0131\u011f\u0131m\u0131zda yard\u0131m istemenin do\u011fal, faydal\u0131 ve gerekli oldu\u011funu g\u00f6steren bir hik\u00e2ye. <\/p>\n","protected":false},"excerpt":{"rendered":"<p>KAZANIMLAR SER\u0130S\u0130 Mert s\u00f6zc\u00fckleri hecelemekte zorlan\u0131yor. Bunun i\u00e7in \u00f6zel bir \u00e7al\u0131\u015fma grubuna kat\u0131lmas\u0131 gerekiyor. Ama ya di\u011fer \u00e7ocuklar onunla alay ederse? Zorland\u0131\u011f\u0131m\u0131zda yard\u0131m istemenin do\u011fal, faydal\u0131<span class=\"excerpt-hellip\"> [\u2026]<\/span><\/p>\n","protected":false},"featured_media":0,"template":"","meta":{"_monsterinsights_skip_tracking":false,"_monsterinsights_sitenote_active":false,"_monsterinsights_sitenote_note":"","_monsterinsights_sitenote_category":0},"product_brand":[],"product_cat":[12274,12518],"product_tag":[],"class_list":{"0":"post-753420","1":"product","2":"type-product","3":"status-publish","5":"product_cat-cocuk-ve-genclik-kitaplari","6":"product_cat-okul-oncesi-kitaplar","7":"pa_cilt-ciltsiz","8":"pa_tur-kitap","9":"pa_yayinevi-is-bankasi-kultur-yayinlari","10":"pa_yazar-sally-rippin","12":"first","13":"instock","14":"sale","15":"shipping-taxable","16":"purchasable","17":"product-type-simple"},"_links":{"self":[{"href":"https:\/\/roveyayinevi.com.tr\/index.php\/wp-json\/wp\/v2\/product\/753420","targetHints":{"allow":["GET"]}}],"collection":[{"href":"https:\/\/roveyayinevi.com.tr\/index.php\/wp-json\/wp\/v2\/product"}],"about":[{"href":"https:\/\/roveyayinevi.com.tr\/index.php\/wp-json\/wp\/v2\/types\/product"}],"wp:attachment":[{"href":"https:\/\/roveyayinevi.com.tr\/index.php\/wp-json\/wp\/v2\/media?parent=753420"}],"wp:term":[{"taxonomy":"product_brand","embeddable":true,"href":"https:\/\/roveyayinevi.com.tr\/index.php\/wp-json\/wp\/v2\/product_brand?post=753420"},{"taxonomy":"product_cat","embeddable":true,"href":"https:\/\/roveyayinevi.com.tr\/index.php\/wp-json\/wp\/v2\/product_cat?post=753420"},{"taxonomy":"product_tag","embeddable":true,"href":"https:\/\/roveyayinevi.com.tr\/index.php\/wp-json\/wp\/v2\/product_tag?post=753420"}],"curies":[{"name":"wp","href":"https:\/\/api.w.org\/{rel}","templated":true}]}}