{"id":753419,"date":"2025-08-28T05:43:05","date_gmt":"2025-08-28T02:43:05","guid":{"rendered":"https:\/\/roveyayinevi.com.tr\/index.php\/urun\/kripto-para-devrimi\/"},"modified":"2026-04-16T03:06:47","modified_gmt":"2026-04-16T00:06:47","slug":"kripto-para-devrimi","status":"publish","type":"product","link":"https:\/\/roveyayinevi.com.tr\/index.php\/urun\/kripto-para-devrimi\/","title":{"rendered":"Kripto Para Devrimi"},"content":{"rendered":"<p>\u0130lk ba\u015flarda herkes, kripto para ve blokzincir d\u00fcnyas\u0131n\u0131 ana ak\u0131m i\u015f d\u00fcnyas\u0131n\u0131n ve finans sekt\u00f6r\u00fcn\u00fcn d\u0131\u015f\u0131nda kalan, marjinal bir alan olarak g\u00f6rd\u00fc. Fakat b\u00fcy\u00fck bankalar\u0131n kripto para saklama \u00e7\u00f6z\u00fcmleri sunmaya ve Facebook\u2019tan h\u00fck\u00fcmetlere kadar herkesin kendi dijital paras\u0131n\u0131 yaratmak i\u00e7in bu alan\u0131n temelindeki teknolojiyi kullanmaya ba\u015flamas\u0131yla bu g\u00f6r\u00fc\u015f de\u011fi\u015fti. Kripto Para Devrimi, okuyucuyu, b\u00fcy\u00fcmekte olan dijital para ve blokzincir teknolojisi; s\u0131n\u0131r \u00f6tesi \u00f6demeler, merkeziyetsiz finans (DeFi) ve makineler aras\u0131 al\u0131m sat\u0131m i\u015flemleri gibi \u00e7ok \u00e7e\u015fitli alanlarda \u00f6\u011fretici bir ke\u015fif yolculu\u011funa \u00e7\u0131kar\u0131yor. Kripto para ve blokzincir teknolojisi alanlar\u0131nda uzman olan, countmycrypto.com\u2019u geli\u015ftiren isimlerden,Rhian Lewis Bitcoin ve di\u011fer kripto paralar\u0131n getirdi\u011fi de\u011fi\u015fim olanaklar\u0131n\u0131, merkeziyetsiz teknolojilerin bankalar\u0131 ve finansal kurumlar\u0131 nas\u0131l daha verimli hale getirebilece\u011fini sade ve anla\u015f\u0131l\u0131r bir dille de\u011ferlendiriyor. \u201cBu alanda temel bir kaynak. Kripto paralar\u0131n h\u0131zl\u0131 b\u00fcy\u00fcyen, jargon y\u00fckl\u00fc d\u00fcnyas\u0131na kolay anla\u015f\u0131l\u0131r, g\u00fcncel ve teknik olmayan bir giri\u015f. Para felsefesine, \u00f6nde gelen kripto paralar\u0131n evrimine, token ekonomisine, devletlerin \u00e7\u0131kard\u0131\u011f\u0131 kripto paralara, yasal d\u00fczenlemelere y\u00f6nelik berrak ve ayd\u0131nlat\u0131c\u0131 bir bak\u0131\u015f.\u201d Prof. William Knottenbelt, Kripto Para Ara\u015ft\u0131rma ve M\u00fchendislik Merkezi Direkt\u00f6r\u00fc, Imperial College (Londra) \u201cFinans\u0131n gelece\u011finin blokzincir teknolojisi taraf\u0131ndan nas\u0131l \u015fekillendirildi\u011fini anlamak isteyenlere tavsiye edilebilecek bir eser. Rhian Lewis bir yandan kripto paralar\u0131n y\u00fckseli\u015finin heyecan verici \u00f6yk\u00fcs\u00fcn\u00fc anlat\u0131rken di\u011fer yandan da arka plandaki karma\u015f\u0131k kavramlar\u0131 a\u00e7\u0131kl\u0131yor.\u201d                                                                             Quynh Tran-Thanh, Ba\u015f \u00dcr\u00fcn Y\u00f6neticisi, CryptoCompare<\/p>\n","protected":false},"excerpt":{"rendered":"<p>\u0130lk ba\u015flarda herkes, kripto para ve blokzincir d\u00fcnyas\u0131n\u0131 ana ak\u0131m i\u015f d\u00fcnyas\u0131n\u0131n ve finans sekt\u00f6r\u00fcn\u00fcn d\u0131\u015f\u0131nda kalan, marjinal bir alan olarak g\u00f6rd\u00fc. Fakat b\u00fcy\u00fck bankalar\u0131n kripto<span class=\"excerpt-hellip\"> [\u2026]<\/span><\/p>\n","protected":false},"featured_media":0,"template":"","meta":{"_monsterinsights_skip_tracking":false,"_monsterinsights_sitenote_active":false,"_monsterinsights_sitenote_note":"","_monsterinsights_sitenote_category":0},"product_brand":[],"product_cat":[13043,17647],"product_tag":[],"class_list":{"0":"post-753419","1":"product","2":"type-product","3":"status-publish","5":"product_cat-ekonomi","6":"product_cat-is-dunyasi","7":"pa_cilt-ciltsiz","8":"pa_tur-kitap","9":"pa_yayinevi-is-bankasi-kultur-yayinlari","10":"pa_yazar-rhian-lewis","12":"first","13":"instock","14":"sale","15":"shipping-taxable","16":"purchasable","17":"product-type-simple"},"_links":{"self":[{"href":"https:\/\/roveyayinevi.com.tr\/index.php\/wp-json\/wp\/v2\/product\/753419","targetHints":{"allow":["GET"]}}],"collection":[{"href":"https:\/\/roveyayinevi.com.tr\/index.php\/wp-json\/wp\/v2\/product"}],"about":[{"href":"https:\/\/roveyayinevi.com.tr\/index.php\/wp-json\/wp\/v2\/types\/product"}],"wp:attachment":[{"href":"https:\/\/roveyayinevi.com.tr\/index.php\/wp-json\/wp\/v2\/media?parent=753419"}],"wp:term":[{"taxonomy":"product_brand","embeddable":true,"href":"https:\/\/roveyayinevi.com.tr\/index.php\/wp-json\/wp\/v2\/product_brand?post=753419"},{"taxonomy":"product_cat","embeddable":true,"href":"https:\/\/roveyayinevi.com.tr\/index.php\/wp-json\/wp\/v2\/product_cat?post=753419"},{"taxonomy":"product_tag","embeddable":true,"href":"https:\/\/roveyayinevi.com.tr\/index.php\/wp-json\/wp\/v2\/product_tag?post=753419"}],"curies":[{"name":"wp","href":"https:\/\/api.w.org\/{rel}","templated":true}]}}