{"id":753417,"date":"2025-08-28T05:43:02","date_gmt":"2025-08-28T02:43:02","guid":{"rendered":"https:\/\/roveyayinevi.com.tr\/index.php\/urun\/demans-kisa-bir-giris\/"},"modified":"2026-04-16T03:06:47","modified_gmt":"2026-04-16T00:06:47","slug":"demans-kisa-bir-giris","status":"publish","type":"product","link":"https:\/\/roveyayinevi.com.tr\/index.php\/urun\/demans-kisa-bir-giris\/","title":{"rendered":"Demans \u2013 K\u0131sa Bir Giri\u015f"},"content":{"rendered":"<p>\u201cBeynimizi korumak i\u00e7in ataca\u011f\u0131m\u0131z k\u00fc\u00e7\u00fcc\u00fck ad\u0131mlar, \u00f6zellikle erken ya\u015fta bunlar\u0131 al\u0131\u015fkanl\u0131k haline getirir ve s\u00fcrd\u00fcr\u00fcrsek bizi n\u00f6rodejenerasyondan koruyabilir. Hepimiz, demansa yakalanma riskimizi azaltmak ve bu hastal\u0131\u011fa yakalanm\u0131\u015f olanlar\u0131n hayat\u0131n\u0131 kolayla\u015ft\u0131rmak i\u00e7in daha fazlas\u0131n\u0131 yapabiliriz.\u201d Ya\u015fam s\u00fcrelerimiz uzad\u0131k\u00e7a, ya\u015fl\u0131l\u0131\u011f\u0131m\u0131zda demans gibi beyin hastal\u0131klar\u0131na yakalanma korkumuz art\u0131yor. G\u00fcncel verilere g\u00f6re demans d\u00fcnyada en yayg\u0131n be\u015finci \u00f6l\u00fcm nedeni durumunda, dolay\u0131s\u0131yla bu hastal\u0131klar\u0131n anla\u015f\u0131lmas\u0131, \u00f6nlenmesi ve nihayetinde iyile\u015ftirilmesinin art\u0131k k\u00fcresel bir \u00f6ncelik haline gelmesi \u015fa\u015f\u0131rt\u0131c\u0131 de\u011fil. Peki, \u00f6yleyse beyin ara\u015ft\u0131rmalar\u0131nda ya\u015fanan onca geli\u015fmeye kar\u015f\u0131n neden h\u00e2l\u00e2 etkili bir tedavi yok? \u0130lerleme neden bu kadar yava\u015f? Hastal\u0131\u011fa yakalanma ihtimalimizi azaltmak i\u00e7in neler yapabiliriz? Oxford \u00dcniversitesi\u2019nin cep kitaplar\u0131 serisinden yay\u0131mlanan bu kitab\u0131nda yazar Kathleen Taylor bize demans\u0131n tarih\u00e7esi ve tan\u0131m\u0131n\u0131, farkl\u0131 tipleri ve belirtilerini, tan\u0131 ve tedavisini i\u00e7eren kapsaml\u0131 bir rehber sunuyor. Demans hastal\u0131\u011f\u0131na neden h\u00e2l\u00e2 bir \u00e7are bulunamad\u0131\u011f\u0131n\u0131 a\u00e7\u0131klarken, yak\u0131nda bu durumu de\u011fi\u015ftirebilecek g\u00fcncel ara\u015ft\u0131rmalar\u0131 de\u011ferlendiriyor. Beyin hastal\u0131klar\u0131n\u0131n topluma olan maliyetlerini tart\u0131\u015f\u0131rken, bunu ya\u015fanan insani g\u00fc\u00e7l\u00fcklerin \u00fczerinden atlamadan yapmay\u0131 ba\u015fard\u0131\u011f\u0131 gibi, bu vesileyle kendimize ve etraf\u0131m\u0131zdakilere de\u011fer vermenin \u00f6nemini hepimize bir kez daha hat\u0131rlat\u0131yor. <\/p>\n","protected":false},"excerpt":{"rendered":"<p>\u201cBeynimizi korumak i\u00e7in ataca\u011f\u0131m\u0131z k\u00fc\u00e7\u00fcc\u00fck ad\u0131mlar, \u00f6zellikle erken ya\u015fta bunlar\u0131 al\u0131\u015fkanl\u0131k haline getirir ve s\u00fcrd\u00fcr\u00fcrsek bizi n\u00f6rodejenerasyondan koruyabilir. Hepimiz, demansa yakalanma riskimizi azaltmak ve bu hastal\u0131\u011fa<span class=\"excerpt-hellip\"> [\u2026]<\/span><\/p>\n","protected":false},"featured_media":0,"template":"","meta":{"_monsterinsights_skip_tracking":false,"_monsterinsights_sitenote_active":false,"_monsterinsights_sitenote_note":"","_monsterinsights_sitenote_category":0},"product_brand":[],"product_cat":[13005,38128],"product_tag":[],"class_list":{"0":"post-753417","1":"product","2":"type-product","3":"status-publish","5":"product_cat-bilim-muhendislik","6":"product_cat-tip-bilimleri","7":"pa_cilt-ciltsiz","8":"pa_tur-kitap","9":"pa_yayinevi-is-bankasi-kultur-yayinlari","10":"pa_yazar-kathleen-taylor","12":"first","13":"instock","14":"sale","15":"shipping-taxable","16":"purchasable","17":"product-type-simple"},"_links":{"self":[{"href":"https:\/\/roveyayinevi.com.tr\/index.php\/wp-json\/wp\/v2\/product\/753417","targetHints":{"allow":["GET"]}}],"collection":[{"href":"https:\/\/roveyayinevi.com.tr\/index.php\/wp-json\/wp\/v2\/product"}],"about":[{"href":"https:\/\/roveyayinevi.com.tr\/index.php\/wp-json\/wp\/v2\/types\/product"}],"wp:attachment":[{"href":"https:\/\/roveyayinevi.com.tr\/index.php\/wp-json\/wp\/v2\/media?parent=753417"}],"wp:term":[{"taxonomy":"product_brand","embeddable":true,"href":"https:\/\/roveyayinevi.com.tr\/index.php\/wp-json\/wp\/v2\/product_brand?post=753417"},{"taxonomy":"product_cat","embeddable":true,"href":"https:\/\/roveyayinevi.com.tr\/index.php\/wp-json\/wp\/v2\/product_cat?post=753417"},{"taxonomy":"product_tag","embeddable":true,"href":"https:\/\/roveyayinevi.com.tr\/index.php\/wp-json\/wp\/v2\/product_tag?post=753417"}],"curies":[{"name":"wp","href":"https:\/\/api.w.org\/{rel}","templated":true}]}}