{"id":753416,"date":"2025-08-28T05:43:00","date_gmt":"2025-08-28T02:43:00","guid":{"rendered":"https:\/\/roveyayinevi.com.tr\/index.php\/urun\/bu-kafka-mi-99-kesif\/"},"modified":"2026-04-16T03:06:47","modified_gmt":"2026-04-16T00:06:47","slug":"bu-kafka-mi-99-kesif","status":"publish","type":"product","link":"https:\/\/roveyayinevi.com.tr\/index.php\/urun\/bu-kafka-mi-99-kesif\/","title":{"rendered":"Bu Kafka m\u0131? 99 Ke\u015fif"},"content":{"rendered":"<p>Edebiyat tarihinin en \u00f6zg\u00fcn isimlerinden Franz Kafka\u2019n\u0131n ger\u00e7ek ki\u015fili\u011fi, y\u0131llar boyunca ya\u015fam \u00f6yk\u00fcs\u00fcne ili\u015fkin rivayet ve varsay\u0131mlar\u0131n g\u00f6lgesi alt\u0131nda kald\u0131. Yaratt\u0131\u011f\u0131 Gregor Samsa, Josef K. gibi abs\u00fcrt oldu\u011fu kadar realist karakterler yazar\u0131n imaj\u0131 \u00fczerinde egemenlik kurdu. 2000\u2019li y\u0131llarda hakk\u0131nda 130.000\u2019e yak\u0131n internet sitesi bulunan Kafka, \u00e7o\u011funlukla \u00fcrk\u00fct\u00fcc\u00fc, bazen patolojik, anla\u015f\u0131lmayacak kadar derin, rahats\u0131z bir ruh olarak d\u00fc\u015f\u00fcn\u00fcl\u00fcyor, betimleniyordu. Alman yazar ve ara\u015ft\u0131rmac\u0131 Reiner Stach, uzun y\u0131llara yay\u0131lan incelemesiyle Kafka \u00fczerine bu rivayetler ve varsay\u0131mlar y\u0131\u011f\u0131n\u0131na meydan okuyor. Yazar\u0131n ya\u015fam\u0131n\u0131n \u00e7e\u015fitli evrelerine, ki\u015fili\u011finin farkl\u0131 y\u00f6nlerine ili\u015fkin 99 ke\u015fif \u00fczerinden, Kafka \u00fczerindeki devasa gizem perdesini aral\u0131yor.<\/p>\n","protected":false},"excerpt":{"rendered":"<p>Edebiyat tarihinin en \u00f6zg\u00fcn isimlerinden Franz Kafka\u2019n\u0131n ger\u00e7ek ki\u015fili\u011fi, y\u0131llar boyunca ya\u015fam \u00f6yk\u00fcs\u00fcne ili\u015fkin rivayet ve varsay\u0131mlar\u0131n g\u00f6lgesi alt\u0131nda kald\u0131. Yaratt\u0131\u011f\u0131 Gregor Samsa, Josef K. gibi<span class=\"excerpt-hellip\"> [\u2026]<\/span><\/p>\n","protected":false},"featured_media":0,"template":"","meta":{"_monsterinsights_skip_tracking":false,"_monsterinsights_sitenote_active":false,"_monsterinsights_sitenote_note":"","_monsterinsights_sitenote_category":0},"product_brand":[],"product_cat":[13072,12291],"product_tag":[],"class_list":{"0":"post-753416","1":"product","2":"type-product","3":"status-publish","5":"product_cat-arastirma-inceleme-referans","6":"product_cat-edebiyat","7":"pa_cilt-ciltsiz","8":"pa_tur-kitap","9":"pa_yayinevi-is-bankasi-kultur-yayinlari","10":"pa_yazar-reiner-stach","12":"first","13":"instock","14":"sale","15":"shipping-taxable","16":"purchasable","17":"product-type-simple"},"_links":{"self":[{"href":"https:\/\/roveyayinevi.com.tr\/index.php\/wp-json\/wp\/v2\/product\/753416","targetHints":{"allow":["GET"]}}],"collection":[{"href":"https:\/\/roveyayinevi.com.tr\/index.php\/wp-json\/wp\/v2\/product"}],"about":[{"href":"https:\/\/roveyayinevi.com.tr\/index.php\/wp-json\/wp\/v2\/types\/product"}],"wp:attachment":[{"href":"https:\/\/roveyayinevi.com.tr\/index.php\/wp-json\/wp\/v2\/media?parent=753416"}],"wp:term":[{"taxonomy":"product_brand","embeddable":true,"href":"https:\/\/roveyayinevi.com.tr\/index.php\/wp-json\/wp\/v2\/product_brand?post=753416"},{"taxonomy":"product_cat","embeddable":true,"href":"https:\/\/roveyayinevi.com.tr\/index.php\/wp-json\/wp\/v2\/product_cat?post=753416"},{"taxonomy":"product_tag","embeddable":true,"href":"https:\/\/roveyayinevi.com.tr\/index.php\/wp-json\/wp\/v2\/product_tag?post=753416"}],"curies":[{"name":"wp","href":"https:\/\/api.w.org\/{rel}","templated":true}]}}