{"id":753413,"date":"2025-08-28T05:42:56","date_gmt":"2025-08-28T02:42:56","guid":{"rendered":"https:\/\/roveyayinevi.com.tr\/index.php\/urun\/ikna-oyunlari\/"},"modified":"2026-04-08T03:13:11","modified_gmt":"2026-04-08T00:13:11","slug":"ikna-oyunlari","status":"publish","type":"product","link":"https:\/\/roveyayinevi.com.tr\/index.php\/urun\/ikna-oyunlari\/","title":{"rendered":"\u0130kna Oyunlar\u0131"},"content":{"rendered":"<p>Bu kitab\u0131, ikna konusunda size \u00e7ok a\u00e7\u0131k avantajlar sa\u011flayaca\u011f\u0131 i\u00e7in, okuman\u0131z\u0131 istemeyecek \u00e7ok fazla insan olacakt\u0131r.Her \u015feyi basit ve a\u00e7\u0131k bir \u015fekilde anlatabilmek i\u00e7in \u0130kna Oyunlar\u0131\u2019nda 64 teknik kullan\u0131ld\u0131. Ve bu 64 teknik 4 ayr\u0131 oyun \u015feklinde grupland\u0131r\u0131ld\u0131. Bu 4 oyun \u015funlardan olu\u015fuyor:- \u0130nsanlar\u0131n belirli bir zihinsel durumda olmas\u0131na neden olan psikolojik mekanizmalar nas\u0131l tetiklenir?- \u0130nsanlar\u0131n d\u00fc\u015f\u00fcncelerini etkilemek i\u00e7in nas\u0131l bir dil kullanmak gerekir?- \u0130nsanlarda sizin taraf\u0131n\u0131zda olma iste\u011fi uyand\u0131racak sosyal ortam nas\u0131l yarat\u0131l\u0131r?- Biri yolunuza \u00e7\u0131k\u0131p aya\u011f\u0131n\u0131za doland\u0131\u011f\u0131nda nas\u0131l davranmak gerekir?Oyunun kurallar\u0131 belli: 1) \u0130kna Oyunlar\u0131 size stratejik \u00fcst\u00fcnl\u00fck kurman\u0131z i\u00e7in olduk\u00e7a etkili teknikler \u00f6\u011fretecek. Ayr\u0131ca hangi durumda olursan\u0131z olun ba\u015fkalar\u0131n\u0131n size \u00fcst\u00fcnl\u00fck sa\u011flamas\u0131na engel olacak avantajlar sa\u011flayacak. 2) Ayr\u0131ca \u0130kna Oyunlar\u0131n\u0131n bir di\u011fer \u00f6zelli\u011fi, oyunlar\u0131 ileri d\u00fczeyde oynad\u0131\u011f\u0131n\u0131zda di\u011fer insanlar\u0131n da sizin kazanman\u0131z\u0131 isteyecek olmas\u0131d\u0131r.Felsefe alan\u0131nda akademik e\u011fitiminden sonra, Henrik Fexeus ileti\u015fim uzman\u0131 olarak basamaklar\u0131 h\u0131zla t\u0131rmand\u0131. Fexeus \u015fimdilerde \u201ce\u011flendirerek e\u011fitim\u201d alan\u0131nda sayg\u0131n bir uzman. Ak\u0131l okuma kavram\u0131na yepyeni bir anlam katman\u0131n yan\u0131 s\u0131ra s\u00f6zs\u00fcz ileti\u015fim, beden dili, psikolojik manip\u00fclasyon ve psikolojik etki konular\u0131ndaki becerilerini sergiliyor. Bir yandan da ak\u0131l okuma \u015fovuyla turlar d\u00fczenleyip, \u0130sve\u00e7\u2019in en b\u00fcy\u00fck yay\u0131n kurulu\u015funda kendi televizyon program\u0131n\u0131 yap\u0131yor. \u0130lk kitab\u0131 olan ak\u0131l okuma sanat\u0131 yirminin \u00fczerinde \u00fclkede yay\u0131nlanarak uluslararas\u0131 d\u00fczeyde b\u00fcy\u00fck bir ba\u015far\u0131 elde etti.<\/p>\n","protected":false},"excerpt":{"rendered":"<p>Bu kitab\u0131, ikna konusunda size \u00e7ok a\u00e7\u0131k avantajlar sa\u011flayaca\u011f\u0131 i\u00e7in, okuman\u0131z\u0131 istemeyecek \u00e7ok fazla insan olacakt\u0131r.Her \u015feyi basit ve a\u00e7\u0131k bir \u015fekilde anlatabilmek i\u00e7in \u0130kna Oyunlar\u0131\u2019nda<span class=\"excerpt-hellip\"> [\u2026]<\/span><\/p>\n","protected":false},"featured_media":0,"template":"","meta":{"_monsterinsights_skip_tracking":false,"_monsterinsights_sitenote_active":false,"_monsterinsights_sitenote_note":"","_monsterinsights_sitenote_category":0},"product_brand":[],"product_cat":[12364,12376],"product_tag":[],"class_list":{"0":"post-753413","1":"product","2":"type-product","3":"status-publish","5":"product_cat-genel-konular","6":"product_cat-kisisel-gelisim","7":"pa_cilt-ciltsiz","8":"pa_tur-kitap","9":"pa_yayinevi-diyojen-yayincilik","10":"pa_yazar-henrik-fexeus","12":"first","13":"instock","14":"sale","15":"shipping-taxable","16":"purchasable","17":"product-type-simple"},"_links":{"self":[{"href":"https:\/\/roveyayinevi.com.tr\/index.php\/wp-json\/wp\/v2\/product\/753413","targetHints":{"allow":["GET"]}}],"collection":[{"href":"https:\/\/roveyayinevi.com.tr\/index.php\/wp-json\/wp\/v2\/product"}],"about":[{"href":"https:\/\/roveyayinevi.com.tr\/index.php\/wp-json\/wp\/v2\/types\/product"}],"wp:attachment":[{"href":"https:\/\/roveyayinevi.com.tr\/index.php\/wp-json\/wp\/v2\/media?parent=753413"}],"wp:term":[{"taxonomy":"product_brand","embeddable":true,"href":"https:\/\/roveyayinevi.com.tr\/index.php\/wp-json\/wp\/v2\/product_brand?post=753413"},{"taxonomy":"product_cat","embeddable":true,"href":"https:\/\/roveyayinevi.com.tr\/index.php\/wp-json\/wp\/v2\/product_cat?post=753413"},{"taxonomy":"product_tag","embeddable":true,"href":"https:\/\/roveyayinevi.com.tr\/index.php\/wp-json\/wp\/v2\/product_tag?post=753413"}],"curies":[{"name":"wp","href":"https:\/\/api.w.org\/{rel}","templated":true}]}}