{"id":753412,"date":"2025-08-28T05:42:55","date_gmt":"2025-08-28T02:42:55","guid":{"rendered":"https:\/\/roveyayinevi.com.tr\/index.php\/urun\/bir-psikanalistin-notlari\/"},"modified":"2026-04-13T03:12:33","modified_gmt":"2026-04-13T00:12:33","slug":"bir-psikanalistin-notlari","status":"publish","type":"product","link":"https:\/\/roveyayinevi.com.tr\/index.php\/urun\/bir-psikanalistin-notlari\/","title":{"rendered":"Bir Psikanalistin Notlar\u0131"},"content":{"rendered":"<p>Psikanaliz, hayat\u0131n sundu\u011fu en b\u00fcy\u00fck maceralardan biridir.K\u0131skan\u00e7l\u0131k, yas, su\u00e7luluk, sevgi ve tutku&#8230; Ya\u015fam ve \u00f6l\u00fcm&#8230; Psikanaliz, sonu belirsiz olan tehlikeli bir yoldur. \u0130nsan ruhunun derinliklerinde gizli olan sorunlara temas eder ve kimse bu yolculukta neyle kar\u015f\u0131la\u015faca\u011f\u0131n\u0131 bilemez.G\u00fcney Amerika\u2019n\u0131n en sayg\u0131n psikanalistlerinden Gabriel Rol\u00f3n muayenehanesine gelen hastalar\u0131n ger\u00e7ek hikayelerini ele ald\u0131\u011f\u0131 bu kitapta, g\u00fcnl\u00fck hayat\u0131n detaylar\u0131ndaki psikolojik \u015fifreleri ustaca analiz ediyor. Bir Psikanalistin Notlar\u0131, \u00f6z fark\u0131ndal\u0131\u011f\u0131 artt\u0131ran ve kendi gizemli d\u00fcnyalar\u0131m\u0131za a\u00e7\u0131lan bir anahtar olan psikanalizle ilgili bilinmeyenleri g\u00f6zler \u00f6n\u00fcne seriyor.Sayfalar aras\u0131nda dola\u015f\u0131rken her vakada birbirinden enteresan psikolojik analizlerle kar\u015f\u0131la\u015facak ve her ad\u0131mda \u00e7\u00f6z\u00fcme biraz daha yakla\u015ft\u0131\u011f\u0131n\u0131z\u0131 hissedeceksiniz.<\/p>\n","protected":false},"excerpt":{"rendered":"<p>Psikanaliz, hayat\u0131n sundu\u011fu en b\u00fcy\u00fck maceralardan biridir.K\u0131skan\u00e7l\u0131k, yas, su\u00e7luluk, sevgi ve tutku&#8230; Ya\u015fam ve \u00f6l\u00fcm&#8230; Psikanaliz, sonu belirsiz olan tehlikeli bir yoldur. \u0130nsan ruhunun derinliklerinde gizli<span class=\"excerpt-hellip\"> [\u2026]<\/span><\/p>\n","protected":false},"featured_media":0,"template":"","meta":{"_monsterinsights_skip_tracking":false,"_monsterinsights_sitenote_active":false,"_monsterinsights_sitenote_note":"","_monsterinsights_sitenote_category":0},"product_brand":[],"product_cat":[12357],"product_tag":[],"class_list":{"0":"post-753412","1":"product","2":"type-product","3":"status-publish","5":"product_cat-psikoloji","6":"pa_cilt-ciltsiz","7":"pa_tur-kitap","8":"pa_yayinevi-diyojen-yayincilik","9":"pa_yazar-gabriel-rolon","11":"first","12":"instock","13":"sale","14":"shipping-taxable","15":"purchasable","16":"product-type-simple"},"_links":{"self":[{"href":"https:\/\/roveyayinevi.com.tr\/index.php\/wp-json\/wp\/v2\/product\/753412","targetHints":{"allow":["GET"]}}],"collection":[{"href":"https:\/\/roveyayinevi.com.tr\/index.php\/wp-json\/wp\/v2\/product"}],"about":[{"href":"https:\/\/roveyayinevi.com.tr\/index.php\/wp-json\/wp\/v2\/types\/product"}],"wp:attachment":[{"href":"https:\/\/roveyayinevi.com.tr\/index.php\/wp-json\/wp\/v2\/media?parent=753412"}],"wp:term":[{"taxonomy":"product_brand","embeddable":true,"href":"https:\/\/roveyayinevi.com.tr\/index.php\/wp-json\/wp\/v2\/product_brand?post=753412"},{"taxonomy":"product_cat","embeddable":true,"href":"https:\/\/roveyayinevi.com.tr\/index.php\/wp-json\/wp\/v2\/product_cat?post=753412"},{"taxonomy":"product_tag","embeddable":true,"href":"https:\/\/roveyayinevi.com.tr\/index.php\/wp-json\/wp\/v2\/product_tag?post=753412"}],"curies":[{"name":"wp","href":"https:\/\/api.w.org\/{rel}","templated":true}]}}