{"id":753411,"date":"2025-08-28T05:42:54","date_gmt":"2025-08-28T02:42:54","guid":{"rendered":"https:\/\/roveyayinevi.com.tr\/index.php\/urun\/etkili-iletisimin-13-kurali\/"},"modified":"2026-04-03T03:08:41","modified_gmt":"2026-04-03T00:08:41","slug":"etkili-iletisimin-13-kurali","status":"publish","type":"product","link":"https:\/\/roveyayinevi.com.tr\/index.php\/urun\/etkili-iletisimin-13-kurali\/","title":{"rendered":"Etkili \u0130leti\u015fimin 13 Kural\u0131"},"content":{"rendered":"<p>\u0130yi bir izlenim b\u0131rakmak i\u00e7in ikinci bir \u015fans\u0131n\u0131z\u0131n olmad\u0131\u011f\u0131 bir d\u00fcnyada etkili insan olmay\u0131 denerken t\u00f6kezledi\u011finizde, asl\u0131nda neyi yanl\u0131\u015f yapt\u0131\u011f\u0131n\u0131z\u0131 hi\u00e7 d\u00fc\u015f\u00fcnd\u00fcn\u00fcz m\u00fc? On dakikadan k\u0131sa bir s\u00fcre i\u00e7inde kar\u015f\u0131n\u0131zdaki ki\u015finin g\u00fcvenini kazanmak istemez miydiniz?Bir merak kancas\u0131 ya da v\u00fccut dilindeki ufak bir de\u011fi\u015fiklik ili\u015fkinin t\u00fcm rotas\u0131n\u0131 de\u011fi\u015ftirebilir. Romantik bulu\u015fmalardan i\u015f g\u00f6r\u00fc\u015fmelerine ve su\u00e7lu analizlerine kadar pek \u00e7ok durumda kar\u015f\u0131n\u0131zdakinin y\u00fcksek sesle s\u00f6yleyemedi\u011fi \u015feyleri eski FBI dan\u0131\u015fman\u0131 Jack Shafer\u2019\u0131n g\u00f6z\u00fcnden bakarak \u00e7\u00f6zebilir, insanlar\u0131n zihinlerini ve kalplerini yararl\u0131l\u0131\u011f\u0131 kan\u0131tlanm\u0131\u015f psikolojik taktikler ile fethedebilirsiniz.Art\u0131k kelime may\u0131nlar\u0131 ya da buna benzer tuzaklar engeliniz olmaktan \u00e7\u0131k\u0131yor. Bu kitap size ileti\u015fimin ve etkili insan olman\u0131n 13 alt\u0131n kural\u0131n\u0131 g\u00f6sterecek.<\/p>\n","protected":false},"excerpt":{"rendered":"<p>\u0130yi bir izlenim b\u0131rakmak i\u00e7in ikinci bir \u015fans\u0131n\u0131z\u0131n olmad\u0131\u011f\u0131 bir d\u00fcnyada etkili insan olmay\u0131 denerken t\u00f6kezledi\u011finizde, asl\u0131nda neyi yanl\u0131\u015f yapt\u0131\u011f\u0131n\u0131z\u0131 hi\u00e7 d\u00fc\u015f\u00fcnd\u00fcn\u00fcz m\u00fc? On dakikadan k\u0131sa<span class=\"excerpt-hellip\"> [\u2026]<\/span><\/p>\n","protected":false},"featured_media":0,"template":"","meta":{"_monsterinsights_skip_tracking":false,"_monsterinsights_sitenote_active":false,"_monsterinsights_sitenote_note":"","_monsterinsights_sitenote_category":0},"product_brand":[],"product_cat":[12364,12376],"product_tag":[],"class_list":{"0":"post-753411","1":"product","2":"type-product","3":"status-publish","5":"product_cat-genel-konular","6":"product_cat-kisisel-gelisim","7":"pa_cilt-ciltsiz","8":"pa_tur-kitap","9":"pa_yayinevi-diyojen-yayincilik","10":"pa_yazar-jack-schafer-marvin-karlins","12":"first","13":"instock","14":"sale","15":"shipping-taxable","16":"purchasable","17":"product-type-simple"},"_links":{"self":[{"href":"https:\/\/roveyayinevi.com.tr\/index.php\/wp-json\/wp\/v2\/product\/753411","targetHints":{"allow":["GET"]}}],"collection":[{"href":"https:\/\/roveyayinevi.com.tr\/index.php\/wp-json\/wp\/v2\/product"}],"about":[{"href":"https:\/\/roveyayinevi.com.tr\/index.php\/wp-json\/wp\/v2\/types\/product"}],"wp:attachment":[{"href":"https:\/\/roveyayinevi.com.tr\/index.php\/wp-json\/wp\/v2\/media?parent=753411"}],"wp:term":[{"taxonomy":"product_brand","embeddable":true,"href":"https:\/\/roveyayinevi.com.tr\/index.php\/wp-json\/wp\/v2\/product_brand?post=753411"},{"taxonomy":"product_cat","embeddable":true,"href":"https:\/\/roveyayinevi.com.tr\/index.php\/wp-json\/wp\/v2\/product_cat?post=753411"},{"taxonomy":"product_tag","embeddable":true,"href":"https:\/\/roveyayinevi.com.tr\/index.php\/wp-json\/wp\/v2\/product_tag?post=753411"}],"curies":[{"name":"wp","href":"https:\/\/api.w.org\/{rel}","templated":true}]}}