{"id":753409,"date":"2025-08-28T05:42:51","date_gmt":"2025-08-28T02:42:51","guid":{"rendered":"https:\/\/roveyayinevi.com.tr\/index.php\/urun\/genetik-piyango-sosyal-esitlikte-dnanin-onemi\/"},"modified":"2026-04-16T03:06:47","modified_gmt":"2026-04-16T00:06:47","slug":"genetik-piyango-sosyal-esitlikte-dnanin-onemi","status":"publish","type":"product","link":"https:\/\/roveyayinevi.com.tr\/index.php\/urun\/genetik-piyango-sosyal-esitlikte-dnanin-onemi\/","title":{"rendered":"Genetik Piyango: Sosyal E\u015fitlikte DNA\u2019n\u0131n \u00d6nemi"},"content":{"rendered":"<p>Genetik biliminin daha adil ve e\u015fitlik\u00e7i bir toplum yarat\u0131lmas\u0131nda ne t\u00fcr bir rol oynayabilece\u011fini g\u00f6zler \u00f6n\u00fcne seren \u00e7\u0131\u011f\u0131r a\u00e7\u0131c\u0131 bir kitap!Son y\u0131llarda, Kathryn Paige Harden gibi bilim insanlar\u0131 DNA\u2019m\u0131z\u0131n hem ki\u015filiklerimiz hem sa\u011fl\u0131\u011f\u0131m\u0131z hem de ekonomik ve e\u011fitimsel ba\u015far\u0131lar\u0131m\u0131z a\u00e7\u0131s\u0131ndan bizleri nas\u0131l birbirimizden farkl\u0131 k\u0131ld\u0131\u011f\u0131n\u0131 g\u00f6sterdiler. \u0130\u015fte bu kitapta Harden, okurlara bir yandan genetik bilimindeki son geli\u015fmeleri tan\u0131t\u0131rken, bir yandan da \u0131rksal \u00fcst\u00fcnl\u00fc\u011fe dair tehlikeli fikirleri parampar\u00e7a ediyor ve insanlar\u0131n do\u011fu\u015ftan farkl\u0131l\u0131klar ta\u015f\u0131yarak geldi\u011fi bu d\u00fcnyada bizleri e\u015fitli\u011fin ger\u00e7ek anlam\u0131yla y\u00fczle\u015fmeye davet ediyor. Kendi ya\u015fad\u0131klar\u0131n\u0131 bilimsel kan\u0131tlarla harmanlayan Harden, DNA\u2019n\u0131n g\u00fcc\u00fcn\u00fc ink\u00e2r edi\u015fimizin toplumumuzdaki meritokrasi efsanesini nas\u0131l canl\u0131 tuttu\u011funu g\u00f6steriyor ve hakkaniyetli bir toplum yaratmak istiyorsak genetik talihin rol\u00fcn\u00fc asla g\u00f6z ard\u0131 etmememiz gerekti\u011fini \u00f6ne s\u00fcr\u00fcyor. Genetik bilimini \u0131rk\u00e7\u0131l\u0131\u011f\u0131n ve \u00f6jenik ideolojilerin elinden kurtarma iddias\u0131nda olan Genetik Piyango, do\u011fu\u015ftan ne gibi farkl\u0131l\u0131klar\u0131m\u0131z olursa olsun herkesin kendi potansiyeline eri\u015febildi\u011fi yeni bir toplum vizyonu \u00f6neriyor.<\/p>\n","protected":false},"excerpt":{"rendered":"<p>Genetik biliminin daha adil ve e\u015fitlik\u00e7i bir toplum yarat\u0131lmas\u0131nda ne t\u00fcr bir rol oynayabilece\u011fini g\u00f6zler \u00f6n\u00fcne seren \u00e7\u0131\u011f\u0131r a\u00e7\u0131c\u0131 bir kitap!Son y\u0131llarda, Kathryn Paige Harden gibi<span class=\"excerpt-hellip\"> [\u2026]<\/span><\/p>\n","protected":false},"featured_media":0,"template":"","meta":{"_monsterinsights_skip_tracking":false,"_monsterinsights_sitenote_active":false,"_monsterinsights_sitenote_note":"","_monsterinsights_sitenote_category":0},"product_brand":[],"product_cat":[13005,13006],"product_tag":[],"class_list":{"0":"post-753409","1":"product","2":"type-product","3":"status-publish","5":"product_cat-bilim-muhendislik","6":"product_cat-populer-bilim","7":"pa_cilt-ciltsiz","8":"pa_tur-kitap","9":"pa_yayinevi-minotor-kitap","10":"pa_yazar-kathryn-paige-harden","12":"first","13":"instock","14":"sale","15":"shipping-taxable","16":"purchasable","17":"product-type-simple"},"_links":{"self":[{"href":"https:\/\/roveyayinevi.com.tr\/index.php\/wp-json\/wp\/v2\/product\/753409","targetHints":{"allow":["GET"]}}],"collection":[{"href":"https:\/\/roveyayinevi.com.tr\/index.php\/wp-json\/wp\/v2\/product"}],"about":[{"href":"https:\/\/roveyayinevi.com.tr\/index.php\/wp-json\/wp\/v2\/types\/product"}],"wp:attachment":[{"href":"https:\/\/roveyayinevi.com.tr\/index.php\/wp-json\/wp\/v2\/media?parent=753409"}],"wp:term":[{"taxonomy":"product_brand","embeddable":true,"href":"https:\/\/roveyayinevi.com.tr\/index.php\/wp-json\/wp\/v2\/product_brand?post=753409"},{"taxonomy":"product_cat","embeddable":true,"href":"https:\/\/roveyayinevi.com.tr\/index.php\/wp-json\/wp\/v2\/product_cat?post=753409"},{"taxonomy":"product_tag","embeddable":true,"href":"https:\/\/roveyayinevi.com.tr\/index.php\/wp-json\/wp\/v2\/product_tag?post=753409"}],"curies":[{"name":"wp","href":"https:\/\/api.w.org\/{rel}","templated":true}]}}