{"id":753402,"date":"2025-08-28T05:42:40","date_gmt":"2025-08-28T02:42:40","guid":{"rendered":"https:\/\/roveyayinevi.com.tr\/index.php\/urun\/mucize-beyin\/"},"modified":"2026-04-13T03:12:32","modified_gmt":"2026-04-13T00:12:32","slug":"mucize-beyin","status":"publish","type":"product","link":"https:\/\/roveyayinevi.com.tr\/index.php\/urun\/mucize-beyin\/","title":{"rendered":"Mucize Beyin"},"content":{"rendered":"<p>Bir sabah, 37 ya\u015f\u0131ndaki bir beyin bilimci olan Jill Bolte Taylor\u2019\u0131n beyninin sol yar\u0131m k\u00fcresinde nadir g\u00f6r\u00fclen bir inme meydana gelir. Taylor d\u00f6rt saat kadar k\u0131sa bir s\u00fcre i\u00e7inde zihninin okuyup yazamayacak, y\u00fcr\u00fcyemeyecek, konu\u015famayacak ve hayat\u0131ndaki pek \u00e7ok \u015feyi hat\u0131rlamayacak kadar k\u00f6t\u00fc hale geli\u015fini dakika dakika g\u00f6zlemler. Bu s\u00fcre\u00e7te, mant\u0131ksal sol beyninin acil yard\u0131ma eri\u015fmek i\u00e7in nas\u0131l \u00e7abalad\u0131\u011f\u0131n\u0131 ve sezgisel sa\u011f beyninin bu deneyimi nas\u0131l b\u00fcy\u00fck bir co\u015fkuyla kar\u015f\u0131lad\u0131\u011f\u0131n\u0131 fark eder. Sa\u011f beyni \u00f6zg\u00fcrle\u015fti\u011finde d\u00fcnyay\u0131 alg\u0131lay\u0131\u015f bi\u00e7imi de\u011fi\u015fmi\u015f ve evrenle bir oldu\u011fu derin bir i\u00e7 huzuru yakalam\u0131\u015ft\u0131r. Art\u0131k bedeninin s\u0131n\u0131rlar\u0131 yoktur. Bu, Budistlerin \u201cNirvana\u201d dedi\u011fi t\u00fcrden ruhsal bir uyan\u0131\u015ft\u0131r. Sekiz y\u0131l s\u00fcren iyile\u015fme s\u00fcrecinin ard\u0131ndan Taylor ya\u015fad\u0131\u011f\u0131 bu ruhsal uyan\u0131\u015f\u0131 yaln\u0131zca inme ge\u00e7irenlere de\u011fil, herkese faydal\u0131 olmak i\u00e7in kullanmaya karar verir. Bu ama\u00e7la yapt\u0131\u011f\u0131 TED konu\u015fmas\u0131 sayesinde b\u00fcy\u00fck ilgi toplayan yazar, bu eseriyle New York Times \u00e7ok satanlar listesinde 63 hafta boyunca yerini korudu ve kitap yakla\u015f\u0131k 30 dilde yay\u0131mland\u0131. Jill Bolte Taylor, bu \u00e7al\u0131\u015fmas\u0131nda size s\u0131rlarla dolu beyninizin mucizelerine tan\u0131k olman\u0131z ve i\u00e7 huzurunuzu bulman\u0131z i\u00e7in deneyimleriyle rehberlik edecek. DR. JILL BOLTE TAYLOR, Harvard e\u011fitimli bir n\u00f6roanatomisttir. 2008 y\u0131l\u0131nda Time dergisi taraf\u0131ndan belirlenen \u201cD\u00fcnyan\u0131n En Etkili 100 Ki\u015fisi\u201d listesine girmi\u015ftir.<\/p>\n","protected":false},"excerpt":{"rendered":"<p>Bir sabah, 37 ya\u015f\u0131ndaki bir beyin bilimci olan Jill Bolte Taylor\u2019\u0131n beyninin sol yar\u0131m k\u00fcresinde nadir g\u00f6r\u00fclen bir inme meydana gelir. Taylor d\u00f6rt saat kadar k\u0131sa<span class=\"excerpt-hellip\"> [\u2026]<\/span><\/p>\n","protected":false},"featured_media":0,"template":"","meta":{"_monsterinsights_skip_tracking":false,"_monsterinsights_sitenote_active":false,"_monsterinsights_sitenote_note":"","_monsterinsights_sitenote_category":0},"product_brand":[],"product_cat":[12364,12376],"product_tag":[],"class_list":{"0":"post-753402","1":"product","2":"type-product","3":"status-publish","5":"product_cat-genel-konular","6":"product_cat-kisisel-gelisim","7":"pa_cilt-ciltsiz","8":"pa_tur-kitap","9":"pa_yayinevi-diyojen-yayincilik","10":"pa_yazar-jill-bolte-taylor","12":"first","13":"instock","14":"sale","15":"shipping-taxable","16":"purchasable","17":"product-type-simple"},"_links":{"self":[{"href":"https:\/\/roveyayinevi.com.tr\/index.php\/wp-json\/wp\/v2\/product\/753402","targetHints":{"allow":["GET"]}}],"collection":[{"href":"https:\/\/roveyayinevi.com.tr\/index.php\/wp-json\/wp\/v2\/product"}],"about":[{"href":"https:\/\/roveyayinevi.com.tr\/index.php\/wp-json\/wp\/v2\/types\/product"}],"wp:attachment":[{"href":"https:\/\/roveyayinevi.com.tr\/index.php\/wp-json\/wp\/v2\/media?parent=753402"}],"wp:term":[{"taxonomy":"product_brand","embeddable":true,"href":"https:\/\/roveyayinevi.com.tr\/index.php\/wp-json\/wp\/v2\/product_brand?post=753402"},{"taxonomy":"product_cat","embeddable":true,"href":"https:\/\/roveyayinevi.com.tr\/index.php\/wp-json\/wp\/v2\/product_cat?post=753402"},{"taxonomy":"product_tag","embeddable":true,"href":"https:\/\/roveyayinevi.com.tr\/index.php\/wp-json\/wp\/v2\/product_tag?post=753402"}],"curies":[{"name":"wp","href":"https:\/\/api.w.org\/{rel}","templated":true}]}}