{"id":753400,"date":"2025-08-28T05:42:37","date_gmt":"2025-08-28T02:42:37","guid":{"rendered":"https:\/\/roveyayinevi.com.tr\/index.php\/urun\/aydedeye-misafir-olmak\/"},"modified":"2026-04-16T03:06:46","modified_gmt":"2026-04-16T00:06:46","slug":"aydedeye-misafir-olmak","status":"publish","type":"product","link":"https:\/\/roveyayinevi.com.tr\/index.php\/urun\/aydedeye-misafir-olmak\/","title":{"rendered":"Aydede&#8217;ye Misafir Olmak"},"content":{"rendered":"<p>Zaman\u0131n birinde alt\u0131n sar\u0131s\u0131 sa\u00e7lar\u0131, kocaman kahverengi g\u00f6zleri, kiraz gibi k\u0131rm\u0131z\u0131 ve minicik dudaklar\u0131yla sorular soran k\u00fc\u00e7\u00fck bir Uraz varm\u0131\u015f. Uraz\u2019 \u0131 en \u00e7ok b\u00fcy\u00fcleyen \u015fey, ak\u015fam olunca g\u00f6ky\u00fcz\u00fcnde par\u0131ldayan y\u0131ld\u0131zlar ve geceleri penceresinden s\u00fcz\u00fclen \u0131\u015f\u0131\u011f\u0131yla odas\u0131n\u0131 ayd\u0131nlatan Aydede\u2019ymi\u015f.<\/p>\n","protected":false},"excerpt":{"rendered":"<p>Zaman\u0131n birinde alt\u0131n sar\u0131s\u0131 sa\u00e7lar\u0131, kocaman kahverengi g\u00f6zleri, kiraz gibi k\u0131rm\u0131z\u0131 ve minicik dudaklar\u0131yla sorular soran k\u00fc\u00e7\u00fck bir Uraz varm\u0131\u015f. Uraz\u2019 \u0131 en \u00e7ok b\u00fcy\u00fcleyen \u015fey,<span class=\"excerpt-hellip\"> [\u2026]<\/span><\/p>\n","protected":false},"featured_media":0,"template":"","meta":{"_monsterinsights_skip_tracking":false,"_monsterinsights_sitenote_active":false,"_monsterinsights_sitenote_note":"","_monsterinsights_sitenote_category":0},"product_brand":[],"product_cat":[12274,12523],"product_tag":[],"class_list":{"0":"post-753400","1":"product","2":"type-product","3":"status-publish","5":"product_cat-cocuk-ve-genclik-kitaplari","6":"product_cat-masallar","7":"pa_cilt-ciltsiz","8":"pa_tur-kitap","9":"pa_yayinevi-kitap-muptelasi-yayinlari","10":"pa_yazar-gul-ozdemir","12":"first","13":"instock","14":"sale","15":"shipping-taxable","16":"purchasable","17":"product-type-simple"},"_links":{"self":[{"href":"https:\/\/roveyayinevi.com.tr\/index.php\/wp-json\/wp\/v2\/product\/753400","targetHints":{"allow":["GET"]}}],"collection":[{"href":"https:\/\/roveyayinevi.com.tr\/index.php\/wp-json\/wp\/v2\/product"}],"about":[{"href":"https:\/\/roveyayinevi.com.tr\/index.php\/wp-json\/wp\/v2\/types\/product"}],"wp:attachment":[{"href":"https:\/\/roveyayinevi.com.tr\/index.php\/wp-json\/wp\/v2\/media?parent=753400"}],"wp:term":[{"taxonomy":"product_brand","embeddable":true,"href":"https:\/\/roveyayinevi.com.tr\/index.php\/wp-json\/wp\/v2\/product_brand?post=753400"},{"taxonomy":"product_cat","embeddable":true,"href":"https:\/\/roveyayinevi.com.tr\/index.php\/wp-json\/wp\/v2\/product_cat?post=753400"},{"taxonomy":"product_tag","embeddable":true,"href":"https:\/\/roveyayinevi.com.tr\/index.php\/wp-json\/wp\/v2\/product_tag?post=753400"}],"curies":[{"name":"wp","href":"https:\/\/api.w.org\/{rel}","templated":true}]}}