{"id":753398,"date":"2025-08-28T05:42:35","date_gmt":"2025-08-28T02:42:35","guid":{"rendered":"https:\/\/roveyayinevi.com.tr\/index.php\/urun\/klinik-sosyal-hizmet-uygulamasi\/"},"modified":"2026-04-16T03:06:46","modified_gmt":"2026-04-16T00:06:46","slug":"klinik-sosyal-hizmet-uygulamasi","status":"publish","type":"product","link":"https:\/\/roveyayinevi.com.tr\/index.php\/urun\/klinik-sosyal-hizmet-uygulamasi\/","title":{"rendered":"Klinik Sosyal Hizmet Uygulamas\u0131"},"content":{"rendered":"<p>Ruh sa\u011fl\u0131\u011f\u0131 alan\u0131nda yeni bir \u00e7a\u011f\u0131n \u015fafa\u011f\u0131nday\u0131z. Geni\u015fleyen biyopsikososyal bilgi temeli ve bu bilgiyi uygulamaya yans\u0131tan deneyim, ge\u00e7mi\u015fte umudun olduk\u00e7a az oldu\u011fu dan\u0131\u015fanlar i\u00e7in, yeni ve kan\u0131ta dayal\u0131 y\u00f6ntemler sa\u011fl\u0131yor. Ciddi ve orta d\u00fczeyde engelleyici ko\u015fullara sahip ve farkl\u0131 k\u00fclt\u00fcrlerden gelen dan\u0131\u015fanlar\u0131n artan varl\u0131\u011f\u0131 ise klinik ve k\u00fclt\u00fcrel yeterlili\u011fe olan ihtiyac\u0131 art\u0131r\u0131yor. Bizler de Klinik Sosyal Hizmet Uygulamas\u0131 isimli kitapla bu d\u00f6n\u00fc\u015f\u00fcme katk\u0131da bulunma amac\u0131 ile sosyal hizmet uzmanlar\u0131n\u0131 haz\u0131rlamay\u0131 umuyoruz. Sosyal hizmet uzmanlar\u0131, s\u00fcresi s\u0131n\u0131rl\u0131 psikoterapiye ihtiya\u00e7\u0327 duyan ve s\u00fcrekli destekleyici bak\u0131ma ihtiya\u00e7\u0327 duyan dan\u0131\u015fanlara klinik hizmetler sunar. Hem kamu sekt\u00f6r\u00fcnde hem de \u00f6zel kliniklerde \u00e7al\u0131\u015f\u0131rlar. Kendisini ki\u015fi ve \u00e7evre aras\u0131ndaki aray\u00fczde g\u00f6ren bir mesle\u011fin \u00fcyeleri olan sosyal hizmet uzmanlar\u0131, dan\u0131\u015fan, davran\u0131\u015fsal sa\u011fl\u0131k tedavi ekibi ve toplum aras\u0131nda kritik bir ba\u011flant\u0131 olu\u015fturmaktad\u0131r. Bu kitap, ruh sa\u011fl\u0131\u011f\u0131\/davran\u0131\u015f\u0327 sa\u011fl\u0131\u011f\u0131 alan\u0131nda yeti\u015fkinlerle sosyal hizmet uygulamalar\u0131 konusunda uzmanl\u0131k kazanmak isteyenler i\u00e7in yaz\u0131lm\u0131\u015ft\u0131r. Kitab\u0131n hedef kitlelerinden biri, ruh sa\u011fl\u0131\u011f\u0131 alan\u0131nda ders alan veya bu konuda uzmanla\u015fan sosyal hizmet lisans\u00fcst\u00fc \u00f6\u011frencileridir. Ruh sa\u011fl\u0131\u011f\u0131 alan\u0131na ilgi duyan veya bu alanda kariyer yapmaya haz\u0131rlanan lisans \u00f6\u011frencileri de bir di\u011fer kitleyi olu\u015fturmaktad\u0131r. \u00dc\u00e7\u00fcnc\u00fc bir okuyucu kitlesi, ruh sa\u011fl\u0131\u011f\u0131 pratisyenleridir. Bu kitap sosyal hizmet bak\u0131\u015f\u0327 ac\u0131s\u0131yla yaz\u0131lm\u0131\u015f\u0327 olmas\u0131na ra\u011fmen, klinisyenler ve hem\u015firelik ya da di\u011fer ilgili mesleklerin \u00f6\u011frencileri de, pek \u00e7ok konuda bu kitaptan yararlanabilirler. <\/p>\n","protected":false},"excerpt":{"rendered":"<p>Ruh sa\u011fl\u0131\u011f\u0131 alan\u0131nda yeni bir \u00e7a\u011f\u0131n \u015fafa\u011f\u0131nday\u0131z. Geni\u015fleyen biyopsikososyal bilgi temeli ve bu bilgiyi uygulamaya yans\u0131tan deneyim, ge\u00e7mi\u015fte umudun olduk\u00e7a az oldu\u011fu dan\u0131\u015fanlar i\u00e7in, yeni ve<span class=\"excerpt-hellip\"> [\u2026]<\/span><\/p>\n","protected":false},"featured_media":0,"template":"","meta":{"_monsterinsights_skip_tracking":false,"_monsterinsights_sitenote_active":false,"_monsterinsights_sitenote_note":"","_monsterinsights_sitenote_category":0},"product_brand":[],"product_cat":[20502,12357],"product_tag":[],"class_list":{"0":"post-753398","1":"product","2":"type-product","3":"status-publish","5":"product_cat-basvuru-kitaplari-psikoloji","6":"product_cat-psikoloji","7":"pa_cilt-ciltsiz","8":"pa_tur-kitap","9":"pa_yayinevi-nika-yayinevi","10":"pa_yazar-roberta-g-sands-zwi-d-gellis","12":"first","13":"instock","14":"sale","15":"shipping-taxable","16":"purchasable","17":"product-type-simple"},"_links":{"self":[{"href":"https:\/\/roveyayinevi.com.tr\/index.php\/wp-json\/wp\/v2\/product\/753398","targetHints":{"allow":["GET"]}}],"collection":[{"href":"https:\/\/roveyayinevi.com.tr\/index.php\/wp-json\/wp\/v2\/product"}],"about":[{"href":"https:\/\/roveyayinevi.com.tr\/index.php\/wp-json\/wp\/v2\/types\/product"}],"wp:attachment":[{"href":"https:\/\/roveyayinevi.com.tr\/index.php\/wp-json\/wp\/v2\/media?parent=753398"}],"wp:term":[{"taxonomy":"product_brand","embeddable":true,"href":"https:\/\/roveyayinevi.com.tr\/index.php\/wp-json\/wp\/v2\/product_brand?post=753398"},{"taxonomy":"product_cat","embeddable":true,"href":"https:\/\/roveyayinevi.com.tr\/index.php\/wp-json\/wp\/v2\/product_cat?post=753398"},{"taxonomy":"product_tag","embeddable":true,"href":"https:\/\/roveyayinevi.com.tr\/index.php\/wp-json\/wp\/v2\/product_tag?post=753398"}],"curies":[{"name":"wp","href":"https:\/\/api.w.org\/{rel}","templated":true}]}}