{"id":753397,"date":"2025-08-28T05:42:34","date_gmt":"2025-08-28T02:42:34","guid":{"rendered":"https:\/\/roveyayinevi.com.tr\/index.php\/urun\/kayip-mikroplar\/"},"modified":"2026-04-16T03:06:46","modified_gmt":"2026-04-16T00:06:46","slug":"kayip-mikroplar","status":"publish","type":"product","link":"https:\/\/roveyayinevi.com.tr\/index.php\/urun\/kayip-mikroplar\/","title":{"rendered":"Kay\u0131p Mikroplar"},"content":{"rendered":"<p>\u201cHer birimiz, \u00e7ok uzun zamand\u0131r t\u00fcr\u00fcm\u00fczle birlikte evrilmekte olan mikroplar\u0131n muazzam \u00e7e\u015fitlilikteki bir ekolojisine evsahipli\u011fi yap\u0131yoruz. Hepsi birlikte ba\u011f\u0131\u015f\u0131kl\u0131\u011f\u0131m\u0131zda ve hastal\u0131klar\u0131 yenme becerimizde kritik bir rol oynuyorlar. K\u0131sacas\u0131 bizi sa\u011fl\u0131kl\u0131 tutan, mikrobiyomumuz. Fakat bu mikrobiyomun baz\u0131 bile\u015fenlerini yitiriyoruz.   \u201cBu felaketin nedenleri her yan\u0131m\u0131z\u0131 sarm\u0131\u015f durumda; insanlarda ve hayvanlarda antibiyotiklerin a\u015f\u0131r\u0131 kullan\u0131m\u0131, sezaryen do\u011fumlar, temizleyicilerin ve antiseptiklerin yayg\u0131n kullan\u0131m\u0131 bunlardan sadece birka\u00e7\u0131. Antibiyotik direnci \u00e7ok b\u00fcy\u00fck bir sorun. Ama diren\u00e7li patojenler ne kadar korkutucu olsa da, mikrobiyomumuzun \u00e7e\u015fitlili\u011finde ortaya \u00e7\u0131kan kay\u0131plar \u00e7ok daha tehlikeli. Bu kay\u0131plar metabolizmam\u0131z\u0131, ba\u011f\u0131\u015f\u0131kl\u0131\u011f\u0131m\u0131z\u0131 ve bili\u015fsel yetimizi etkileyerek bedensel geli\u015fimin kendisini de\u011fi\u015ftiriyor.   \u201cE\u011fer tutum de\u011fi\u015ftirmezsek, daha k\u00f6t\u00fc bir senaryo kar\u015f\u0131m\u0131za \u00e7\u0131kacak. \u0130\u015fte bu y\u00fczden alarm zillerini \u00e7al\u0131yorum.\u201d   Mikrobiyolog Martin J. Blaser, \u00e7a\u011f\u0131m\u0131z\u0131n ciddi sorunlar\u0131ndan birine parmak bast\u0131\u011f\u0131 bu \u00f6nemli kitab\u0131nda, \u201cya\u015famsal bir organ\u201d olarak niteledi\u011fi mikrobiyomumuzu olu\u015fturan mikroplar\u0131n bir k\u0131sm\u0131n\u0131 neden kaybetmekte oldu\u011fumuzu, bu durumun hangi yayg\u0131n sa\u011fl\u0131k sorunlar\u0131n\u0131 k\u00f6r\u00fckl\u00fcyor olabilece\u011fini ve bu kayb\u0131n telafi edilmesi i\u00e7in neler yap\u0131labilece\u011fini yal\u0131n bir dille anlat\u0131yor. <\/p>\n","protected":false},"excerpt":{"rendered":"<p>\u201cHer birimiz, \u00e7ok uzun zamand\u0131r t\u00fcr\u00fcm\u00fczle birlikte evrilmekte olan mikroplar\u0131n muazzam \u00e7e\u015fitlilikteki bir ekolojisine evsahipli\u011fi yap\u0131yoruz. Hepsi birlikte ba\u011f\u0131\u015f\u0131kl\u0131\u011f\u0131m\u0131zda ve hastal\u0131klar\u0131 yenme becerimizde kritik bir rol<span class=\"excerpt-hellip\"> [\u2026]<\/span><\/p>\n","protected":false},"featured_media":0,"template":"","meta":{"_monsterinsights_skip_tracking":false,"_monsterinsights_sitenote_active":false,"_monsterinsights_sitenote_note":"","_monsterinsights_sitenote_category":0},"product_brand":[],"product_cat":[13366,13365],"product_tag":[],"class_list":{"0":"post-753397","1":"product","2":"type-product","3":"status-publish","5":"product_cat-diger-saglik","6":"product_cat-saglik","7":"pa_cilt-ciltsiz","8":"pa_tur-kitap","9":"pa_yayinevi-metis-yayinlari","10":"pa_yazar-martin-j-blaser","12":"first","13":"instock","14":"sale","15":"shipping-taxable","16":"purchasable","17":"product-type-simple"},"_links":{"self":[{"href":"https:\/\/roveyayinevi.com.tr\/index.php\/wp-json\/wp\/v2\/product\/753397","targetHints":{"allow":["GET"]}}],"collection":[{"href":"https:\/\/roveyayinevi.com.tr\/index.php\/wp-json\/wp\/v2\/product"}],"about":[{"href":"https:\/\/roveyayinevi.com.tr\/index.php\/wp-json\/wp\/v2\/types\/product"}],"wp:attachment":[{"href":"https:\/\/roveyayinevi.com.tr\/index.php\/wp-json\/wp\/v2\/media?parent=753397"}],"wp:term":[{"taxonomy":"product_brand","embeddable":true,"href":"https:\/\/roveyayinevi.com.tr\/index.php\/wp-json\/wp\/v2\/product_brand?post=753397"},{"taxonomy":"product_cat","embeddable":true,"href":"https:\/\/roveyayinevi.com.tr\/index.php\/wp-json\/wp\/v2\/product_cat?post=753397"},{"taxonomy":"product_tag","embeddable":true,"href":"https:\/\/roveyayinevi.com.tr\/index.php\/wp-json\/wp\/v2\/product_tag?post=753397"}],"curies":[{"name":"wp","href":"https:\/\/api.w.org\/{rel}","templated":true}]}}