{"id":753391,"date":"2025-08-28T05:42:22","date_gmt":"2025-08-28T02:42:22","guid":{"rendered":"https:\/\/roveyayinevi.com.tr\/index.php\/urun\/dus-bahcesi\/"},"modified":"2026-04-16T03:06:46","modified_gmt":"2026-04-16T00:06:46","slug":"dus-bahcesi","status":"publish","type":"product","link":"https:\/\/roveyayinevi.com.tr\/index.php\/urun\/dus-bahcesi\/","title":{"rendered":"D\u00fc\u015f Bah\u00e7esi"},"content":{"rendered":"<p>Ayda Er\u00fclgen \u00c7ay\u0131r, sadece \u00e7ocuklar i\u00e7in de\u011fil, yeti\u015fkinler i\u00e7in de s\u0131cac\u0131k hik\u00e2yelerini bir araya getiriyor bu kitapta. Kimi zaman bir korsan edas\u0131yla define haritalar\u0131n\u0131n yolu aralan\u0131yor, kimi zaman deli fi\u015fek bir tav\u015fan i\u00e7in anne ile babaya kafa tutuluyor. Bozcaada\u2019n\u0131n sokaklar\u0131nda geziniyor bazen \u00e7ocukluk. Bazense her \u015feyin, derelerin, \u00e7aylar\u0131n hatta zaman\u0131n bile m\u00fczik e\u015fli\u011finde akt\u0131\u011f\u0131 bir \u00fclkeye var\u0131yor.   D\u00fc\u015f ile ger\u00e7ek aras\u0131nda, \u00e7ocuklara ve i\u00e7indeki \u00e7ocu\u011fu korumu\u015f olanlara, Y\u00fczleri g\u00fcl\u00fcmseten bir D\u00dc\u015e BAH\u00c7ES\u0130 sunuyor!   *** Y\u0131llar sonra gittim g\u00f6rd\u00fcm define adam\u0131z\u0131. Etraf\u0131n\u0131 diz boyu otlar b\u00fcr\u00fcm\u00fc\u015f. Ne korsanlardan eser var ne de defineden. Bir tek, ya\u015fl\u0131 dut a\u011fac\u0131 kalm\u0131\u015f eskilerden. Allah\u2019tan tan\u0131d\u0131 beni. \u201cNe g\u00fczel g\u00fcnlerdi de\u011fil mi!\u201d dedim.<\/p>\n","protected":false},"excerpt":{"rendered":"<p>Ayda Er\u00fclgen \u00c7ay\u0131r, sadece \u00e7ocuklar i\u00e7in de\u011fil, yeti\u015fkinler i\u00e7in de s\u0131cac\u0131k hik\u00e2yelerini bir araya getiriyor bu kitapta. Kimi zaman bir korsan edas\u0131yla define haritalar\u0131n\u0131n yolu aralan\u0131yor,<span class=\"excerpt-hellip\"> [\u2026]<\/span><\/p>\n","protected":false},"featured_media":0,"template":"","meta":{"_monsterinsights_skip_tracking":false,"_monsterinsights_sitenote_active":false,"_monsterinsights_sitenote_note":"","_monsterinsights_sitenote_category":0},"product_brand":[],"product_cat":[12274,12284],"product_tag":[],"class_list":{"0":"post-753391","1":"product","2":"type-product","3":"status-publish","5":"product_cat-cocuk-ve-genclik-kitaplari","6":"product_cat-hikayeler","7":"pa_cilt-ciltsiz","8":"pa_tur-kitap","9":"pa_yayinevi-luna-cocuk-yayinlari","10":"pa_yazar-ayda-erulgen-cayir","12":"first","13":"instock","14":"sale","15":"shipping-taxable","16":"purchasable","17":"product-type-simple"},"_links":{"self":[{"href":"https:\/\/roveyayinevi.com.tr\/index.php\/wp-json\/wp\/v2\/product\/753391","targetHints":{"allow":["GET"]}}],"collection":[{"href":"https:\/\/roveyayinevi.com.tr\/index.php\/wp-json\/wp\/v2\/product"}],"about":[{"href":"https:\/\/roveyayinevi.com.tr\/index.php\/wp-json\/wp\/v2\/types\/product"}],"wp:attachment":[{"href":"https:\/\/roveyayinevi.com.tr\/index.php\/wp-json\/wp\/v2\/media?parent=753391"}],"wp:term":[{"taxonomy":"product_brand","embeddable":true,"href":"https:\/\/roveyayinevi.com.tr\/index.php\/wp-json\/wp\/v2\/product_brand?post=753391"},{"taxonomy":"product_cat","embeddable":true,"href":"https:\/\/roveyayinevi.com.tr\/index.php\/wp-json\/wp\/v2\/product_cat?post=753391"},{"taxonomy":"product_tag","embeddable":true,"href":"https:\/\/roveyayinevi.com.tr\/index.php\/wp-json\/wp\/v2\/product_tag?post=753391"}],"curies":[{"name":"wp","href":"https:\/\/api.w.org\/{rel}","templated":true}]}}