{"id":753388,"date":"2025-08-28T05:42:17","date_gmt":"2025-08-28T02:42:17","guid":{"rendered":"https:\/\/roveyayinevi.com.tr\/index.php\/urun\/eyvah-ucuyorum\/"},"modified":"2026-04-16T03:06:46","modified_gmt":"2026-04-16T00:06:46","slug":"eyvah-ucuyorum","status":"publish","type":"product","link":"https:\/\/roveyayinevi.com.tr\/index.php\/urun\/eyvah-ucuyorum\/","title":{"rendered":"Eyvah U\u00e7uyorum"},"content":{"rendered":"<p>Kara kedi ZEYT\u0130N, Bayku\u015f Mozi\u2019nin ya\u015fad\u0131\u011f\u0131 yeri merak ediyordu. Ancak buraya sadece u\u00e7arak gidebilirdi. Bayku\u015f Mozi ve arkada\u015flar\u0131 ona yard\u0131m edebilirdi. Peki! Bir kedinin u\u00e7mas\u0131 iyi bir fikir miydi? Neden bu \u00fclkede ya\u015fayan herkes \u00e7ok mutluydu? Payla\u015fmak, iyilik yapmak, sevmek ve sevgiyi g\u00f6stermek mutlu olmak i\u00e7in yeterli miydi?   Mutlulu\u011fa u\u00e7an bir kedinin yolculu\u011funda ona e\u015flik etmek ister misiniz?   \u201cMiyavlar a\u015fk\u0131na! Bu anlat\u0131lamaz bir g\u00fczellik&#8230;\u201d<\/p>\n","protected":false},"excerpt":{"rendered":"<p>Kara kedi ZEYT\u0130N, Bayku\u015f Mozi\u2019nin ya\u015fad\u0131\u011f\u0131 yeri merak ediyordu. Ancak buraya sadece u\u00e7arak gidebilirdi. Bayku\u015f Mozi ve arkada\u015flar\u0131 ona yard\u0131m edebilirdi. Peki! Bir kedinin u\u00e7mas\u0131 iyi<span class=\"excerpt-hellip\"> [\u2026]<\/span><\/p>\n","protected":false},"featured_media":0,"template":"","meta":{"_monsterinsights_skip_tracking":false,"_monsterinsights_sitenote_active":false,"_monsterinsights_sitenote_note":"","_monsterinsights_sitenote_category":0},"product_brand":[],"product_cat":[12274,12284],"product_tag":[],"class_list":{"0":"post-753388","1":"product","2":"type-product","3":"status-publish","5":"product_cat-cocuk-ve-genclik-kitaplari","6":"product_cat-hikayeler","7":"pa_cilt-ciltsiz","8":"pa_tur-kitap","9":"pa_yayinevi-luna-cocuk-yayinlari","10":"pa_yazar-pelin-demirel","12":"first","13":"instock","14":"sale","15":"shipping-taxable","16":"purchasable","17":"product-type-simple"},"_links":{"self":[{"href":"https:\/\/roveyayinevi.com.tr\/index.php\/wp-json\/wp\/v2\/product\/753388","targetHints":{"allow":["GET"]}}],"collection":[{"href":"https:\/\/roveyayinevi.com.tr\/index.php\/wp-json\/wp\/v2\/product"}],"about":[{"href":"https:\/\/roveyayinevi.com.tr\/index.php\/wp-json\/wp\/v2\/types\/product"}],"wp:attachment":[{"href":"https:\/\/roveyayinevi.com.tr\/index.php\/wp-json\/wp\/v2\/media?parent=753388"}],"wp:term":[{"taxonomy":"product_brand","embeddable":true,"href":"https:\/\/roveyayinevi.com.tr\/index.php\/wp-json\/wp\/v2\/product_brand?post=753388"},{"taxonomy":"product_cat","embeddable":true,"href":"https:\/\/roveyayinevi.com.tr\/index.php\/wp-json\/wp\/v2\/product_cat?post=753388"},{"taxonomy":"product_tag","embeddable":true,"href":"https:\/\/roveyayinevi.com.tr\/index.php\/wp-json\/wp\/v2\/product_tag?post=753388"}],"curies":[{"name":"wp","href":"https:\/\/api.w.org\/{rel}","templated":true}]}}