{"id":753387,"date":"2025-08-28T05:42:15","date_gmt":"2025-08-28T02:42:15","guid":{"rendered":"https:\/\/roveyayinevi.com.tr\/index.php\/urun\/dedemin-limon-agaci\/"},"modified":"2026-04-16T03:06:46","modified_gmt":"2026-04-16T00:06:46","slug":"dedemin-limon-agaci","status":"publish","type":"product","link":"https:\/\/roveyayinevi.com.tr\/index.php\/urun\/dedemin-limon-agaci\/","title":{"rendered":"Dedemin Limon A\u011fac\u0131"},"content":{"rendered":"<p>Neeeeeeeee! Limon bir meyve mi? Peki biber? Salatal\u0131k? Domates? \u201cNas\u0131l olur!\u201d *** Alt\u0131n gibi sapsar\u0131 sa\u00e7lar\u0131 olan Zerrin, yaz tatili i\u00e7in dedesinin \u00e7iftli\u011findedir. Sorulacak \u00e7ok soru, \u015fa\u015f\u0131rtacak \u00e7ok cevap vard\u0131r. Limon kokusu e\u015fli\u011finde ge\u00e7er bir yaz. Ve geriye, hem \u00f6\u011freten hem g\u00fcl\u00fcmseten e\u011flenceli bir hik\u00e2ye kal\u0131r. Esra Tiryaki\u2019nin nahif kaleminden, etrafa mis kokular yay\u0131l\u0131r. \u201cKoklad\u0131k\u00e7a beni hat\u0131rlamay\u0131 unutma g\u00fczel torunum.\u201d<\/p>\n","protected":false},"excerpt":{"rendered":"<p>Neeeeeeeee! Limon bir meyve mi? Peki biber? Salatal\u0131k? Domates? \u201cNas\u0131l olur!\u201d *** Alt\u0131n gibi sapsar\u0131 sa\u00e7lar\u0131 olan Zerrin, yaz tatili i\u00e7in dedesinin \u00e7iftli\u011findedir. Sorulacak \u00e7ok soru,<span class=\"excerpt-hellip\"> [\u2026]<\/span><\/p>\n","protected":false},"featured_media":0,"template":"","meta":{"_monsterinsights_skip_tracking":false,"_monsterinsights_sitenote_active":false,"_monsterinsights_sitenote_note":"","_monsterinsights_sitenote_category":0},"product_brand":[],"product_cat":[12274,12284],"product_tag":[],"class_list":{"0":"post-753387","1":"product","2":"type-product","3":"status-publish","5":"product_cat-cocuk-ve-genclik-kitaplari","6":"product_cat-hikayeler","7":"pa_cilt-ciltsiz","8":"pa_tur-kitap","9":"pa_yayinevi-luna-cocuk-yayinlari","10":"pa_yazar-esra-tiryaki","12":"first","13":"instock","14":"sale","15":"shipping-taxable","16":"purchasable","17":"product-type-simple"},"_links":{"self":[{"href":"https:\/\/roveyayinevi.com.tr\/index.php\/wp-json\/wp\/v2\/product\/753387","targetHints":{"allow":["GET"]}}],"collection":[{"href":"https:\/\/roveyayinevi.com.tr\/index.php\/wp-json\/wp\/v2\/product"}],"about":[{"href":"https:\/\/roveyayinevi.com.tr\/index.php\/wp-json\/wp\/v2\/types\/product"}],"wp:attachment":[{"href":"https:\/\/roveyayinevi.com.tr\/index.php\/wp-json\/wp\/v2\/media?parent=753387"}],"wp:term":[{"taxonomy":"product_brand","embeddable":true,"href":"https:\/\/roveyayinevi.com.tr\/index.php\/wp-json\/wp\/v2\/product_brand?post=753387"},{"taxonomy":"product_cat","embeddable":true,"href":"https:\/\/roveyayinevi.com.tr\/index.php\/wp-json\/wp\/v2\/product_cat?post=753387"},{"taxonomy":"product_tag","embeddable":true,"href":"https:\/\/roveyayinevi.com.tr\/index.php\/wp-json\/wp\/v2\/product_tag?post=753387"}],"curies":[{"name":"wp","href":"https:\/\/api.w.org\/{rel}","templated":true}]}}