{"id":753386,"date":"2025-08-28T05:42:14","date_gmt":"2025-08-28T02:42:14","guid":{"rendered":"https:\/\/roveyayinevi.com.tr\/index.php\/urun\/kundalini-uyanisi\/"},"modified":"2026-04-16T03:06:46","modified_gmt":"2026-04-16T00:06:46","slug":"kundalini-uyanisi","status":"publish","type":"product","link":"https:\/\/roveyayinevi.com.tr\/index.php\/urun\/kundalini-uyanisi\/","title":{"rendered":"Kundalini Uyan\u0131\u015f\u0131"},"content":{"rendered":"<p>\u201cBirey taraf\u0131ndan denenmi\u015f, do\u011frulu\u011fu ve i\u015fe yararl\u0131\u011f\u0131 kan\u0131tlanm\u0131\u015f bilgilerin ve deneyimlerin, art\u0131k o ki\u015finin \u00f6zelinde kalmamas\u0131 ve B\u00fct\u00fcn\u2019le payla\u015f\u0131lmas\u0131 gerekti\u011fine inan\u0131yorum. Hele ki Kundalini Uyan\u0131\u015f\u0131 gibi ola\u011fan\u00fcst\u00fc deneyimimi kendime saklayamazd\u0131m. Ger\u00e7ekten, \u201cyol\u201da adanm\u0131\u015fl\u0131kla yap\u0131lan i\u00e7sel \u00e7al\u0131\u015fmalar, eninde sonunda bireyi o a\u015famaya getirebilir diye d\u00fc\u015f\u00fcn\u00fcyorum. Dokuz g\u00fcn s\u00fcren deneyimimle ilgili ya\u015fad\u0131klar\u0131m\u0131n, \u201cs\u0131radan olmayan bir g\u00fcn\u201de uyanma potansiyeli y\u00fcksek olan ki\u015filere \u0131\u015f\u0131k tutaca\u011f\u0131na inan\u0131yorum. Korkmadan, paniklemeden, ak\u0131\u015fa b\u0131rakarak nispeten daha rahat a\u015f\u0131labilsin diye\u2026 Belki de \u00e7ok nadir g\u00f6r\u00fclen b\u00f6yle bir deneyimi kendime saklasayd\u0131m, insanl\u0131k aileme bor\u00e7lu hissederdim kendimi.\u201d   Aydan Tamer, bu konuyla ilgilenenlere ayr\u0131nt\u0131l\u0131 bir rehber olu\u015fturmakla kalm\u0131yor, ayn\u0131 zamanda tan\u0131kl\u0131klar\u0131n\u0131 da anlatarak Kundalini Uyan\u0131\u015f\u0131\u2019na roman hissiyat\u0131 kat\u0131yor. Okura da ba\u015ftan sona, soluksuz bir okuma zevki sunuyor.<\/p>\n","protected":false},"excerpt":{"rendered":"<p>\u201cBirey taraf\u0131ndan denenmi\u015f, do\u011frulu\u011fu ve i\u015fe yararl\u0131\u011f\u0131 kan\u0131tlanm\u0131\u015f bilgilerin ve deneyimlerin, art\u0131k o ki\u015finin \u00f6zelinde kalmamas\u0131 ve B\u00fct\u00fcn\u2019le payla\u015f\u0131lmas\u0131 gerekti\u011fine inan\u0131yorum. Hele ki Kundalini Uyan\u0131\u015f\u0131 gibi<span class=\"excerpt-hellip\"> [\u2026]<\/span><\/p>\n","protected":false},"featured_media":0,"template":"","meta":{"_monsterinsights_skip_tracking":false,"_monsterinsights_sitenote_active":false,"_monsterinsights_sitenote_note":"","_monsterinsights_sitenote_category":0},"product_brand":[],"product_cat":[12364,16154],"product_tag":[],"class_list":{"0":"post-753386","1":"product","2":"type-product","3":"status-publish","5":"product_cat-genel-konular","6":"product_cat-parapsikoloji","7":"pa_cilt-ciltsiz","8":"pa_tur-kitap","9":"pa_yayinevi-luna-yayinlari","10":"pa_yazar-aydan-tamer","12":"first","13":"instock","14":"sale","15":"shipping-taxable","16":"purchasable","17":"product-type-simple"},"_links":{"self":[{"href":"https:\/\/roveyayinevi.com.tr\/index.php\/wp-json\/wp\/v2\/product\/753386","targetHints":{"allow":["GET"]}}],"collection":[{"href":"https:\/\/roveyayinevi.com.tr\/index.php\/wp-json\/wp\/v2\/product"}],"about":[{"href":"https:\/\/roveyayinevi.com.tr\/index.php\/wp-json\/wp\/v2\/types\/product"}],"wp:attachment":[{"href":"https:\/\/roveyayinevi.com.tr\/index.php\/wp-json\/wp\/v2\/media?parent=753386"}],"wp:term":[{"taxonomy":"product_brand","embeddable":true,"href":"https:\/\/roveyayinevi.com.tr\/index.php\/wp-json\/wp\/v2\/product_brand?post=753386"},{"taxonomy":"product_cat","embeddable":true,"href":"https:\/\/roveyayinevi.com.tr\/index.php\/wp-json\/wp\/v2\/product_cat?post=753386"},{"taxonomy":"product_tag","embeddable":true,"href":"https:\/\/roveyayinevi.com.tr\/index.php\/wp-json\/wp\/v2\/product_tag?post=753386"}],"curies":[{"name":"wp","href":"https:\/\/api.w.org\/{rel}","templated":true}]}}