{"id":753382,"date":"2025-08-28T05:42:06","date_gmt":"2025-08-28T02:42:06","guid":{"rendered":"https:\/\/roveyayinevi.com.tr\/index.php\/urun\/kusursuz\/"},"modified":"2026-04-16T03:06:46","modified_gmt":"2026-04-16T00:06:46","slug":"kusursuz","status":"publish","type":"product","link":"https:\/\/roveyayinevi.com.tr\/index.php\/urun\/kusursuz\/","title":{"rendered":"Kusursuz"},"content":{"rendered":"<p>Huysuz kovboylar ve ate\u015fli romantizm\u2026 Chestnut Springs&#8217;e ho\u015f geldiniz! Rhett Eaton, fazlas\u0131yla rekabet\u00e7i ve tehlikeli bir spor olan bo\u011fa binicili\u011finde iki kez d\u00fcnya \u015fampiyonu olmu\u015ftur. Bir aslan\u0131n cesaretine ve mitolojik bir tanr\u0131n\u0131n bedenine sahip Rhett, tarih yazmak i\u00e7in haz\u0131rd\u0131r. Ya da menajeri Kip Hamilton, onun talihsizce zedelenen imaj\u0131n\u0131 temizlemek i\u00e7in i\u015fe koyulmadan \u00f6nceki senaryo buydu. En b\u00fcy\u00fck sponsorunu k\u0131zd\u0131ran skandal\u0131n ard\u0131ndan, uslu durup mevcut sponsorlar\u0131n\u0131 sakinle\u015ftirdi\u011finden emin olmak i\u00e7in Rhett\u2019i denetlemek \u015fartt\u0131r. Ve bu zorlu g\u00f6rev, Kip&#8217;in en g\u00fcvendi\u011fi menajerine, yani biricik k\u0131z\u0131 Summer&#8217;a verilir. Kip\u2019in kurallar\u0131 son derece basittir: Ellerini k\u0131z\u0131mdan uzak tut ve ve sak\u0131n belaya bula\u015fma. Summer Hamilton, hukuk fak\u00fcltesinden yeni mezun olmu\u015f, askeri bir disiplin ve b\u00fcy\u00fck bir heyecanla babas\u0131n\u0131n \u015firketinde \u00e7al\u0131\u015fmaya ba\u015flam\u0131\u015ft\u0131r. \u0130lk g\u00f6revi de ergenli\u011finde \u00e2\u015f\u0131k oldu\u011fu Rhett&#8217;i, hem beladan uzak tutmak hem de yakla\u015fan son d\u00fcnya \u015fampiyonas\u0131na haz\u0131rlamakt\u0131r. Neyse ki gen\u00e7 kad\u0131n, bir kovboya emir verecek cesarete sahiptir. Ancak kovboy \u015fapkas\u0131n\u0131n alt\u0131ndaki ger\u00e7ek adam\u0131 g\u00f6ren Summer, as\u0131l g\u00f6revi ile kar\u015f\u0131 koyamad\u0131\u011f\u0131 tutkular\u0131 aras\u0131nda kal\u0131r. Bu, t\u00fcm kurallar\u0131 \u00e7i\u011fnemek anlam\u0131na gelse bile&#8230; * \u201cElsie Silver&#8217;\u0131n kitaplar\u0131 ger\u00e7ek bir ilham kayna\u011f\u0131!\u201d \u2014Ali Hazelwood, A\u015fk Hipotezi kitab\u0131n\u0131n New York Times \u00e7oksatan yazar\u0131 <\/p>\n","protected":false},"excerpt":{"rendered":"<p>Huysuz kovboylar ve ate\u015fli romantizm\u2026 Chestnut Springs&#8217;e ho\u015f geldiniz! Rhett Eaton, fazlas\u0131yla rekabet\u00e7i ve tehlikeli bir spor olan bo\u011fa binicili\u011finde iki kez d\u00fcnya \u015fampiyonu olmu\u015ftur. Bir<span class=\"excerpt-hellip\"> [\u2026]<\/span><\/p>\n","protected":false},"featured_media":0,"template":"","meta":{"_monsterinsights_skip_tracking":false,"_monsterinsights_sitenote_active":false,"_monsterinsights_sitenote_note":"","_monsterinsights_sitenote_category":0},"product_brand":[],"product_cat":[12291,12711],"product_tag":[],"class_list":{"0":"post-753382","1":"product","2":"type-product","3":"status-publish","5":"product_cat-edebiyat","6":"product_cat-roman-oyku","7":"pa_cilt-ciltsiz","8":"pa_tur-kitap","9":"pa_yayinevi-nemesis-kitap","10":"pa_yazar-elsie-silver","12":"first","13":"instock","14":"sale","15":"shipping-taxable","16":"purchasable","17":"product-type-simple"},"_links":{"self":[{"href":"https:\/\/roveyayinevi.com.tr\/index.php\/wp-json\/wp\/v2\/product\/753382","targetHints":{"allow":["GET"]}}],"collection":[{"href":"https:\/\/roveyayinevi.com.tr\/index.php\/wp-json\/wp\/v2\/product"}],"about":[{"href":"https:\/\/roveyayinevi.com.tr\/index.php\/wp-json\/wp\/v2\/types\/product"}],"wp:attachment":[{"href":"https:\/\/roveyayinevi.com.tr\/index.php\/wp-json\/wp\/v2\/media?parent=753382"}],"wp:term":[{"taxonomy":"product_brand","embeddable":true,"href":"https:\/\/roveyayinevi.com.tr\/index.php\/wp-json\/wp\/v2\/product_brand?post=753382"},{"taxonomy":"product_cat","embeddable":true,"href":"https:\/\/roveyayinevi.com.tr\/index.php\/wp-json\/wp\/v2\/product_cat?post=753382"},{"taxonomy":"product_tag","embeddable":true,"href":"https:\/\/roveyayinevi.com.tr\/index.php\/wp-json\/wp\/v2\/product_tag?post=753382"}],"curies":[{"name":"wp","href":"https:\/\/api.w.org\/{rel}","templated":true}]}}