{"id":753381,"date":"2025-08-28T05:42:04","date_gmt":"2025-08-28T02:42:04","guid":{"rendered":"https:\/\/roveyayinevi.com.tr\/index.php\/urun\/kurallarin-yikildigi-yaz\/"},"modified":"2026-04-16T03:06:46","modified_gmt":"2026-04-16T00:06:46","slug":"kurallarin-yikildigi-yaz","status":"publish","type":"product","link":"https:\/\/roveyayinevi.com.tr\/index.php\/urun\/kurallarin-yikildigi-yaz\/","title":{"rendered":"Kurallar\u0131n Y\u0131k\u0131ld\u0131\u011f\u0131 Yaz"},"content":{"rendered":"<p>HER \u015eEY OYUNLAR VE E\u011eLENCEDEN \u0130BARETT\u0130, TA K\u0130 B\u0130R\u0130 KALB\u0130N\u0130 KAYBEDENE DEK.   Meredith Fox, on sekiz ay \u00f6nce k\u0131z karde\u015fi Claire\u2019i kaybetti\u011finde herkesi hayat\u0131ndan d\u0131\u015flam\u0131\u015ft\u0131. Fakat bu yaz d\u00fcnyaya geri d\u00f6nmeye kararl\u0131yd\u0131.   Martha\u2019n\u0131n Ba\u011fevi\u2019nde yap\u0131lan y\u0131ll\u0131k aile tatili, yeniden ailesiyle ba\u011f kurmak ad\u0131na m\u00fckemmel bir yer gibi g\u00f6r\u00fcn\u00fcyordu. Geni\u015f ailesinin tamam\u0131 b\u00fcy\u00fck bir yaz d\u00fc\u011f\u00fcn\u00fc i\u00e7in toplanacakt\u0131. Hi\u00e7 beklemedi\u011fi bir \u015fekilde terk edildi\u011fi i\u00e7in bir kavalyesi olmasa da, d\u00fc\u011f\u00fcn haftas\u0131nda ger\u00e7ekle\u015fecek olan geleneksel Fox ailesi Suikast\u00e7\u0131 oyununa kat\u0131lmaktan heyecan duyuyordu. Claire bu oyunu her zaman \u00e7ok sevmi\u015fti ve Meredith onun miras\u0131n\u0131 onurland\u0131rmaya kararl\u0131yd\u0131.   Fakat Meredith sevimli sa\u011fd\u0131\u00e7la Suikast\u00e7\u0131 ittifak\u0131 kurmaya karar verince t\u00fcm dikkati da\u011f\u0131lm\u0131\u015ft\u0131. Oyuna odaklan\u0131p k\u0131z karde\u015fi i\u00e7in kazanmaya \u00e7al\u0131\u015fsa da ona a\u015f\u0131k olmaktan kendini alam\u0131yordu. Hafta ilerledik\u00e7e art\u0131k sadece oyunu de\u011fil, ayn\u0131 zamanda kalbini de kaybetme riskiyle kar\u015f\u0131 kar\u015f\u0131ya oldu\u011funu fark etmeye ba\u015flam\u0131\u015ft\u0131. <\/p>\n","protected":false},"excerpt":{"rendered":"<p>HER \u015eEY OYUNLAR VE E\u011eLENCEDEN \u0130BARETT\u0130, TA K\u0130 B\u0130R\u0130 KALB\u0130N\u0130 KAYBEDENE DEK. Meredith Fox, on sekiz ay \u00f6nce k\u0131z karde\u015fi Claire\u2019i kaybetti\u011finde herkesi hayat\u0131ndan d\u0131\u015flam\u0131\u015ft\u0131. Fakat<span class=\"excerpt-hellip\"> [\u2026]<\/span><\/p>\n","protected":false},"featured_media":0,"template":"","meta":{"_monsterinsights_skip_tracking":false,"_monsterinsights_sitenote_active":false,"_monsterinsights_sitenote_note":"","_monsterinsights_sitenote_category":0},"product_brand":[],"product_cat":[12291,12711],"product_tag":[],"class_list":{"0":"post-753381","1":"product","2":"type-product","3":"status-publish","5":"product_cat-edebiyat","6":"product_cat-roman-oyku","7":"pa_cilt-ciltsiz","8":"pa_tur-kitap","9":"pa_yayinevi-marti-yayinlari","10":"pa_yazar-k-l-walther","12":"first","13":"instock","14":"sale","15":"shipping-taxable","16":"purchasable","17":"product-type-simple"},"_links":{"self":[{"href":"https:\/\/roveyayinevi.com.tr\/index.php\/wp-json\/wp\/v2\/product\/753381","targetHints":{"allow":["GET"]}}],"collection":[{"href":"https:\/\/roveyayinevi.com.tr\/index.php\/wp-json\/wp\/v2\/product"}],"about":[{"href":"https:\/\/roveyayinevi.com.tr\/index.php\/wp-json\/wp\/v2\/types\/product"}],"wp:attachment":[{"href":"https:\/\/roveyayinevi.com.tr\/index.php\/wp-json\/wp\/v2\/media?parent=753381"}],"wp:term":[{"taxonomy":"product_brand","embeddable":true,"href":"https:\/\/roveyayinevi.com.tr\/index.php\/wp-json\/wp\/v2\/product_brand?post=753381"},{"taxonomy":"product_cat","embeddable":true,"href":"https:\/\/roveyayinevi.com.tr\/index.php\/wp-json\/wp\/v2\/product_cat?post=753381"},{"taxonomy":"product_tag","embeddable":true,"href":"https:\/\/roveyayinevi.com.tr\/index.php\/wp-json\/wp\/v2\/product_tag?post=753381"}],"curies":[{"name":"wp","href":"https:\/\/api.w.org\/{rel}","templated":true}]}}