{"id":753380,"date":"2025-08-28T05:42:03","date_gmt":"2025-08-28T02:42:03","guid":{"rendered":"https:\/\/roveyayinevi.com.tr\/index.php\/urun\/ailenizin-kumandasi\/"},"modified":"2026-04-16T03:06:46","modified_gmt":"2026-04-16T00:06:46","slug":"ailenizin-kumandasi","status":"publish","type":"product","link":"https:\/\/roveyayinevi.com.tr\/index.php\/urun\/ailenizin-kumandasi\/","title":{"rendered":"Ailenizin Kumandas\u0131"},"content":{"rendered":"<p>Ke\u015fke \u00e7evredeki sesleri susturabilece\u011finiz bir kumandan\u0131z olsa. Hatta bazen kendi davran\u0131\u015flar\u0131n\u0131zdaki yanl\u0131\u015flar\u0131 ve do\u011frular\u0131 g\u00f6sterecek \u00f6zelliklere de sahip olsa. Ne kadar mucizevi olurdu de\u011fil mi? B\u00f6yle bir kumanday\u0131 teknolojik olarak \u00fcretmek g\u00fcn\u00fcm\u00fcz ko\u015fullar\u0131nda pek de m\u00fcmk\u00fcn g\u00f6r\u00fcnm\u00fcyor ama d\u00fc\u015f\u00fcnd\u00fcm ki k\u00e2\u011f\u0131t \u00fczerinde yanl\u0131\u015f ve do\u011fru davran\u0131\u015flar\u0131 g\u00f6stermek m\u00fcmk\u00fcn. Bu d\u00fc\u015f\u00fcnceden yola \u00e7\u0131karak \u201cAilenizin Kumandas\u0131\u201dn\u0131 olu\u015fturdum. Sizleri \u00e7ok fazla bilimsel bilgiye bo\u011fmadan kitab\u0131n sol taraf\u0131nda yanl\u0131\u015f tutum ve davran\u0131\u015flara, sa\u011f taraf\u0131nda ise do\u011fru \u00f6rneklere yer verdim. Ba\u015f\u0131n\u0131z s\u0131k\u0131\u015ft\u0131k\u00e7a a\u00e7\u0131p bakabilece\u011finiz, bazen de \u00e7evrenize hediye ederek mesaj verebilece\u011finiz (!) bir el kitab\u0131, pardon kumanda olsun istedim. Kumanda art\u0131k sizin. L\u00fctfen kullan\u0131n!   Yazar\u0131m\u0131z Saniye Bencik Kangal, yeni kitab\u0131nda ailecek kullanabilece\u011finiz bir kumanda veriyor sizlere. Bu kumanda sayesinde yanl\u0131\u015f bilgiyi durdurup do\u011fru bilgiye kolayca ula\u015fabileceksiniz.     Elma Yay\u0131nevi\u2019nden Ailenizin Kumandas\u0131\u2026 Keyifli okumalar\u2026 <\/p>\n","protected":false},"excerpt":{"rendered":"<p>Ke\u015fke \u00e7evredeki sesleri susturabilece\u011finiz bir kumandan\u0131z olsa. Hatta bazen kendi davran\u0131\u015flar\u0131n\u0131zdaki yanl\u0131\u015flar\u0131 ve do\u011frular\u0131 g\u00f6sterecek \u00f6zelliklere de sahip olsa. Ne kadar mucizevi olurdu de\u011fil mi? B\u00f6yle<span class=\"excerpt-hellip\"> [\u2026]<\/span><\/p>\n","protected":false},"featured_media":0,"template":"","meta":{"_monsterinsights_skip_tracking":false,"_monsterinsights_sitenote_active":false,"_monsterinsights_sitenote_note":"","_monsterinsights_sitenote_category":0},"product_brand":[],"product_cat":[12831,12324],"product_tag":[],"class_list":{"0":"post-753380","1":"product","2":"type-product","3":"status-publish","5":"product_cat-aile-ve-cocuk","6":"product_cat-sosyoloji","7":"pa_cilt-ciltsiz","8":"pa_tur-kitap","9":"pa_yayinevi-elma-yayinevi","10":"pa_yazar-saniye-bencik-kangal","12":"first","13":"instock","14":"sale","15":"shipping-taxable","16":"purchasable","17":"product-type-simple"},"_links":{"self":[{"href":"https:\/\/roveyayinevi.com.tr\/index.php\/wp-json\/wp\/v2\/product\/753380","targetHints":{"allow":["GET"]}}],"collection":[{"href":"https:\/\/roveyayinevi.com.tr\/index.php\/wp-json\/wp\/v2\/product"}],"about":[{"href":"https:\/\/roveyayinevi.com.tr\/index.php\/wp-json\/wp\/v2\/types\/product"}],"wp:attachment":[{"href":"https:\/\/roveyayinevi.com.tr\/index.php\/wp-json\/wp\/v2\/media?parent=753380"}],"wp:term":[{"taxonomy":"product_brand","embeddable":true,"href":"https:\/\/roveyayinevi.com.tr\/index.php\/wp-json\/wp\/v2\/product_brand?post=753380"},{"taxonomy":"product_cat","embeddable":true,"href":"https:\/\/roveyayinevi.com.tr\/index.php\/wp-json\/wp\/v2\/product_cat?post=753380"},{"taxonomy":"product_tag","embeddable":true,"href":"https:\/\/roveyayinevi.com.tr\/index.php\/wp-json\/wp\/v2\/product_tag?post=753380"}],"curies":[{"name":"wp","href":"https:\/\/api.w.org\/{rel}","templated":true}]}}