{"id":753378,"date":"2025-08-28T05:41:59","date_gmt":"2025-08-28T02:41:59","guid":{"rendered":"https:\/\/roveyayinevi.com.tr\/index.php\/urun\/nergisten-siirler-1\/"},"modified":"2026-02-03T03:20:44","modified_gmt":"2026-02-03T00:20:44","slug":"nergisten-siirler-1","status":"publish","type":"product","link":"https:\/\/roveyayinevi.com.tr\/index.php\/urun\/nergisten-siirler-1\/","title":{"rendered":"Nergis&#8217;ten \u015eiirler 1"},"content":{"rendered":"<p>Bir f\u0131rt\u0131na \u00e7\u0131kar, al\u0131p g\u00f6t\u00fcr\u00fcr benden her \u015feyimi&#8230;! Bir g\u00fcne\u015f batar, s\u00f6ner i\u00e7imdeki umutlar\u0131m\u0131&#8230;! Kap\u0131l\u0131r\u0131m, hayallere&#8230;! Dal\u0131p giderim, \u00f6zlemlerime&#8230;! Kaybolup, giderim&#8230;! Ans\u0131z\u0131n, bir girdab\u0131n i\u00e7inde&#8230;!   Da\u011f\u0131l\u0131r sa\u00e7lar\u0131m, uzan\u0131r ellerim, bo\u015flu\u011fa kal\u0131r\u0131m&#8230;! \u00c7aresizlikler sarar, her yan\u0131m\u0131&#8230;! Akar g\u00f6zya\u015flar\u0131m&#8230;! \u00dcrperir tenim, korkular kaplar, ruhumu a\u011flar\u0131m&#8230;! Teselli verecek, elimden tutacak&#8230;! Dost eli arar\u0131m&#8230;!   Bitmeyen derdimi, ruhumdaki kanayan yaram\u0131&#8230;! G\u00fclmeyen, \u015fu kara baht\u0131m\u0131&#8230;! Unutturacak her \u015feyi&#8230;! Bir an olsun&#8230;! Beni yaln\u0131z, b\u0131rakmadan bu hayatta&#8230;! Benimle, birlikte a\u011flay\u0131p&#8230;! Hep benimle g\u00fclecek&#8230;!   \u00d6mr\u00fcm\u00fcn, sonuna kadar beni \u00e7ok sevecek&#8230;! Ruhumu saracak, y\u00fcre\u011fime inceden dokunacak&#8230;! G\u00f6nl\u00fcme, \u0131\u015f\u0131k gibi do\u011facak, bana hitap edecek&#8230;! Candan, g\u00f6n\u00fclden sevgiye&#8230;! \u00d6ylesine, muhtac\u0131m ki&#8230;! <\/p>\n","protected":false},"excerpt":{"rendered":"<p>Bir f\u0131rt\u0131na \u00e7\u0131kar, al\u0131p g\u00f6t\u00fcr\u00fcr benden her \u015feyimi&#8230;! Bir g\u00fcne\u015f batar, s\u00f6ner i\u00e7imdeki umutlar\u0131m\u0131&#8230;! Kap\u0131l\u0131r\u0131m, hayallere&#8230;! Dal\u0131p giderim, \u00f6zlemlerime&#8230;! Kaybolup, giderim&#8230;! Ans\u0131z\u0131n, bir girdab\u0131n i\u00e7inde&#8230;! Da\u011f\u0131l\u0131r<span class=\"excerpt-hellip\"> [\u2026]<\/span><\/p>\n","protected":false},"featured_media":0,"template":"","meta":{"_monsterinsights_skip_tracking":false,"_monsterinsights_sitenote_active":false,"_monsterinsights_sitenote_note":"","_monsterinsights_sitenote_category":0},"product_brand":[],"product_cat":[12291,12509],"product_tag":[],"class_list":{"0":"post-753378","1":"product","2":"type-product","3":"status-publish","5":"product_cat-edebiyat","6":"product_cat-siir","7":"pa_cilt-ciltsiz","8":"pa_tur-kitap","9":"pa_yayinevi-gulnar-yayinlari","10":"pa_yazar-nergis-sahin","12":"first","13":"instock","14":"sale","15":"shipping-taxable","16":"purchasable","17":"product-type-simple"},"_links":{"self":[{"href":"https:\/\/roveyayinevi.com.tr\/index.php\/wp-json\/wp\/v2\/product\/753378","targetHints":{"allow":["GET"]}}],"collection":[{"href":"https:\/\/roveyayinevi.com.tr\/index.php\/wp-json\/wp\/v2\/product"}],"about":[{"href":"https:\/\/roveyayinevi.com.tr\/index.php\/wp-json\/wp\/v2\/types\/product"}],"wp:attachment":[{"href":"https:\/\/roveyayinevi.com.tr\/index.php\/wp-json\/wp\/v2\/media?parent=753378"}],"wp:term":[{"taxonomy":"product_brand","embeddable":true,"href":"https:\/\/roveyayinevi.com.tr\/index.php\/wp-json\/wp\/v2\/product_brand?post=753378"},{"taxonomy":"product_cat","embeddable":true,"href":"https:\/\/roveyayinevi.com.tr\/index.php\/wp-json\/wp\/v2\/product_cat?post=753378"},{"taxonomy":"product_tag","embeddable":true,"href":"https:\/\/roveyayinevi.com.tr\/index.php\/wp-json\/wp\/v2\/product_tag?post=753378"}],"curies":[{"name":"wp","href":"https:\/\/api.w.org\/{rel}","templated":true}]}}