{"id":753375,"date":"2025-08-28T05:41:53","date_gmt":"2025-08-28T02:41:53","guid":{"rendered":"https:\/\/roveyayinevi.com.tr\/index.php\/urun\/andaki-derinlik\/"},"modified":"2026-04-16T03:06:46","modified_gmt":"2026-04-16T00:06:46","slug":"andaki-derinlik","status":"publish","type":"product","link":"https:\/\/roveyayinevi.com.tr\/index.php\/urun\/andaki-derinlik\/","title":{"rendered":"Andaki Derinlik"},"content":{"rendered":"<p>\u201cSakuralar da en g\u00fczel, en ihti\u015faml\u0131, en g\u00f6z al\u0131c\u0131 d\u00f6nemlerinde a\u011fa\u00e7lar\u0131n\u0131n dallar\u0131n\u0131 terk eder, \u00e2deta; \u201cBizden bu kadar. Rabbin sanat\u0131 olup, O\u2019nu anlatma vazifemizin sonuna geldik.\u201d diyerek sessizce topra\u011fa kar\u0131\u015f\u0131rlar&#8230;\u201d \u201cBu a\u015fk, kulu ile Rabbi aras\u0131nda s\u0131r olan anlarda gizli. Derinle\u015fti\u011fi anlarda sakl\u0131. Belli ki o derinliklerin Allah kat\u0131nda k\u0131ymeti art\u0131r\u0131ld\u0131k\u00e7a art\u0131r\u0131lm\u0131\u015f, katlanm\u0131\u015f da katlanm\u0131\u015f&#8230;\u201d ***** \u00d6yle bir an ki, b\u00fct\u00fcn anlara, b\u00fct\u00fcn anmalara bedel. B\u00fct\u00fcn anlar, an\u0131lar yok olup gidici&#8230; An\u0131n sahibi ile ge\u00e7irilen anlar ise m\u00fcstesna&#8230; O zaman beka sand\u0131\u011f\u0131nda sonsuzlu\u011fa ula\u015ft\u0131racak anlar biriktirmek dile\u011fiyle&#8230; <\/p>\n","protected":false},"excerpt":{"rendered":"<p>\u201cSakuralar da en g\u00fczel, en ihti\u015faml\u0131, en g\u00f6z al\u0131c\u0131 d\u00f6nemlerinde a\u011fa\u00e7lar\u0131n\u0131n dallar\u0131n\u0131 terk eder, \u00e2deta; \u201cBizden bu kadar. Rabbin sanat\u0131 olup, O\u2019nu anlatma vazifemizin sonuna geldik.\u201d<span class=\"excerpt-hellip\"> [\u2026]<\/span><\/p>\n","protected":false},"featured_media":0,"template":"","meta":{"_monsterinsights_skip_tracking":false,"_monsterinsights_sitenote_active":false,"_monsterinsights_sitenote_note":"","_monsterinsights_sitenote_category":0},"product_brand":[],"product_cat":[12364,12376],"product_tag":[],"class_list":{"0":"post-753375","1":"product","2":"type-product","3":"status-publish","5":"product_cat-genel-konular","6":"product_cat-kisisel-gelisim","7":"pa_cilt-ciltsiz","8":"pa_tur-kitap","9":"pa_yayinevi-cinaralti-yayinlari","10":"pa_yazar-songul-aykan","12":"first","13":"instock","14":"sale","15":"shipping-taxable","16":"purchasable","17":"product-type-simple"},"_links":{"self":[{"href":"https:\/\/roveyayinevi.com.tr\/index.php\/wp-json\/wp\/v2\/product\/753375","targetHints":{"allow":["GET"]}}],"collection":[{"href":"https:\/\/roveyayinevi.com.tr\/index.php\/wp-json\/wp\/v2\/product"}],"about":[{"href":"https:\/\/roveyayinevi.com.tr\/index.php\/wp-json\/wp\/v2\/types\/product"}],"wp:attachment":[{"href":"https:\/\/roveyayinevi.com.tr\/index.php\/wp-json\/wp\/v2\/media?parent=753375"}],"wp:term":[{"taxonomy":"product_brand","embeddable":true,"href":"https:\/\/roveyayinevi.com.tr\/index.php\/wp-json\/wp\/v2\/product_brand?post=753375"},{"taxonomy":"product_cat","embeddable":true,"href":"https:\/\/roveyayinevi.com.tr\/index.php\/wp-json\/wp\/v2\/product_cat?post=753375"},{"taxonomy":"product_tag","embeddable":true,"href":"https:\/\/roveyayinevi.com.tr\/index.php\/wp-json\/wp\/v2\/product_tag?post=753375"}],"curies":[{"name":"wp","href":"https:\/\/api.w.org\/{rel}","templated":true}]}}