{"id":753373,"date":"2025-08-28T05:41:50","date_gmt":"2025-08-28T02:41:50","guid":{"rendered":"https:\/\/roveyayinevi.com.tr\/index.php\/urun\/firildak-mcgifty-ve-laklak-sam-uzayli-istilasi\/"},"modified":"2026-04-16T03:06:46","modified_gmt":"2026-04-16T00:06:46","slug":"firildak-mcgifty-ve-laklak-sam-uzayli-istilasi","status":"publish","type":"product","link":"https:\/\/roveyayinevi.com.tr\/index.php\/urun\/firildak-mcgifty-ve-laklak-sam-uzayli-istilasi\/","title":{"rendered":"F\u0131r\u0131ldak McGifty ve Laklak Sam: Uzayl\u0131 \u0130stilas\u0131"},"content":{"rendered":"<p>Tracey Corderoy ve Steven Lenton\u2019dan y\u00fcksek sesle okumal\u0131k, birbirinden komik \u00fc\u00e7 \u00f6yk\u00fc.   F\u0131r\u0131ldak McGifty ve Laklak Sam\u2019le tan\u0131\u015f\u0131n! Onlar, tuhaf gizemler \u00e7\u00f6zen iki cesur pastac\u0131 k\u00f6pek! \u0130\u015fler KIZI\u015eIYOR! KUMDAN HEYKEL yar\u0131\u015fmas\u0131nda H\u0130LE YAPAN biri var! \u015eu yeni KAFEDEN burunlara P\u0130S KOKULAR geliyor! Fakat F\u0131r\u0131ldak\u2019la Sam\u2019i as\u0131l \u00e7ileden \u00e7\u0131karan, UZAYLI \u0130ST\u0130LASI oluyor! Peki, aran\u0131zda BUZLU i\u00e7ecek isteyen var m\u0131? <\/p>\n","protected":false},"excerpt":{"rendered":"<p>Tracey Corderoy ve Steven Lenton\u2019dan y\u00fcksek sesle okumal\u0131k, birbirinden komik \u00fc\u00e7 \u00f6yk\u00fc. F\u0131r\u0131ldak McGifty ve Laklak Sam\u2019le tan\u0131\u015f\u0131n! Onlar, tuhaf gizemler \u00e7\u00f6zen iki cesur pastac\u0131 k\u00f6pek!<span class=\"excerpt-hellip\"> [\u2026]<\/span><\/p>\n","protected":false},"featured_media":0,"template":"","meta":{"_monsterinsights_skip_tracking":false,"_monsterinsights_sitenote_active":false,"_monsterinsights_sitenote_note":"","_monsterinsights_sitenote_category":0},"product_brand":[],"product_cat":[12274,12284],"product_tag":[],"class_list":{"0":"post-753373","1":"product","2":"type-product","3":"status-publish","5":"product_cat-cocuk-ve-genclik-kitaplari","6":"product_cat-hikayeler","7":"pa_cilt-ciltsiz","8":"pa_tur-kitap","9":"pa_yayinevi-dogan-cocuk","10":"pa_yazar-tracey-corderoy","12":"first","13":"instock","14":"sale","15":"shipping-taxable","16":"purchasable","17":"product-type-simple"},"_links":{"self":[{"href":"https:\/\/roveyayinevi.com.tr\/index.php\/wp-json\/wp\/v2\/product\/753373","targetHints":{"allow":["GET"]}}],"collection":[{"href":"https:\/\/roveyayinevi.com.tr\/index.php\/wp-json\/wp\/v2\/product"}],"about":[{"href":"https:\/\/roveyayinevi.com.tr\/index.php\/wp-json\/wp\/v2\/types\/product"}],"wp:attachment":[{"href":"https:\/\/roveyayinevi.com.tr\/index.php\/wp-json\/wp\/v2\/media?parent=753373"}],"wp:term":[{"taxonomy":"product_brand","embeddable":true,"href":"https:\/\/roveyayinevi.com.tr\/index.php\/wp-json\/wp\/v2\/product_brand?post=753373"},{"taxonomy":"product_cat","embeddable":true,"href":"https:\/\/roveyayinevi.com.tr\/index.php\/wp-json\/wp\/v2\/product_cat?post=753373"},{"taxonomy":"product_tag","embeddable":true,"href":"https:\/\/roveyayinevi.com.tr\/index.php\/wp-json\/wp\/v2\/product_tag?post=753373"}],"curies":[{"name":"wp","href":"https:\/\/api.w.org\/{rel}","templated":true}]}}