{"id":753372,"date":"2025-08-28T05:41:49","date_gmt":"2025-08-28T02:41:49","guid":{"rendered":"https:\/\/roveyayinevi.com.tr\/index.php\/urun\/firildak-mcgifty-ve-laklak-sam-ucus-zamani\/"},"modified":"2026-04-16T03:06:46","modified_gmt":"2026-04-16T00:06:46","slug":"firildak-mcgifty-ve-laklak-sam-ucus-zamani","status":"publish","type":"product","link":"https:\/\/roveyayinevi.com.tr\/index.php\/urun\/firildak-mcgifty-ve-laklak-sam-ucus-zamani\/","title":{"rendered":"F\u0131r\u0131ldak McGifty ve Laklak Sam: U\u00e7u\u015f Zaman\u0131"},"content":{"rendered":"<p>Tracey Corderoy ve Steven Lenton\u2019dan y\u00fcksek sesle okumal\u0131k, birbirinden komik \u00fc\u00e7 \u00f6yk\u00fc.   F\u0131r\u0131ldak McGifty ve Laklak Sam\u2019le tan\u0131\u015f\u0131n! Onlar, tuhaf gizemler \u00e7\u00f6zen iki cesur pastac\u0131 k\u00f6pek! F\u0131r\u0131ldak ve Sam\u2019in i\u015fleri ba\u015f\u0131ndan a\u015fk\u0131n! O GICIK K\u0131z\u0131l Roket yine sinsilik pe\u015finde! G\u0130ZEML\u0130 bir paket kafede sorun yarat\u0131yor ve iki arkada\u015f KILIK DE\u011e\u0130\u015eT\u0130REREK gizli g\u00f6reve \u00e7\u0131k\u0131yor! Neyse ki bol bol \u00c7\u00d6REK yemek onlara g\u00fc\u00e7 veriyor! <\/p>\n","protected":false},"excerpt":{"rendered":"<p>Tracey Corderoy ve Steven Lenton\u2019dan y\u00fcksek sesle okumal\u0131k, birbirinden komik \u00fc\u00e7 \u00f6yk\u00fc. F\u0131r\u0131ldak McGifty ve Laklak Sam\u2019le tan\u0131\u015f\u0131n! Onlar, tuhaf gizemler \u00e7\u00f6zen iki cesur pastac\u0131 k\u00f6pek!<span class=\"excerpt-hellip\"> [\u2026]<\/span><\/p>\n","protected":false},"featured_media":0,"template":"","meta":{"_monsterinsights_skip_tracking":false,"_monsterinsights_sitenote_active":false,"_monsterinsights_sitenote_note":"","_monsterinsights_sitenote_category":0},"product_brand":[],"product_cat":[12274,12284],"product_tag":[],"class_list":{"0":"post-753372","1":"product","2":"type-product","3":"status-publish","5":"product_cat-cocuk-ve-genclik-kitaplari","6":"product_cat-hikayeler","7":"pa_cilt-ciltsiz","8":"pa_tur-kitap","9":"pa_yayinevi-dogan-cocuk","10":"pa_yazar-tracey-corderoy","12":"first","13":"instock","14":"sale","15":"shipping-taxable","16":"purchasable","17":"product-type-simple"},"_links":{"self":[{"href":"https:\/\/roveyayinevi.com.tr\/index.php\/wp-json\/wp\/v2\/product\/753372","targetHints":{"allow":["GET"]}}],"collection":[{"href":"https:\/\/roveyayinevi.com.tr\/index.php\/wp-json\/wp\/v2\/product"}],"about":[{"href":"https:\/\/roveyayinevi.com.tr\/index.php\/wp-json\/wp\/v2\/types\/product"}],"wp:attachment":[{"href":"https:\/\/roveyayinevi.com.tr\/index.php\/wp-json\/wp\/v2\/media?parent=753372"}],"wp:term":[{"taxonomy":"product_brand","embeddable":true,"href":"https:\/\/roveyayinevi.com.tr\/index.php\/wp-json\/wp\/v2\/product_brand?post=753372"},{"taxonomy":"product_cat","embeddable":true,"href":"https:\/\/roveyayinevi.com.tr\/index.php\/wp-json\/wp\/v2\/product_cat?post=753372"},{"taxonomy":"product_tag","embeddable":true,"href":"https:\/\/roveyayinevi.com.tr\/index.php\/wp-json\/wp\/v2\/product_tag?post=753372"}],"curies":[{"name":"wp","href":"https:\/\/api.w.org\/{rel}","templated":true}]}}