{"id":753370,"date":"2025-08-28T05:41:46","date_gmt":"2025-08-28T02:41:46","guid":{"rendered":"https:\/\/roveyayinevi.com.tr\/index.php\/urun\/erguvani-istimbot\/"},"modified":"2026-04-16T03:06:46","modified_gmt":"2026-04-16T00:06:46","slug":"erguvani-istimbot","status":"publish","type":"product","link":"https:\/\/roveyayinevi.com.tr\/index.php\/urun\/erguvani-istimbot\/","title":{"rendered":"Erguvani \u0130stimbot"},"content":{"rendered":"<p>C\u00fcneyt Cebenoyan\u2019\u0131n Erguvani \u0130stimbot\u2019u    1. Manaki Karde\u015flerin y\u00f6netti\u011fi, Fuat Uzk\u0131nay\u2019\u0131n bestboy (elektrik\u00e7i \u00e7\u0131ra\u011f\u0131) olarak g\u00f6rev ald\u0131\u011f\u0131 sessiz sinema klasi\u011fi. Ayn\u0131 zamanda T\u00fcrkiye sinemas\u0131n\u0131n ilk konulu uzun metraj filmidir. Rivayet edilir ki Bo\u011faz k\u0131y\u0131lar\u0131ndaki ilk erguvan a\u011fac\u0131n\u0131n ilk \u00e7i\u00e7e\u011fini a\u00e7t\u0131\u011f\u0131 g\u00fcn\u00fcn sabah\u0131nda, sisler aras\u0131ndan bir istimbot (\u00e7atana) s\u00fcz\u00fclerek Bo\u011faz k\u0131y\u0131lar\u0131ndan ge\u00e7er, i\u00e7inden bir kad\u0131n sesinden h\u00fcz\u00fcnl\u00fc bir \u015fark\u0131 duyulurmu\u015f. Kimileri erguvanlar\u0131n \u00e7i\u00e7ek a\u00e7mak i\u00e7in istimbotu bekledi\u011fini, istimbotun Bo\u011faz\u2019da g\u00f6r\u00fcnmedi\u011fi bir y\u0131l erguvanlar\u0131n da a\u00e7mad\u0131\u011f\u0131n\u0131 dedelerinden dinlediklerini s\u00f6ylermi\u015f. Bu tuhaf olaydan etkilenen Manaki Karde\u015fler, babas\u0131n\u0131n kendisini sevdi\u011fi gence vermemesi \u00fczerine kendini bir erguvan a\u011fac\u0131na asarak intihar eden bir gen\u00e7 k\u0131z\u0131n hik\u00e2yesini anlatan Erguvani \u0130stimbot adl\u0131 filmi \u00e7ekmi\u015fler. Filme g\u00f6re, gen\u00e7 k\u0131z\u0131n ruhu erguvani bir istimbotla Bo\u011faz\u2019\u0131 dola\u015f\u0131r ve sevgilisini \u00e7a\u011f\u0131ran \u015fark\u0131lar s\u00f6ylermi\u015f. Film ne yaz\u0131k ki Fuat Uzk\u0131nay\u2019\u0131n sebebiyet verdi\u011fi elektrik konta\u011f\u0131ndan \u00e7\u0131kan yang\u0131nda yanm\u0131\u015f ve bug\u00fcne hi\u00e7bir izi kalmam\u0131\u015f. Uzk\u0131nay\u2019\u0131n filmi k\u0131skan\u00e7l\u0131ktan yakt\u0131\u011f\u0131 da rivayet olunur. Sessiz sinema oyunlar\u0131nda pop\u00fcler bir film ad\u0131 olan Erguvani \u0130stimbot, ne filmi g\u00f6ren bir kimse ne de varl\u0131\u011f\u0131n\u0131 kan\u0131tlayan bir belge kald\u0131\u011f\u0131 i\u00e7in hep \u015f\u00fcpheyle ve b\u00f6yle bir film olmad\u0131\u011f\u0131 iddialar\u0131yla kar\u015f\u0131la\u015f\u0131r.   2. 2014-2016 y\u0131llar\u0131 aras\u0131nda A\u00e7\u0131k Radyo\u2019da yay\u0131nlanan sinema program\u0131. Pazartesi g\u00fcnleri saat 11\u2019de yay\u0131nlanan programda C\u00fcneyt Cebenoyan her hafta farkl\u0131 bir konukla bir film \u00fczerine sohbet etmi\u015ftir. <\/p>\n","protected":false},"excerpt":{"rendered":"<p>C\u00fcneyt Cebenoyan\u2019\u0131n Erguvani \u0130stimbot\u2019u 1. Manaki Karde\u015flerin y\u00f6netti\u011fi, Fuat Uzk\u0131nay\u2019\u0131n bestboy (elektrik\u00e7i \u00e7\u0131ra\u011f\u0131) olarak g\u00f6rev ald\u0131\u011f\u0131 sessiz sinema klasi\u011fi. Ayn\u0131 zamanda T\u00fcrkiye sinemas\u0131n\u0131n ilk konulu uzun<span class=\"excerpt-hellip\"> [\u2026]<\/span><\/p>\n","protected":false},"featured_media":0,"template":"","meta":{"_monsterinsights_skip_tracking":false,"_monsterinsights_sitenote_active":false,"_monsterinsights_sitenote_note":"","_monsterinsights_sitenote_category":0},"product_brand":[],"product_cat":[12364,12826],"product_tag":[],"class_list":{"0":"post-753370","1":"product","2":"type-product","3":"status-publish","5":"product_cat-genel-konular","6":"product_cat-soylesi","7":"pa_cilt-ciltsiz","8":"pa_tur-kitap","9":"pa_yayinevi-dogan-kitap","10":"pa_yazar-cuneyt-cebenoyan","12":"first","13":"instock","14":"sale","15":"shipping-taxable","16":"purchasable","17":"product-type-simple"},"_links":{"self":[{"href":"https:\/\/roveyayinevi.com.tr\/index.php\/wp-json\/wp\/v2\/product\/753370","targetHints":{"allow":["GET"]}}],"collection":[{"href":"https:\/\/roveyayinevi.com.tr\/index.php\/wp-json\/wp\/v2\/product"}],"about":[{"href":"https:\/\/roveyayinevi.com.tr\/index.php\/wp-json\/wp\/v2\/types\/product"}],"wp:attachment":[{"href":"https:\/\/roveyayinevi.com.tr\/index.php\/wp-json\/wp\/v2\/media?parent=753370"}],"wp:term":[{"taxonomy":"product_brand","embeddable":true,"href":"https:\/\/roveyayinevi.com.tr\/index.php\/wp-json\/wp\/v2\/product_brand?post=753370"},{"taxonomy":"product_cat","embeddable":true,"href":"https:\/\/roveyayinevi.com.tr\/index.php\/wp-json\/wp\/v2\/product_cat?post=753370"},{"taxonomy":"product_tag","embeddable":true,"href":"https:\/\/roveyayinevi.com.tr\/index.php\/wp-json\/wp\/v2\/product_tag?post=753370"}],"curies":[{"name":"wp","href":"https:\/\/api.w.org\/{rel}","templated":true}]}}