{"id":753368,"date":"2025-08-28T05:41:43","date_gmt":"2025-08-28T02:41:43","guid":{"rendered":"https:\/\/roveyayinevi.com.tr\/index.php\/urun\/namus-siyaseti\/"},"modified":"2026-04-16T03:06:46","modified_gmt":"2026-04-16T00:06:46","slug":"namus-siyaseti","status":"publish","type":"product","link":"https:\/\/roveyayinevi.com.tr\/index.php\/urun\/namus-siyaseti\/","title":{"rendered":"Namus Siyaseti"},"content":{"rendered":"<p>Ba\u015fak Tu\u011f bu kapsaml\u0131 ara\u015ft\u0131rmas\u0131nda sosyal ve hukuki pratikler \u00fczerinden 18. y\u00fczy\u0131l Osmanl\u0131s\u0131\u2019nda cinsel ve ahl\u00e2ki d\u00fczeni inceliyor. Osmanl\u0131 tebaas\u0131n\u0131n arzuhalleri ile Ankara ve Bursa mahkemeleri ve Div\u00e2n-\u0131 H\u00fcm\u00e2yun\u2019un hukuki uygulamalar\u0131ndan yola \u00e7\u0131kan Namus Siyaseti &#8211; 18. y\u00fczy\u0131l Osmanl\u0131 Anadolusu\u2019nda Irz, \u015eiddet, Hukuk , erken modern denetim ve y\u00f6netim mekanizmalar\u0131n\u0131n i\u015fleyi\u015fi ve modern iktidar bi\u00e7imlerine ge\u00e7i\u015f s\u00fcrecini toplumsal akt\u00f6rlerin \u00f6znelli\u011fini g\u00f6z ard\u0131 etmeden ele al\u0131yor. Tu\u011f, 18. y\u00fczy\u0131l imparatorluk tarihyaz\u0131m\u0131na sa\u011flad\u0131\u011f\u0131 katk\u0131n\u0131n yan\u0131 s\u0131ra cinsiyet politikalar\u0131n\u0131n tarihselle\u015ftirilmesiyle g\u00fcn\u00fcm\u00fczdeki egemen namus siyaseti ve s\u00f6yleminin tarihsel kaynaklar\u0131n\u0131 tart\u0131\u015f\u0131yor. \u201c18. y\u00fczy\u0131lda Osmanl\u0131 \u0130mparatorlu\u011fu\u2019nda namus siyasetini incelemenin g\u00fcn\u00fcm\u00fcz i\u00e7in \u00f6nemli siyasi ve toplumsal sonu\u00e7lar\u0131 bulunmaktad\u0131r. B\u00f6yle bir \u00e7al\u0131\u015fma, cinselli\u011fin kontrol\u00fc ile \u0130sl\u00e2m hukuku aras\u0131ndaki \u2018f\u0131tri\u2019 ili\u015fki hakk\u0131ndaki varsay\u0131mlar\u0131m\u0131z\u0131 yeniden d\u00fc\u015f\u00fcnmemiz i\u00e7in bir uyar\u0131 niteli\u011findedir. Osmanl\u0131 \u0130mparatorlu\u011fu\u2019nda ahl\u00e2ki d\u00fczenin idaresinin tarihselle\u015ftirilmesi, cinselli\u011fin normatif \u0130sl\u00e2m hukukunun takdirine b\u0131rak\u0131lm\u0131\u015f bir \u015fey olmaktan \u00e7ok, siyasi iktidar taraf\u0131ndan d\u00fczenlenen kamusal bir mesele oldu\u011funu g\u00f6stermektedir.\u201d BA\u015eAK TU\u011e<\/p>\n","protected":false},"excerpt":{"rendered":"<p>Ba\u015fak Tu\u011f bu kapsaml\u0131 ara\u015ft\u0131rmas\u0131nda sosyal ve hukuki pratikler \u00fczerinden 18. y\u00fczy\u0131l Osmanl\u0131s\u0131\u2019nda cinsel ve ahl\u00e2ki d\u00fczeni inceliyor. Osmanl\u0131 tebaas\u0131n\u0131n arzuhalleri ile Ankara ve Bursa mahkemeleri<span class=\"excerpt-hellip\"> [\u2026]<\/span><\/p>\n","protected":false},"featured_media":0,"template":"","meta":{"_monsterinsights_skip_tracking":false,"_monsterinsights_sitenote_active":false,"_monsterinsights_sitenote_note":"","_monsterinsights_sitenote_category":0},"product_brand":[],"product_cat":[12304],"product_tag":[],"class_list":{"0":"post-753368","1":"product","2":"type-product","3":"status-publish","5":"product_cat-tarih","6":"pa_cilt-ciltsiz","7":"pa_tur-kitap","8":"pa_yayinevi-iletisim-yayinlari","9":"pa_yazar-basak-tug","11":"first","12":"instock","13":"sale","14":"shipping-taxable","15":"purchasable","16":"product-type-simple"},"_links":{"self":[{"href":"https:\/\/roveyayinevi.com.tr\/index.php\/wp-json\/wp\/v2\/product\/753368","targetHints":{"allow":["GET"]}}],"collection":[{"href":"https:\/\/roveyayinevi.com.tr\/index.php\/wp-json\/wp\/v2\/product"}],"about":[{"href":"https:\/\/roveyayinevi.com.tr\/index.php\/wp-json\/wp\/v2\/types\/product"}],"wp:attachment":[{"href":"https:\/\/roveyayinevi.com.tr\/index.php\/wp-json\/wp\/v2\/media?parent=753368"}],"wp:term":[{"taxonomy":"product_brand","embeddable":true,"href":"https:\/\/roveyayinevi.com.tr\/index.php\/wp-json\/wp\/v2\/product_brand?post=753368"},{"taxonomy":"product_cat","embeddable":true,"href":"https:\/\/roveyayinevi.com.tr\/index.php\/wp-json\/wp\/v2\/product_cat?post=753368"},{"taxonomy":"product_tag","embeddable":true,"href":"https:\/\/roveyayinevi.com.tr\/index.php\/wp-json\/wp\/v2\/product_tag?post=753368"}],"curies":[{"name":"wp","href":"https:\/\/api.w.org\/{rel}","templated":true}]}}