{"id":753367,"date":"2025-08-28T05:41:42","date_gmt":"2025-08-28T02:41:42","guid":{"rendered":"https:\/\/roveyayinevi.com.tr\/index.php\/urun\/turkiyenin-yeni-rejimi-rekabetci-otoriterlik\/"},"modified":"2026-04-16T03:06:46","modified_gmt":"2026-04-16T00:06:46","slug":"turkiyenin-yeni-rejimi-rekabetci-otoriterlik","status":"publish","type":"product","link":"https:\/\/roveyayinevi.com.tr\/index.php\/urun\/turkiyenin-yeni-rejimi-rekabetci-otoriterlik\/","title":{"rendered":"T\u00fcrkiye&#8217;nin Yeni Rejimi: Rekabet\u00e7i Otoriterlik"},"content":{"rendered":"<p>\u201cCumhurba\u015fkan\u0131 Erdo\u011fan, ideolojisi veya \u00e7\u0131karlar\u0131 nas\u0131l tan\u0131mlan\u0131rsa tan\u0131mlans\u0131n, son kertede iktidara se\u00e7im yoluyla gelmi\u015f ve iktidarda sand\u0131k yoluyla kalm\u0131\u015ft\u0131r&#8230; Bu nedenle, me\u015fruiyetini rejimin rekabet\u00e7i unsurlar\u0131ndan al\u0131r. Se\u00e7imle elde etti\u011fi g\u00fcc\u00fc ise devleti siyasalla\u015ft\u0131rmak, hesap verme alan\u0131n\u0131 daraltmak ve oyun alan\u0131n\u0131 kendi lehine e\u015fitsiz hale getirmek i\u00e7in kullan\u0131r.\u201d Berk Esen, \u015eebnem G\u00fcm\u00fc\u015f\u00e7\u00fc ve Hakan Yavuzy\u0131lmaz, b\u00fct\u00fcn d\u00fcnyadaki demokrasiden uzakla\u015fma e\u011filiminin bir par\u00e7as\u0131 olan T\u00fcrkiye\u2019nin otoriterle\u015fme deneyimini rekabet\u00e7i otoriterlik kavram\u0131yla analiz ediyorlar. Yarg\u0131n\u0131n ve yasaman\u0131n y\u00fcr\u00fctmenin y\u00f6r\u00fcngesine girdi\u011fi, d\u00fc\u015f\u00fcnce ve ifade \u00f6zg\u00fcrl\u00fc\u011f\u00fcn\u00fcn k\u0131s\u0131tland\u0131\u011f\u0131, muhalefetin bask\u0131 alt\u0131na al\u0131nd\u0131\u011f\u0131, medyan\u0131n muhalefetten olabildi\u011fince \u201ctemizlenip\u201d iktidar propagandas\u0131n\u0131n b\u00fct\u00fcn mecralar\u0131 kaplad\u0131\u011f\u0131 bir ortamda, se\u00e7im, demokrasinin tek soluk borusu haline geliyor, bu rejimde. Ancak b\u00fct\u00fcn siyasal oyun alan\u0131 gibi se\u00e7imlerin de \u201ctek kale ma\u00e7a\u201d g\u00f6re d\u00fczenlenmi\u015f gayri adil yap\u0131s\u0131, bu imk\u00e2n\u0131 da t\u0131k\u0131yor. 2023 se\u00e7imlerini, rekabet\u00e7i otoriterli\u011fin s\u00fcrd\u00fcr\u00fclebilirli\u011finin s\u0131nanmas\u0131 bak\u0131m\u0131ndan kritik bir deneyim olarak alan yazarlar, bu rejimde muhalefetin konumunu ve perspektiflerini de tart\u0131\u015f\u0131yorlar. T\u00fcrkiye\u2019nin Yeni Rejimi: Rekabet\u00e7i Otoriterlik\u2019in sorusu, \u015fu: Rekabet\u00e7i otoriterlik, T\u00fcrkiye i\u00e7in son durak m\u0131? <\/p>\n","protected":false},"excerpt":{"rendered":"<p>\u201cCumhurba\u015fkan\u0131 Erdo\u011fan, ideolojisi veya \u00e7\u0131karlar\u0131 nas\u0131l tan\u0131mlan\u0131rsa tan\u0131mlans\u0131n, son kertede iktidara se\u00e7im yoluyla gelmi\u015f ve iktidarda sand\u0131k yoluyla kalm\u0131\u015ft\u0131r&#8230; Bu nedenle, me\u015fruiyetini rejimin rekabet\u00e7i unsurlar\u0131ndan al\u0131r.<span class=\"excerpt-hellip\"> [\u2026]<\/span><\/p>\n","protected":false},"featured_media":0,"template":"","meta":{"_monsterinsights_skip_tracking":false,"_monsterinsights_sitenote_active":false,"_monsterinsights_sitenote_note":"","_monsterinsights_sitenote_category":0},"product_brand":[],"product_cat":[12337],"product_tag":[],"class_list":{"0":"post-753367","1":"product","2":"type-product","3":"status-publish","5":"product_cat-politika-siyaset","6":"pa_cilt-ciltsiz","7":"pa_tur-kitap","8":"pa_yayinevi-iletisim-yayinlari","9":"pa_yazar-berk-esen-sebnem-gumuscu-hakan-yavuzyilmaz","11":"first","12":"instock","13":"sale","14":"shipping-taxable","15":"purchasable","16":"product-type-simple"},"_links":{"self":[{"href":"https:\/\/roveyayinevi.com.tr\/index.php\/wp-json\/wp\/v2\/product\/753367","targetHints":{"allow":["GET"]}}],"collection":[{"href":"https:\/\/roveyayinevi.com.tr\/index.php\/wp-json\/wp\/v2\/product"}],"about":[{"href":"https:\/\/roveyayinevi.com.tr\/index.php\/wp-json\/wp\/v2\/types\/product"}],"wp:attachment":[{"href":"https:\/\/roveyayinevi.com.tr\/index.php\/wp-json\/wp\/v2\/media?parent=753367"}],"wp:term":[{"taxonomy":"product_brand","embeddable":true,"href":"https:\/\/roveyayinevi.com.tr\/index.php\/wp-json\/wp\/v2\/product_brand?post=753367"},{"taxonomy":"product_cat","embeddable":true,"href":"https:\/\/roveyayinevi.com.tr\/index.php\/wp-json\/wp\/v2\/product_cat?post=753367"},{"taxonomy":"product_tag","embeddable":true,"href":"https:\/\/roveyayinevi.com.tr\/index.php\/wp-json\/wp\/v2\/product_tag?post=753367"}],"curies":[{"name":"wp","href":"https:\/\/api.w.org\/{rel}","templated":true}]}}