{"id":753365,"date":"2025-08-28T05:41:37","date_gmt":"2025-08-28T02:41:37","guid":{"rendered":"https:\/\/roveyayinevi.com.tr\/index.php\/urun\/hizli-yasamak\/"},"modified":"2026-04-16T03:06:45","modified_gmt":"2026-04-16T00:06:45","slug":"hizli-yasamak","status":"publish","type":"product","link":"https:\/\/roveyayinevi.com.tr\/index.php\/urun\/hizli-yasamak\/","title":{"rendered":"H\u0131zl\u0131 Yas\u0327amak"},"content":{"rendered":"<p>Brigitte Giraud\u2019nun Goncourt O\u0308du\u0308llu\u0308 kitab\u0131 H\u0131zl\u0131 Yas\u0327amak, kapkaranl\u0131k bir olay\u0131 muhtes\u0327em bir duygusall\u0131kla, s\u0327efkatle is\u0327leyen bir roman. E\u015fini y\u0131llar o\u0308nce bir motosiklet kazas\u0131nda kaybeden yazar, kazaya giden olaylar zincirini, c\u0327ok kis\u0327isel ve ic\u0327ten bir sorus\u0327turma yu\u0308ru\u0308terek inceliyor. Geriye do\u0308nu\u0308s\u0327lerle, an\u0131lar\u0131n o c\u0327ok derin sular\u0131na dal\u0131yor ve kazan\u0131n o\u0308nu\u0308ne gec\u0327ebilecek farazi olaylarla, tarihi bas\u0327tan yazmaya c\u0327al\u0131s\u0327\u0131yor. Bir c\u0327iftin o\u0308zel hayat\u0131n\u0131n, ilis\u0327kilerindeki gu\u0308ndelik meselelerin yan\u0131 s\u0131ra kentsel do\u0308nu\u0308s\u0327u\u0308m ve soylulas\u0327t\u0131rma gibi kamusal etkenlerle nas\u0131l deg\u0306is\u0327ebileceg\u0306ini anlat\u0131yor. Brigitte Giraud, es\u0327inin o\u0308lu\u0308mu\u0308nu\u0308n yas\u0131n\u0131 bu\u0308yu\u0308k bir cesaretle ve samimiyetle tutuyor; kis\u0327isel bir meseleyi, okuyan herkesin hayat\u0131na bir s\u0327ekilde dokunacak bir roman haline getiriyor. \u201cH\u0131zl\u0131 Yas\u0327amak, hat\u0131rlamak ic\u0327in bir davet, geri do\u0308nu\u0308s\u0327u\u0308 olmayan s\u0327ey gerc\u0327ekles\u0327meden o\u0308nce zaman\u0131 durdurma c\u0327abas\u0131.\u201d Lir Magaz\u0131ne Litte\u0301raire \u201cH\u0131zl\u0131 Yas\u0327amak mu\u0308s\u0327fik, hassas bir adama yaz\u0131lm\u0131s\u0327 bir as\u0327k mektubu, bir bilgelik aray\u0131s\u0327\u0131 ve bizimkine c\u0327ok benzeyen bir gu\u0308ndelik hayat resmi.\u201d Version Femina<\/p>\n","protected":false},"excerpt":{"rendered":"<p>Brigitte Giraud\u2019nun Goncourt O\u0308du\u0308llu\u0308 kitab\u0131 H\u0131zl\u0131 Yas\u0327amak, kapkaranl\u0131k bir olay\u0131 muhtes\u0327em bir duygusall\u0131kla, s\u0327efkatle is\u0327leyen bir roman. E\u015fini y\u0131llar o\u0308nce bir motosiklet kazas\u0131nda kaybeden yazar, kazaya<span class=\"excerpt-hellip\"> [\u2026]<\/span><\/p>\n","protected":false},"featured_media":0,"template":"","meta":{"_monsterinsights_skip_tracking":false,"_monsterinsights_sitenote_active":false,"_monsterinsights_sitenote_note":"","_monsterinsights_sitenote_category":0},"product_brand":[],"product_cat":[12291,12711],"product_tag":[],"class_list":{"0":"post-753365","1":"product","2":"type-product","3":"status-publish","5":"product_cat-edebiyat","6":"product_cat-roman-oyku","7":"pa_cilt-ciltsiz","8":"pa_tur-kitap","9":"pa_yayinevi-iletisim-yayinlari","10":"pa_yazar-brigitte-giraud","12":"first","13":"instock","14":"sale","15":"shipping-taxable","16":"purchasable","17":"product-type-simple"},"_links":{"self":[{"href":"https:\/\/roveyayinevi.com.tr\/index.php\/wp-json\/wp\/v2\/product\/753365","targetHints":{"allow":["GET"]}}],"collection":[{"href":"https:\/\/roveyayinevi.com.tr\/index.php\/wp-json\/wp\/v2\/product"}],"about":[{"href":"https:\/\/roveyayinevi.com.tr\/index.php\/wp-json\/wp\/v2\/types\/product"}],"wp:attachment":[{"href":"https:\/\/roveyayinevi.com.tr\/index.php\/wp-json\/wp\/v2\/media?parent=753365"}],"wp:term":[{"taxonomy":"product_brand","embeddable":true,"href":"https:\/\/roveyayinevi.com.tr\/index.php\/wp-json\/wp\/v2\/product_brand?post=753365"},{"taxonomy":"product_cat","embeddable":true,"href":"https:\/\/roveyayinevi.com.tr\/index.php\/wp-json\/wp\/v2\/product_cat?post=753365"},{"taxonomy":"product_tag","embeddable":true,"href":"https:\/\/roveyayinevi.com.tr\/index.php\/wp-json\/wp\/v2\/product_tag?post=753365"}],"curies":[{"name":"wp","href":"https:\/\/api.w.org\/{rel}","templated":true}]}}