{"id":753364,"date":"2025-08-28T05:41:36","date_gmt":"2025-08-28T02:41:36","guid":{"rendered":"https:\/\/roveyayinevi.com.tr\/index.php\/urun\/neler-gordum-neler-yasadim\/"},"modified":"2026-04-16T03:06:45","modified_gmt":"2026-04-16T00:06:45","slug":"neler-gordum-neler-yasadim","status":"publish","type":"product","link":"https:\/\/roveyayinevi.com.tr\/index.php\/urun\/neler-gordum-neler-yasadim\/","title":{"rendered":"Neler G\u00f6rd\u00fcm Neler Ya\u015fad\u0131m"},"content":{"rendered":"<p>Sevgili okurlar; uzun y\u0131llar d\u00fc\u015f\u00fcnd\u00fc\u011f\u00fcm bir konu vard\u0131, bizim ku\u015fak (1930\u2019lu y\u0131llar\u0131n ba\u015f\u0131 ile 1940\u2019li y\u0131llar\u0131n sonu aras\u0131nda d\u00fcnyaya gelenler) hangi ortamda d\u00fcnyaya geldiler, neler g\u00f6rd\u00fcler, neler ya\u015fad\u0131lar ve halen hayatta olanlar neler g\u00f6r\u00fcyorlar, neler ya\u015f\u0131yorlar? Ya\u015fam\u0131n t\u00fcm alanlar\u0131nda neler oldu, nerelerden nerelere geldik? Hayat\u0131ma bir g\u00f6z at\u0131nca t\u00fcylerim \u00fcrperiyor. Ge\u00e7mi\u015fte y\u00fczlerce, hatta binlerce ve hatta on binlerce y\u0131lda ya\u015fananlar yani her alandaki yenilikler, ba\u015f d\u00f6nd\u00fcr\u00fcc\u00fc bir h\u0131zla geli\u015ferek bizim ku\u015fa\u011f\u0131n \u00f6mr\u00fcne s\u0131\u011fm\u0131\u015f durumda. Gelecekte d\u00fcnyada nelerin olaca\u011f\u0131n\u0131 elbette bilemeyiz ancak b\u00f6yle bir ku\u015fa\u011f\u0131n bir daha d\u00fcnyaya gelece\u011fini d\u00fc\u015f\u00fcnemiyorum.      Bu nedenle bu ku\u015fakta ya\u015fayanlar\u0131n nas\u0131l bir d\u00fcnyaya geldiklerini, neler ya\u015fad\u0131klar\u0131n\u0131, neler g\u00f6rd\u00fcklerini, her alandaki geli\u015fmeleri ve olaylar\u0131 bu kitapta anlatmaya \u00e7al\u0131\u015ft\u0131m. Kimilerinizin an\u0131lar\u0131n\u0131n canlanmas\u0131, kimilerinizin eskiye dair bir \u015feyler \u00f6\u011frenmesi ve en \u00f6nemlisi zevkle okunmas\u0131 dileklerimle. <\/p>\n","protected":false},"excerpt":{"rendered":"<p>Sevgili okurlar; uzun y\u0131llar d\u00fc\u015f\u00fcnd\u00fc\u011f\u00fcm bir konu vard\u0131, bizim ku\u015fak (1930\u2019lu y\u0131llar\u0131n ba\u015f\u0131 ile 1940\u2019li y\u0131llar\u0131n sonu aras\u0131nda d\u00fcnyaya gelenler) hangi ortamda d\u00fcnyaya geldiler, neler g\u00f6rd\u00fcler,<span class=\"excerpt-hellip\"> [\u2026]<\/span><\/p>\n","protected":false},"featured_media":0,"template":"","meta":{"_monsterinsights_skip_tracking":false,"_monsterinsights_sitenote_active":false,"_monsterinsights_sitenote_note":"","_monsterinsights_sitenote_category":0},"product_brand":[],"product_cat":[52477],"product_tag":[],"class_list":{"0":"post-753364","1":"product","2":"type-product","3":"status-publish","5":"product_cat-arastirma","6":"pa_cilt-ciltsiz","7":"pa_tur-kitap","8":"pa_yayinevi-semenderkitap-yayinlari","9":"pa_yazar-bedri-aybars","11":"first","12":"instock","13":"sale","14":"shipping-taxable","15":"purchasable","16":"product-type-simple"},"_links":{"self":[{"href":"https:\/\/roveyayinevi.com.tr\/index.php\/wp-json\/wp\/v2\/product\/753364","targetHints":{"allow":["GET"]}}],"collection":[{"href":"https:\/\/roveyayinevi.com.tr\/index.php\/wp-json\/wp\/v2\/product"}],"about":[{"href":"https:\/\/roveyayinevi.com.tr\/index.php\/wp-json\/wp\/v2\/types\/product"}],"wp:attachment":[{"href":"https:\/\/roveyayinevi.com.tr\/index.php\/wp-json\/wp\/v2\/media?parent=753364"}],"wp:term":[{"taxonomy":"product_brand","embeddable":true,"href":"https:\/\/roveyayinevi.com.tr\/index.php\/wp-json\/wp\/v2\/product_brand?post=753364"},{"taxonomy":"product_cat","embeddable":true,"href":"https:\/\/roveyayinevi.com.tr\/index.php\/wp-json\/wp\/v2\/product_cat?post=753364"},{"taxonomy":"product_tag","embeddable":true,"href":"https:\/\/roveyayinevi.com.tr\/index.php\/wp-json\/wp\/v2\/product_tag?post=753364"}],"curies":[{"name":"wp","href":"https:\/\/api.w.org\/{rel}","templated":true}]}}