{"id":753358,"date":"2025-08-28T05:41:24","date_gmt":"2025-08-28T02:41:24","guid":{"rendered":"https:\/\/roveyayinevi.com.tr\/index.php\/urun\/dunyayi-degistir-3\/"},"modified":"2026-04-16T03:06:45","modified_gmt":"2026-04-16T00:06:45","slug":"dunyayi-degistir-3","status":"publish","type":"product","link":"https:\/\/roveyayinevi.com.tr\/index.php\/urun\/dunyayi-degistir-3\/","title":{"rendered":"D\u00fcnyay\u0131 De\u011fi\u015ftir 3"},"content":{"rendered":"<p>Bedenlerimiz de\u011fi\u015fince duygular\u0131m\u0131z\u0131 kontrol edemiyor muyuz? Maftan\u0131n ma\u015fas\u0131 olan Yuichi&#8230; Polislerden ka\u00e7arken paraya ihtiyac\u0131 olunca tefecilere meydan okuyan Mitsumune&#8230; Beden de\u011fi\u015ftiren ikili yeni sorunlarla kar\u015f\u0131la\u015f\u0131rken, Yuichi\u2019nin ho\u015fland\u0131\u011f\u0131 kad\u0131n olan Nakazato\u2019san\u2019\u0131n devreye girmesiyle kader a\u011flar\u0131n\u0131 \u00f6rmeye ba\u015flar.<\/p>\n","protected":false},"excerpt":{"rendered":"<p>Bedenlerimiz de\u011fi\u015fince duygular\u0131m\u0131z\u0131 kontrol edemiyor muyuz? Maftan\u0131n ma\u015fas\u0131 olan Yuichi&#8230; Polislerden ka\u00e7arken paraya ihtiyac\u0131 olunca tefecilere meydan okuyan Mitsumune&#8230; Beden de\u011fi\u015ftiren ikili yeni sorunlarla kar\u015f\u0131la\u015f\u0131rken, Yuichi\u2019nin<span class=\"excerpt-hellip\"> [\u2026]<\/span><\/p>\n","protected":false},"featured_media":0,"template":"","meta":{"_monsterinsights_skip_tracking":false,"_monsterinsights_sitenote_active":false,"_monsterinsights_sitenote_note":"","_monsterinsights_sitenote_category":0},"product_brand":[],"product_cat":[12416,12291],"product_tag":[],"class_list":{"0":"post-753358","1":"product","2":"type-product","3":"status-publish","5":"product_cat-cizgi-roman","6":"product_cat-edebiyat","7":"pa_cilt-ciltsiz","8":"pa_tur-kitap","9":"pa_yayinevi-kayip-kita-yayinlari","10":"pa_yazar-yuya-kanzaki","12":"first","13":"instock","14":"sale","15":"shipping-taxable","16":"purchasable","17":"product-type-simple"},"_links":{"self":[{"href":"https:\/\/roveyayinevi.com.tr\/index.php\/wp-json\/wp\/v2\/product\/753358","targetHints":{"allow":["GET"]}}],"collection":[{"href":"https:\/\/roveyayinevi.com.tr\/index.php\/wp-json\/wp\/v2\/product"}],"about":[{"href":"https:\/\/roveyayinevi.com.tr\/index.php\/wp-json\/wp\/v2\/types\/product"}],"wp:attachment":[{"href":"https:\/\/roveyayinevi.com.tr\/index.php\/wp-json\/wp\/v2\/media?parent=753358"}],"wp:term":[{"taxonomy":"product_brand","embeddable":true,"href":"https:\/\/roveyayinevi.com.tr\/index.php\/wp-json\/wp\/v2\/product_brand?post=753358"},{"taxonomy":"product_cat","embeddable":true,"href":"https:\/\/roveyayinevi.com.tr\/index.php\/wp-json\/wp\/v2\/product_cat?post=753358"},{"taxonomy":"product_tag","embeddable":true,"href":"https:\/\/roveyayinevi.com.tr\/index.php\/wp-json\/wp\/v2\/product_tag?post=753358"}],"curies":[{"name":"wp","href":"https:\/\/api.w.org\/{rel}","templated":true}]}}