{"id":753356,"date":"2025-08-28T05:41:21","date_gmt":"2025-08-28T02:41:21","guid":{"rendered":"https:\/\/roveyayinevi.com.tr\/index.php\/urun\/duyarliliktan-dogan-guc\/"},"modified":"2026-04-03T03:08:39","modified_gmt":"2026-04-03T00:08:39","slug":"duyarliliktan-dogan-guc","status":"publish","type":"product","link":"https:\/\/roveyayinevi.com.tr\/index.php\/urun\/duyarliliktan-dogan-guc\/","title":{"rendered":"Duyarl\u0131l\u0131ktan Do\u011fan G\u00fc\u00e7"},"content":{"rendered":"<p>A\u015f\u0131r\u0131 duyarl\u0131 insanlar i\u00e7in duyusal a\u015f\u0131r\u0131 y\u00fcklenme ve t\u00fckenmi\u015flikten korunmaya dair bir rehber.   A\u015f\u0131r\u0131 hassas ve duyusal olmak kimi zaman zay\u0131fl\u0131k belirtisi olarak g\u00f6r\u00fcl\u00fcr. Oysa empat olmak, d\u00fcnyayla yo\u011fun \u015fefkat i\u00e7inde ba\u011flant\u0131 kurmak i\u00e7in e\u015fsiz bir arma\u011fand\u0131r. Empatik i\u00e7g\u00f6r\u00fcler kontrol edilemedi\u011fi zaman ise bu bir arma\u011fan olmaktan \u00e7\u0131k\u0131p, sizi t\u00fckenmenin k\u0131y\u0131lar\u0131na savurabilir.   Duyarl\u0131l\u0131ktan Do\u011fan G\u00fc\u00e7 kitab\u0131nda her ya\u015ftan kad\u0131n ve erke\u011fin hayat\u0131na dokunan Jane Novak, duyarl\u0131l\u0131ktan do\u011fan g\u00fcc\u00fc elde etmeniz i\u00e7in e\u015fsiz bir rehberlik yap\u0131yor. Ya\u015fam enerjisinin ve g\u00fcc\u00fcn kilidini a\u00e7mak i\u00e7in ad\u0131m ad\u0131m ilerleyen bu yolculukta arzulad\u0131\u011f\u0131n\u0131z d\u00f6n\u00fc\u015f\u00fcm\u00fc nas\u0131l ger\u00e7ekle\u015ftirece\u011finizi anlat\u0131yor. Nefes egzersizleri, imgeleme \u00e7al\u0131\u015fmalar\u0131, \u00f6zel aktivasyonlar ve ara\u00e7larla \u00f6zg\u00fcrl\u00fc\u011f\u00fcn\u00fcze kavu\u015fman\u0131z i\u00e7in etkili anahtarlar sunuyor.   Zorlu bir d\u00fcnyada kendi merkezinde durarak, ya\u015famla olan o g\u00fc\u00e7l\u00fc ve sevgi dolu ba\u011f\u0131 yitirmek istemeyen herkes i\u00e7in\u2026 <\/p>\n","protected":false},"excerpt":{"rendered":"<p>A\u015f\u0131r\u0131 duyarl\u0131 insanlar i\u00e7in duyusal a\u015f\u0131r\u0131 y\u00fcklenme ve t\u00fckenmi\u015flikten korunmaya dair bir rehber. A\u015f\u0131r\u0131 hassas ve duyusal olmak kimi zaman zay\u0131fl\u0131k belirtisi olarak g\u00f6r\u00fcl\u00fcr. Oysa empat<span class=\"excerpt-hellip\"> [\u2026]<\/span><\/p>\n","protected":false},"featured_media":0,"template":"","meta":{"_monsterinsights_skip_tracking":false,"_monsterinsights_sitenote_active":false,"_monsterinsights_sitenote_note":"","_monsterinsights_sitenote_category":0},"product_brand":[],"product_cat":[12364,12376],"product_tag":[],"class_list":{"0":"post-753356","1":"product","2":"type-product","3":"status-publish","5":"product_cat-genel-konular","6":"product_cat-kisisel-gelisim","7":"pa_cilt-ciltsiz","8":"pa_tur-kitap","9":"pa_yayinevi-serenad-yayinevi","10":"pa_yazar-jane-novak","12":"first","13":"instock","14":"sale","15":"shipping-taxable","16":"purchasable","17":"product-type-simple"},"_links":{"self":[{"href":"https:\/\/roveyayinevi.com.tr\/index.php\/wp-json\/wp\/v2\/product\/753356","targetHints":{"allow":["GET"]}}],"collection":[{"href":"https:\/\/roveyayinevi.com.tr\/index.php\/wp-json\/wp\/v2\/product"}],"about":[{"href":"https:\/\/roveyayinevi.com.tr\/index.php\/wp-json\/wp\/v2\/types\/product"}],"wp:attachment":[{"href":"https:\/\/roveyayinevi.com.tr\/index.php\/wp-json\/wp\/v2\/media?parent=753356"}],"wp:term":[{"taxonomy":"product_brand","embeddable":true,"href":"https:\/\/roveyayinevi.com.tr\/index.php\/wp-json\/wp\/v2\/product_brand?post=753356"},{"taxonomy":"product_cat","embeddable":true,"href":"https:\/\/roveyayinevi.com.tr\/index.php\/wp-json\/wp\/v2\/product_cat?post=753356"},{"taxonomy":"product_tag","embeddable":true,"href":"https:\/\/roveyayinevi.com.tr\/index.php\/wp-json\/wp\/v2\/product_tag?post=753356"}],"curies":[{"name":"wp","href":"https:\/\/api.w.org\/{rel}","templated":true}]}}