{"id":753354,"date":"2025-08-28T05:41:18","date_gmt":"2025-08-28T02:41:18","guid":{"rendered":"https:\/\/roveyayinevi.com.tr\/index.php\/urun\/degirmenimden-mektuplar-ciltli\/"},"modified":"2026-04-16T03:06:45","modified_gmt":"2026-04-16T00:06:45","slug":"degirmenimden-mektuplar-ciltli","status":"publish","type":"product","link":"https:\/\/roveyayinevi.com.tr\/index.php\/urun\/degirmenimden-mektuplar-ciltli\/","title":{"rendered":"De\u011firmenimden Mektuplar (Ciltli)"},"content":{"rendered":"<p>Alphonse Daudet&#8217;nin hen\u00fcz yirmi \u00fc\u00e7 ya\u015f\u0131ndayken kaleme ald\u0131\u011f\u0131 De\u011firmenimden Mektuplar, toplamda yirmi d\u00f6rt \u00f6yk\u00fcden olu\u015fan derleme bir eserdir. L&#8217;Evenement, Le Figaro ve Le Bien Public gazetelerinde tefrika edilerek yay\u0131mlanan mektuplar, 1879 y\u0131l\u0131nda bir kitap olarak yay\u0131mlanm\u0131\u015ft\u0131r. Eserin ad\u0131ndan da anla\u015f\u0131ld\u0131\u011f\u0131 \u00fczere \u00f6yk\u00fcler, gazete yay\u0131mland\u0131\u011f\u0131 zamanlarda birer mektup format\u0131nda kaleme al\u0131nm\u0131\u015ft\u0131r. Yazar, Provence&#8217;a yapt\u0131\u011f\u0131 bir seyahatinde terk edilmi\u015f bir de\u011firmeni ke\u015ffederek sat\u0131n al\u0131r ve mektuplar\u0131n\u0131n tasla\u011f\u0131n\u0131 bu de\u011firmende olu\u015fturur. G\u00fcne\u015fin yak\u0131c\u0131 \u0131\u015f\u0131klar\u0131yla can bulan yemye\u015fil \u00e7am ormanlar\u0131n\u0131n aras\u0131nda bulunan de\u011firmende, etraf\u0131n\u0131 \u00e7evreleyen t\u00fcm ses, koku ve birbirinden g\u00fczel renkleriyle Provence do\u011fas\u0131n\u0131n ve an\u0131lar\u0131n\u0131n kendisine esin kayna\u011f\u0131 oldu\u011fu s\u00f6ylenebilir. De\u011firmenin sat\u0131n al\u0131nd\u0131\u011f\u0131n\u0131 belirten noter belgesi ile ba\u015flayan kitapta, Provence&#8217;taki ya\u015fam\u0131n yan\u0131 s\u0131ra Korsika ve Cezayir&#8217;e yap\u0131lan geziler hakk\u0131nda k\u0131sa pastoral \u00f6yk\u00fcler de yer almaktad\u0131r.<\/p>\n","protected":false},"excerpt":{"rendered":"<p>Alphonse Daudet&#8217;nin hen\u00fcz yirmi \u00fc\u00e7 ya\u015f\u0131ndayken kaleme ald\u0131\u011f\u0131 De\u011firmenimden Mektuplar, toplamda yirmi d\u00f6rt \u00f6yk\u00fcden olu\u015fan derleme bir eserdir. L&#8217;Evenement, Le Figaro ve Le Bien Public gazetelerinde<span class=\"excerpt-hellip\"> [\u2026]<\/span><\/p>\n","protected":false},"featured_media":0,"template":"","meta":{"_monsterinsights_skip_tracking":false,"_monsterinsights_sitenote_active":false,"_monsterinsights_sitenote_note":"","_monsterinsights_sitenote_category":0},"product_brand":[],"product_cat":[27157,12291],"product_tag":[],"class_list":{"0":"post-753354","1":"product","2":"type-product","3":"status-publish","5":"product_cat-derleme","6":"product_cat-edebiyat","7":"pa_cilt-ciltli","8":"pa_tur-kitap","9":"pa_yayinevi-otuken-nesriyat","10":"pa_yazar-alphonse-daudet","12":"first","13":"instock","14":"sale","15":"shipping-taxable","16":"purchasable","17":"product-type-simple"},"_links":{"self":[{"href":"https:\/\/roveyayinevi.com.tr\/index.php\/wp-json\/wp\/v2\/product\/753354","targetHints":{"allow":["GET"]}}],"collection":[{"href":"https:\/\/roveyayinevi.com.tr\/index.php\/wp-json\/wp\/v2\/product"}],"about":[{"href":"https:\/\/roveyayinevi.com.tr\/index.php\/wp-json\/wp\/v2\/types\/product"}],"wp:attachment":[{"href":"https:\/\/roveyayinevi.com.tr\/index.php\/wp-json\/wp\/v2\/media?parent=753354"}],"wp:term":[{"taxonomy":"product_brand","embeddable":true,"href":"https:\/\/roveyayinevi.com.tr\/index.php\/wp-json\/wp\/v2\/product_brand?post=753354"},{"taxonomy":"product_cat","embeddable":true,"href":"https:\/\/roveyayinevi.com.tr\/index.php\/wp-json\/wp\/v2\/product_cat?post=753354"},{"taxonomy":"product_tag","embeddable":true,"href":"https:\/\/roveyayinevi.com.tr\/index.php\/wp-json\/wp\/v2\/product_tag?post=753354"}],"curies":[{"name":"wp","href":"https:\/\/api.w.org\/{rel}","templated":true}]}}