{"id":753350,"date":"2025-08-28T05:41:11","date_gmt":"2025-08-28T02:41:11","guid":{"rendered":"https:\/\/roveyayinevi.com.tr\/index.php\/urun\/dikkat-zeka-3-yas\/"},"modified":"2026-04-16T03:06:44","modified_gmt":"2026-04-16T00:06:44","slug":"dikkat-zeka-3-yas","status":"publish","type":"product","link":"https:\/\/roveyayinevi.com.tr\/index.php\/urun\/dikkat-zeka-3-yas\/","title":{"rendered":"Dikkat Zeka (3 Ya\u015f)"},"content":{"rendered":"<p>Bu kitap dikkati, \u00f6\u011frenmeyi, d\u00fc\u015f\u00fcnme becerilerini, motivasyonu, \u00e7al\u0131\u015fma verimlili\u011fini art\u0131rma ad\u0131na geli\u015ftirilmi\u015ftir. Okul hayat\u0131nda ve g\u00fcnl\u00fck hayatta problemlere yarat\u0131c\u0131 \u00e7\u00f6z\u00fcmler \u00fcretilmesine yard\u0131mc\u0131 olman\u0131n yan\u0131nda i\u00e7erikler olu\u015fturulurken kullan\u0131lan \u2018\u2019Disiplinleraras\u0131 Ba\u011flant\u0131 Sistemi\u2019\u2019 ile \u00e7ocuklar\u0131n g\u00fcnl\u00fck hayattaki karma\u015f\u0131k problemlere y\u00f6nelik farkl\u0131 bilgi ve deneyimleri bir arada kullanabilmelerini sa\u011flamaktad\u0131r.Dikkat\u2013Zek\u00e2, uzman ki\u015filer taraf\u0131ndan SCAMPER \u00f6\u011frenme tekni\u011fi ve Disiplinleraras\u0131 Ba\u011flant\u0131 Sistemi gibi bilimsel tekniklerden yola \u00e7\u0131karak haz\u0131rlanm\u0131\u015f \u00e7al\u0131\u015fmalardan olu\u015fmaktad\u0131r. Bu set sayesinde \u00fcretkenli\u011fin d\u00f6rt temel boyutu olan ak\u0131lc\u0131l\u0131k, esneklik, \u00f6zg\u00fcnl\u00fck ve zenginle\u015ftirme etkinlikleri ile \u00e7ocuklar, do\u011fu\u015ftan gelen kapasitelerini en y\u00fcksek verimlilikte kullanabilmek i\u00e7in ihtiya\u00e7 duydu\u011fu kazan\u0131mlar\u0131 e\u011flenceli ve zevkli aktiviteler e\u015fli\u011finde edinecektir.<\/p>\n","protected":false},"excerpt":{"rendered":"<p>Bu kitap dikkati, \u00f6\u011frenmeyi, d\u00fc\u015f\u00fcnme becerilerini, motivasyonu, \u00e7al\u0131\u015fma verimlili\u011fini art\u0131rma ad\u0131na geli\u015ftirilmi\u015ftir. Okul hayat\u0131nda ve g\u00fcnl\u00fck hayatta problemlere yarat\u0131c\u0131 \u00e7\u00f6z\u00fcmler \u00fcretilmesine yard\u0131mc\u0131 olman\u0131n yan\u0131nda i\u00e7erikler olu\u015fturulurken<span class=\"excerpt-hellip\"> [\u2026]<\/span><\/p>\n","protected":false},"featured_media":0,"template":"","meta":{"_monsterinsights_skip_tracking":false,"_monsterinsights_sitenote_active":false,"_monsterinsights_sitenote_note":"","_monsterinsights_sitenote_category":0},"product_brand":[],"product_cat":[12274,12518],"product_tag":[],"class_list":{"0":"post-753350","1":"product","2":"type-product","3":"status-publish","5":"product_cat-cocuk-ve-genclik-kitaplari","6":"product_cat-okul-oncesi-kitaplar","7":"pa_cilt-ciltsiz","8":"pa_tur-kitap","9":"pa_yayinevi-dikkat-ve-zeka-akademisi-yayinlari","10":"pa_yazar-mehmet-turkdogan-savas-ozdemir","12":"first","13":"instock","14":"sale","15":"shipping-taxable","16":"purchasable","17":"product-type-simple"},"_links":{"self":[{"href":"https:\/\/roveyayinevi.com.tr\/index.php\/wp-json\/wp\/v2\/product\/753350","targetHints":{"allow":["GET"]}}],"collection":[{"href":"https:\/\/roveyayinevi.com.tr\/index.php\/wp-json\/wp\/v2\/product"}],"about":[{"href":"https:\/\/roveyayinevi.com.tr\/index.php\/wp-json\/wp\/v2\/types\/product"}],"wp:attachment":[{"href":"https:\/\/roveyayinevi.com.tr\/index.php\/wp-json\/wp\/v2\/media?parent=753350"}],"wp:term":[{"taxonomy":"product_brand","embeddable":true,"href":"https:\/\/roveyayinevi.com.tr\/index.php\/wp-json\/wp\/v2\/product_brand?post=753350"},{"taxonomy":"product_cat","embeddable":true,"href":"https:\/\/roveyayinevi.com.tr\/index.php\/wp-json\/wp\/v2\/product_cat?post=753350"},{"taxonomy":"product_tag","embeddable":true,"href":"https:\/\/roveyayinevi.com.tr\/index.php\/wp-json\/wp\/v2\/product_tag?post=753350"}],"curies":[{"name":"wp","href":"https:\/\/api.w.org\/{rel}","templated":true}]}}