{"id":753348,"date":"2025-08-28T05:41:06","date_gmt":"2025-08-28T02:41:06","guid":{"rendered":"https:\/\/roveyayinevi.com.tr\/index.php\/urun\/kapinin-ardindaki-sir\/"},"modified":"2026-04-16T03:06:44","modified_gmt":"2026-04-16T00:06:44","slug":"kapinin-ardindaki-sir","status":"publish","type":"product","link":"https:\/\/roveyayinevi.com.tr\/index.php\/urun\/kapinin-ardindaki-sir\/","title":{"rendered":"Kap\u0131n\u0131n Ard\u0131ndaki S\u0131r"},"content":{"rendered":"<p>Y\u0131llar ge\u00e7iyordu ve elbette her \u015fey de\u011fi\u015fiyordu. Bir \u015fey hari\u00e7: Meryem&#8217;in ya\u015fad\u0131\u011f\u0131 maceralar! Bu defa hi\u00e7 bilmedi\u011fi bir yerde, b\u00fcy\u00fck b\u00fcy\u00fck kap\u0131lar vard\u0131 kar\u015f\u0131s\u0131nda. Kap\u0131lar\u0131n ard\u0131ndakiler ise \u00e7ok tan\u0131d\u0131kt\u0131. S\u0131radan bir &#8220;yaz g\u00fcn\u00fc&#8221; kahraman\u0131m\u0131z ve arkada\u015flar\u0131 hi\u00e7 de s\u0131radan olmayan olaylar\u0131n fitilini ate\u015flerler. Bir anla\u015fma, bir ma\u00e7, bir cesaret ve kimsesiz bir evin \u00e7\u00f6z\u00fclemeyen gizemi&#8230; Meryem; \u015fa\u015f\u0131rmaya ve \u00f6\u011frenmeye son h\u0131zla devam ediyor.<\/p>\n","protected":false},"excerpt":{"rendered":"<p>Y\u0131llar ge\u00e7iyordu ve elbette her \u015fey de\u011fi\u015fiyordu. Bir \u015fey hari\u00e7: Meryem&#8217;in ya\u015fad\u0131\u011f\u0131 maceralar! Bu defa hi\u00e7 bilmedi\u011fi bir yerde, b\u00fcy\u00fck b\u00fcy\u00fck kap\u0131lar vard\u0131 kar\u015f\u0131s\u0131nda. Kap\u0131lar\u0131n ard\u0131ndakiler<span class=\"excerpt-hellip\"> [\u2026]<\/span><\/p>\n","protected":false},"featured_media":0,"template":"","meta":{"_monsterinsights_skip_tracking":false,"_monsterinsights_sitenote_active":false,"_monsterinsights_sitenote_note":"","_monsterinsights_sitenote_category":0},"product_brand":[],"product_cat":[12291,12711],"product_tag":[],"class_list":{"0":"post-753348","1":"product","2":"type-product","3":"status-publish","5":"product_cat-edebiyat","6":"product_cat-roman-oyku","7":"pa_cilt-ciltsiz","8":"pa_tur-kitap","9":"pa_yayinevi-gulce-kitap","10":"pa_yazar-alara-ucar","12":"first","13":"instock","14":"sale","15":"shipping-taxable","16":"purchasable","17":"product-type-simple"},"_links":{"self":[{"href":"https:\/\/roveyayinevi.com.tr\/index.php\/wp-json\/wp\/v2\/product\/753348","targetHints":{"allow":["GET"]}}],"collection":[{"href":"https:\/\/roveyayinevi.com.tr\/index.php\/wp-json\/wp\/v2\/product"}],"about":[{"href":"https:\/\/roveyayinevi.com.tr\/index.php\/wp-json\/wp\/v2\/types\/product"}],"wp:attachment":[{"href":"https:\/\/roveyayinevi.com.tr\/index.php\/wp-json\/wp\/v2\/media?parent=753348"}],"wp:term":[{"taxonomy":"product_brand","embeddable":true,"href":"https:\/\/roveyayinevi.com.tr\/index.php\/wp-json\/wp\/v2\/product_brand?post=753348"},{"taxonomy":"product_cat","embeddable":true,"href":"https:\/\/roveyayinevi.com.tr\/index.php\/wp-json\/wp\/v2\/product_cat?post=753348"},{"taxonomy":"product_tag","embeddable":true,"href":"https:\/\/roveyayinevi.com.tr\/index.php\/wp-json\/wp\/v2\/product_tag?post=753348"}],"curies":[{"name":"wp","href":"https:\/\/api.w.org\/{rel}","templated":true}]}}