{"id":753340,"date":"2025-08-28T05:40:51","date_gmt":"2025-08-28T02:40:51","guid":{"rendered":"https:\/\/roveyayinevi.com.tr\/index.php\/urun\/denizle-mucadele-bear-grylls-maceralari\/"},"modified":"2026-04-16T03:06:44","modified_gmt":"2026-04-16T00:06:44","slug":"denizle-mucadele-bear-grylls-maceralari","status":"publish","type":"product","link":"https:\/\/roveyayinevi.com.tr\/index.php\/urun\/denizle-mucadele-bear-grylls-maceralari\/","title":{"rendered":"Denizle M\u00fccadele &#8211; Bear Grylls Maceralar\u0131"},"content":{"rendered":"<p>GER\u00c7EK B\u0130R MACERAYA HAZIR MISINIZ?Macerac\u0131 bir k\u0131z olan Chloe, kampta kutulara at\u0131\u015f yapmaya bay\u0131l\u0131r. Ancak arkas\u0131nda b\u0131rakt\u0131\u011f\u0131 \u00e7\u00f6pleri umursamaz. D\u00fcnyan\u0131n birka\u00e7 k\u00fc\u00e7\u00fck \u00e7\u00f6p y\u00fcz\u00fcnden kirlenmeyecek kadar b\u00fcy\u00fck oldu\u011funu d\u00fc\u015f\u00fcn\u00fcr.Yelkenli teknesi ters y\u00fcz oldu\u011funda kendisini rehberi Bear\u2019in yan\u0131nda, bir sahil kenar\u0131nda bulur. Birlikte gelgitlerle ve batakl\u0131klarla y\u00fczle\u015firken tehdit alt\u0131ndaki deniz ya\u015fam\u0131na da dikkat etmelidirler.CHLOE, DO\u011eAYA SAYGI DUYMASI GEREKT\u0130\u011e\u0130N\u0130 \u00d6\u011eRENEB\u0130LECEK M\u0130?<\/p>\n","protected":false},"excerpt":{"rendered":"<p>GER\u00c7EK B\u0130R MACERAYA HAZIR MISINIZ?Macerac\u0131 bir k\u0131z olan Chloe, kampta kutulara at\u0131\u015f yapmaya bay\u0131l\u0131r. Ancak arkas\u0131nda b\u0131rakt\u0131\u011f\u0131 \u00e7\u00f6pleri umursamaz. D\u00fcnyan\u0131n birka\u00e7 k\u00fc\u00e7\u00fck \u00e7\u00f6p y\u00fcz\u00fcnden kirlenmeyecek kadar<span class=\"excerpt-hellip\"> [\u2026]<\/span><\/p>\n","protected":false},"featured_media":0,"template":"","meta":{"_monsterinsights_skip_tracking":false,"_monsterinsights_sitenote_active":false,"_monsterinsights_sitenote_note":"","_monsterinsights_sitenote_category":0},"product_brand":[],"product_cat":[12274,12284],"product_tag":[],"class_list":{"0":"post-753340","1":"product","2":"type-product","3":"status-publish","5":"product_cat-cocuk-ve-genclik-kitaplari","6":"product_cat-hikayeler","7":"pa_cilt-ciltsiz","8":"pa_tur-kitap","9":"pa_yayinevi-timas-cocuk","10":"pa_yazar-bear-grylls","12":"first","13":"instock","14":"sale","15":"shipping-taxable","16":"purchasable","17":"product-type-simple"},"_links":{"self":[{"href":"https:\/\/roveyayinevi.com.tr\/index.php\/wp-json\/wp\/v2\/product\/753340","targetHints":{"allow":["GET"]}}],"collection":[{"href":"https:\/\/roveyayinevi.com.tr\/index.php\/wp-json\/wp\/v2\/product"}],"about":[{"href":"https:\/\/roveyayinevi.com.tr\/index.php\/wp-json\/wp\/v2\/types\/product"}],"wp:attachment":[{"href":"https:\/\/roveyayinevi.com.tr\/index.php\/wp-json\/wp\/v2\/media?parent=753340"}],"wp:term":[{"taxonomy":"product_brand","embeddable":true,"href":"https:\/\/roveyayinevi.com.tr\/index.php\/wp-json\/wp\/v2\/product_brand?post=753340"},{"taxonomy":"product_cat","embeddable":true,"href":"https:\/\/roveyayinevi.com.tr\/index.php\/wp-json\/wp\/v2\/product_cat?post=753340"},{"taxonomy":"product_tag","embeddable":true,"href":"https:\/\/roveyayinevi.com.tr\/index.php\/wp-json\/wp\/v2\/product_tag?post=753340"}],"curies":[{"name":"wp","href":"https:\/\/api.w.org\/{rel}","templated":true}]}}