{"id":753339,"date":"2025-08-28T05:40:50","date_gmt":"2025-08-28T02:40:50","guid":{"rendered":"https:\/\/roveyayinevi.com.tr\/index.php\/urun\/can-sikintima-ne-soyledim\/"},"modified":"2026-04-12T03:10:21","modified_gmt":"2026-04-12T00:10:21","slug":"can-sikintima-ne-soyledim","status":"publish","type":"product","link":"https:\/\/roveyayinevi.com.tr\/index.php\/urun\/can-sikintima-ne-soyledim\/","title":{"rendered":"Can S\u0131k\u0131nt\u0131ma Ne S\u00f6yledim?"},"content":{"rendered":"<p>Bir g\u00fcnde ka\u00e7 kez can\u0131n s\u0131k\u0131l\u0131yor, sevgili okur?Can\u0131n s\u0131k\u0131ld\u0131\u011f\u0131nda nas\u0131l hissediyorsun, kafan\u0131n i\u00e7inde neler d\u00f6n\u00fcyor?Can s\u0131k\u0131nt\u0131n\u0131n kayna\u011f\u0131 nedir, bu durum sana ne anlat\u0131yor olabilir ve en \u00f6nemlisi can s\u0131k\u0131nt\u0131nla nas\u0131l ba\u015f edebilirsin, hi\u00e7 d\u00fc\u015f\u00fcnd\u00fcn m\u00fc? Simla, s\u00fcrekli ofluyor ve \u00e7o\u011fu zaman bunun fark\u0131nda bile de\u011fil. Ne yapsa fayda etmiyor, arkada\u015flar\u0131yla gezmek, bilgisayar oyunu oynamak, kedisinin t\u00fcylerini taramak&#8230; Hi\u00e7biri can s\u0131k\u0131nt\u0131s\u0131na iyi gelmiyor! Ta ki, bir g\u00fcn odas\u0131nda onun gibi oturan, onun gibi somurtan, onun gibi y\u00fcr\u00fcyen, ONU TAKL\u0130T EDEN, kocaman, tuhaf bir vir\u00fcs g\u00f6rene kadar&#8230; Evet, bir vir\u00fcs! Bu vir\u00fcsten kurtulmaya \u00e7al\u0131\u015fmak Simla\u2019y\u0131 hi\u00e7 tahmin etmedi\u011fi bir maceran\u0131n ortas\u0131na b\u0131rakacak. Sen de bu macerada yerini almaya haz\u0131r m\u0131s\u0131n?<\/p>\n","protected":false},"excerpt":{"rendered":"<p>Bir g\u00fcnde ka\u00e7 kez can\u0131n s\u0131k\u0131l\u0131yor, sevgili okur?Can\u0131n s\u0131k\u0131ld\u0131\u011f\u0131nda nas\u0131l hissediyorsun, kafan\u0131n i\u00e7inde neler d\u00f6n\u00fcyor?Can s\u0131k\u0131nt\u0131n\u0131n kayna\u011f\u0131 nedir, bu durum sana ne anlat\u0131yor olabilir ve en<span class=\"excerpt-hellip\"> [\u2026]<\/span><\/p>\n","protected":false},"featured_media":0,"template":"","meta":{"_monsterinsights_skip_tracking":false,"_monsterinsights_sitenote_active":false,"_monsterinsights_sitenote_note":"","_monsterinsights_sitenote_category":0},"product_brand":[],"product_cat":[12274,12284],"product_tag":[],"class_list":{"0":"post-753339","1":"product","2":"type-product","3":"status-publish","5":"product_cat-cocuk-ve-genclik-kitaplari","6":"product_cat-hikayeler","7":"pa_cilt-ciltsiz","8":"pa_tur-kitap","9":"pa_yayinevi-timas-cocuk","10":"pa_yazar-irem-oturaklioglu-kaya","12":"first","13":"instock","14":"sale","15":"shipping-taxable","16":"purchasable","17":"product-type-simple"},"_links":{"self":[{"href":"https:\/\/roveyayinevi.com.tr\/index.php\/wp-json\/wp\/v2\/product\/753339","targetHints":{"allow":["GET"]}}],"collection":[{"href":"https:\/\/roveyayinevi.com.tr\/index.php\/wp-json\/wp\/v2\/product"}],"about":[{"href":"https:\/\/roveyayinevi.com.tr\/index.php\/wp-json\/wp\/v2\/types\/product"}],"wp:attachment":[{"href":"https:\/\/roveyayinevi.com.tr\/index.php\/wp-json\/wp\/v2\/media?parent=753339"}],"wp:term":[{"taxonomy":"product_brand","embeddable":true,"href":"https:\/\/roveyayinevi.com.tr\/index.php\/wp-json\/wp\/v2\/product_brand?post=753339"},{"taxonomy":"product_cat","embeddable":true,"href":"https:\/\/roveyayinevi.com.tr\/index.php\/wp-json\/wp\/v2\/product_cat?post=753339"},{"taxonomy":"product_tag","embeddable":true,"href":"https:\/\/roveyayinevi.com.tr\/index.php\/wp-json\/wp\/v2\/product_tag?post=753339"}],"curies":[{"name":"wp","href":"https:\/\/api.w.org\/{rel}","templated":true}]}}