{"id":753338,"date":"2025-08-28T05:40:49","date_gmt":"2025-08-28T02:40:49","guid":{"rendered":"https:\/\/roveyayinevi.com.tr\/index.php\/urun\/basima-gelen-acayip-seyler\/"},"modified":"2026-04-16T03:06:44","modified_gmt":"2026-04-16T00:06:44","slug":"basima-gelen-acayip-seyler","status":"publish","type":"product","link":"https:\/\/roveyayinevi.com.tr\/index.php\/urun\/basima-gelen-acayip-seyler\/","title":{"rendered":"Ba\u015f\u0131ma Gelen Acayip \u015eeyler"},"content":{"rendered":"<p>BA\u015eINIZA GELEN EN ACAY\u0130P \u015eEY NEYD\u0130?Tibet; topluluk \u00f6n\u00fcnde konu\u015fmaktan, her ne kadar soylar\u0131n\u0131n t\u00fckendi\u011fini bilse de dinozorlardan, mahallenin en iri \u00e7ocu\u011fu Ender\u2019den, soka\u011f\u0131n en belal\u0131 kedisi Eni\u015fte\u2019den k\u0131sacas\u0131 neredeyse her \u015feyden korkmaktad\u0131r. Bir sabah, okula gitmek \u00fczere kenardan kenardan y\u00fcr\u00fcrken ba\u015f\u0131na 48 numara bir ayakkab\u0131 d\u00fc\u015f\u00fcverir. Bu, ba\u015f\u0131na gelen ilk \u201cacayip\u201d \u015feydir. Tibet, korktu\u011fu her \u015feyin ba\u015f\u0131na gelmesiyle -ger\u00e7ekten ba\u015f\u0131na- inan\u0131lmaz bir g\u00fcn ge\u00e7irecek, \u00f6z g\u00fcvenini zedeleyen t\u00fcm \u00e7ekinceleriyle -soyu t\u00fckenen dinozorlar hari\u00e7- kar\u015f\u0131 kar\u015f\u0131ya gelecek. G\u00fcn\u00fcn sonunda Tibet, korkular\u0131ndan kurtulabilecek mi dersiniz?<\/p>\n","protected":false},"excerpt":{"rendered":"<p>BA\u015eINIZA GELEN EN ACAY\u0130P \u015eEY NEYD\u0130?Tibet; topluluk \u00f6n\u00fcnde konu\u015fmaktan, her ne kadar soylar\u0131n\u0131n t\u00fckendi\u011fini bilse de dinozorlardan, mahallenin en iri \u00e7ocu\u011fu Ender\u2019den, soka\u011f\u0131n en belal\u0131 kedisi<span class=\"excerpt-hellip\"> [\u2026]<\/span><\/p>\n","protected":false},"featured_media":0,"template":"","meta":{"_monsterinsights_skip_tracking":false,"_monsterinsights_sitenote_active":false,"_monsterinsights_sitenote_note":"","_monsterinsights_sitenote_category":0},"product_brand":[],"product_cat":[12274,12284],"product_tag":[],"class_list":{"0":"post-753338","1":"product","2":"type-product","3":"status-publish","5":"product_cat-cocuk-ve-genclik-kitaplari","6":"product_cat-hikayeler","7":"pa_cilt-ciltsiz","8":"pa_tur-kitap","9":"pa_yayinevi-timas-cocuk","10":"pa_yazar-ece-erdogus-levi","12":"first","13":"instock","14":"sale","15":"shipping-taxable","16":"purchasable","17":"product-type-simple"},"_links":{"self":[{"href":"https:\/\/roveyayinevi.com.tr\/index.php\/wp-json\/wp\/v2\/product\/753338","targetHints":{"allow":["GET"]}}],"collection":[{"href":"https:\/\/roveyayinevi.com.tr\/index.php\/wp-json\/wp\/v2\/product"}],"about":[{"href":"https:\/\/roveyayinevi.com.tr\/index.php\/wp-json\/wp\/v2\/types\/product"}],"wp:attachment":[{"href":"https:\/\/roveyayinevi.com.tr\/index.php\/wp-json\/wp\/v2\/media?parent=753338"}],"wp:term":[{"taxonomy":"product_brand","embeddable":true,"href":"https:\/\/roveyayinevi.com.tr\/index.php\/wp-json\/wp\/v2\/product_brand?post=753338"},{"taxonomy":"product_cat","embeddable":true,"href":"https:\/\/roveyayinevi.com.tr\/index.php\/wp-json\/wp\/v2\/product_cat?post=753338"},{"taxonomy":"product_tag","embeddable":true,"href":"https:\/\/roveyayinevi.com.tr\/index.php\/wp-json\/wp\/v2\/product_tag?post=753338"}],"curies":[{"name":"wp","href":"https:\/\/api.w.org\/{rel}","templated":true}]}}